{"id":44766,"date":"2025-07-14T17:34:04","date_gmt":"2025-07-14T15:34:04","guid":{"rendered":"https:\/\/arena-ticket.com\/?p=44766&#038;post_type=product&#038;preview_id=44766"},"modified":"2025-07-14T18:17:07","modified_gmt":"2025-07-14T16:17:07","slug":"jan-plewka-eine-art-solokonzert-leipzig-moritzbastei-14-04-2026-2000-uhr","status":"publish","type":"product","link":"https:\/\/arena-ticket.com\/en\/product\/jan-plewka-eine-art-solokonzert-leipzig-moritzbastei-14-04-2026-2000-uhr\/","title":{"rendered":"Jan Plewka  - Eine Art Solokonzert"},"content":{"rendered":"<p>Jan Plewka k\u00fcndigt f\u00fcr April 2026 seine Tour zum neuen Album \u201eEine Art Soloalbum\u201c an, das am 10. Oktober 2025 erscheint. Tickets gibt es ab sofort exklusiv auf eventim.de und ab Montag, den 14. Juli 2025 um 12:00 Uhr auch an allen bekannten Vorverkaufsstellen.<\/p>\n<p>F\u00fcnf Jahre hat Jan Plewka sich f\u00fcr sein neues Album, das beim Label Clouds Hill erscheint, Zeit genommen: \u201eEine Art Soloalbum\u201c ist einer Melange aus Musik und Kunst entsprungen. Die Lieder erz\u00e4hlen vom Kreislauf des Lebens im Rausch der Jahreszeiten, von Liebe, Tod, Schmerz und Sehnsucht, also: den gro\u00dfen und kleinen Fragen, die sich der Mensch stellt. Ein Universum mit seinem eigenen sinnlichen, verzaubernden und vor allem: ganz pers\u00f6nlichen Plewka-Sound.<\/p>\n<p>Mit dem neuen Album schl\u00e4gt Jan Plewka als Soloartist ein weiteres spannendes Kapitel seiner vielseitigen musikalischen Karriere auf: Bekannt wurde er als pr\u00e4gende Stimme der Rockband Selig, durch seine gefeierten Rio-Reiser-Interpretationen, Theaterarbeiten und seine Mitwirkung bei \u201eUnter meinem Bett\u201c. Mit \u201eEine Art Soloalbum\u201c r\u00fcckt Jan Plewka nun mehr denn je seine ganz eigene Handschrift und k\u00fcnstlerische Identit\u00e4t in den Vordergrund.<\/p>\n<p>Zum Erscheinungstag des Albums am 10. Oktober wird Jan Plewka die neue Musik erstmals live mit herausragender Band vorstellen \u2013 bei einem exklusiven Release- Konzert auf Kampnagel in Hamburg. Die dazugeh\u00f6rige Album-Tournee startet am 9. April 2026 und f\u00fchrt Jan Plewka durch neun St\u00e4dte in Deutschland.<\/p>","protected":false},"excerpt":{"rendered":"<p>Get your tickets here now!<\/p>","protected":false},"featured_media":44768,"template":"","meta":{"_acf_changed":false,"inline_featured_image":false},"product_brand":[],"product_cat":[31,69,86,446,35,6732,21,58],"product_tag":[6038,941,6037,942,943,998,944,947,948],"class_list":{"0":"post-44766","1":"product","2":"type-product","3":"status-publish","4":"has-post-thumbnail","6":"product_cat-events","7":"product_cat-konzert","8":"product_cat-leipzig","9":"product_cat-moritzbastei","10":"product_cat-orte","11":"product_cat-rock-hard-rock","12":"product_cat-ticket","13":"product_cat-veranstaltung","14":"product_tag-eine-art-solokonzert","15":"product_tag-events","16":"product_tag-jan-plewka","17":"product_tag-konzert","18":"product_tag-leipzig","19":"product_tag-moritzbastei","20":"product_tag-orte","21":"product_tag-ticket","22":"product_tag-veranstaltung","23":"product_shipping_class-nur_paketversand","24":"pa_discount-normalpreis","25":"pa_preiskategorie-stehplatz","27":"first","28":"instock","29":"taxable","30":"shipping-taxable","31":"purchasable","32":"product-type-variable","33":"has-default-attributes"},"group_of_quantity":0,"min_quantity":0,"max_quantity":"","exclude_order_quantity_value_rules":"no","exclude_category_quantity_rules":"no","combine_variations":"no","acf":[],"_links":{"self":[{"href":"https:\/\/arena-ticket.com\/en\/wp-json\/wp\/v2\/product\/44766","targetHints":{"allow":["GET"]}}],"collection":[{"href":"https:\/\/arena-ticket.com\/en\/wp-json\/wp\/v2\/product"}],"about":[{"href":"https:\/\/arena-ticket.com\/en\/wp-json\/wp\/v2\/types\/product"}],"wp:featuredmedia":[{"embeddable":true,"href":"https:\/\/arena-ticket.com\/en\/wp-json\/wp\/v2\/media\/44768"}],"wp:attachment":[{"href":"https:\/\/arena-ticket.com\/en\/wp-json\/wp\/v2\/media?parent=44766"}],"wp:term":[{"taxonomy":"product_brand","embeddable":true,"href":"https:\/\/arena-ticket.com\/en\/wp-json\/wp\/v2\/product_brand?post=44766"},{"taxonomy":"product_cat","embeddable":true,"href":"https:\/\/arena-ticket.com\/en\/wp-json\/wp\/v2\/product_cat?post=44766"},{"taxonomy":"product_tag","embeddable":true,"href":"https:\/\/arena-ticket.com\/en\/wp-json\/wp\/v2\/product_tag?post=44766"}],"curies":[{"name":"wp","href":"https:\/\/api.w.org\/{rel}","templated":true}]}}