{"id":44769,"date":"2025-07-14T18:05:39","date_gmt":"2025-07-14T16:05:39","guid":{"rendered":"https:\/\/arena-ticket.com\/?p=44769&#038;post_type=product&#038;preview_id=44769"},"modified":"2025-10-27T11:40:35","modified_gmt":"2025-10-27T10:40:35","slug":"spilif-elouise-tour-2025-leipzig-moritzbastei-15-11-2025-2000-uhr","status":"publish","type":"product","link":"https:\/\/arena-ticket.com\/en\/product\/spilif-elouise-tour-2025-leipzig-moritzbastei-15-11-2025-2000-uhr\/","title":{"rendered":"Spilif -  Elouise Tour 2025"},"content":{"rendered":"<p>Spilif - \u201eElouise\u201c Tour 2025Die Innsbrucker Rapperin Spilif z\u00e4hlt zu den spannendsten Stimmen des deutschsprachigen Hip-Hop. Mit tiefgr\u00fcndigen, philosophischen und selbstreflektierten Texten und einem Live-Bandsound zwischen Hip-Hop, Indie und Jazz begeistert sie gekonnt ihr Publikum.<\/p>\n<p>Ausgezeichnet mit Nominierungen f\u00fcr den gr\u00f6\u00dften Musikpreis \u00d6sterreichs, den AAMA Amadeus Austrian Music Award (2024 &amp; 2025 in \u201eHip Hop \/ Urban\u201c), den Preis der deutschen Schallplattenkritik oder bei den Austrian Hip Hop Awards (\u201eAct of the Year\u201c, \u201eAlbum of the Year\u201c), kehrt Spilif im Herbst 2025 mit neuer Musik zur\u00fcck: Am 24.10. erscheint ihr zweites Album \u201eElouise\u201c \u2013 der Auftakt f\u00fcr eine umfassende Tour durch \u00d6sterreich und Deutschland.<\/p>\n<p>Begleitet von ihrer Live-Band bringt Spilif ihre wortgewandte, energetische Musik auf die B\u00fchne. Ein Konzerterlebnis f\u00fcr alle, die wortgewandten Hip-Hop mit gro\u00dfer Musikalit\u00e4t feiern. <\/p>","protected":false},"excerpt":{"rendered":"<p>Die Innsbrucker Rapperin Spilif z\u00e4hlt zu den spannendsten Stimmen des deutschsprachigen Hip-Hop. Mit ihrem Live-Bandsound zwischen Hip-Hop, Indie und Jazz begeistert sie gekonnt ihr Publikum.<\/p>","protected":false},"featured_media":52912,"template":"","meta":{"_acf_changed":false,"inline_featured_image":false},"product_brand":[],"product_cat":[31,6737,69,86,446,35,21,58],"product_tag":[6042,941,942,943,998,944,6041,947,948],"class_list":{"0":"post-44769","1":"product","2":"type-product","3":"status-publish","4":"has-post-thumbnail","6":"product_cat-events","7":"product_cat-hip-hop-rnb","8":"product_cat-konzert","9":"product_cat-leipzig","10":"product_cat-moritzbastei","11":"product_cat-orte","12":"product_cat-ticket","13":"product_cat-veranstaltung","14":"product_tag-elouise-tour-2025","15":"product_tag-events","16":"product_tag-konzert","17":"product_tag-leipzig","18":"product_tag-moritzbastei","19":"product_tag-orte","20":"product_tag-spilif","21":"product_tag-ticket","22":"product_tag-veranstaltung","23":"product_shipping_class-nur_paketversand","24":"pa_discount-normalpreis","25":"pa_preiskategorie-stehplatz","27":"first","28":"outofstock","29":"taxable","30":"shipping-taxable","31":"purchasable","32":"product-type-variable","33":"has-default-attributes"},"group_of_quantity":0,"min_quantity":0,"max_quantity":"","exclude_order_quantity_value_rules":"no","exclude_category_quantity_rules":"no","combine_variations":"no","acf":[],"_links":{"self":[{"href":"https:\/\/arena-ticket.com\/en\/wp-json\/wp\/v2\/product\/44769","targetHints":{"allow":["GET"]}}],"collection":[{"href":"https:\/\/arena-ticket.com\/en\/wp-json\/wp\/v2\/product"}],"about":[{"href":"https:\/\/arena-ticket.com\/en\/wp-json\/wp\/v2\/types\/product"}],"wp:featuredmedia":[{"embeddable":true,"href":"https:\/\/arena-ticket.com\/en\/wp-json\/wp\/v2\/media\/52912"}],"wp:attachment":[{"href":"https:\/\/arena-ticket.com\/en\/wp-json\/wp\/v2\/media?parent=44769"}],"wp:term":[{"taxonomy":"product_brand","embeddable":true,"href":"https:\/\/arena-ticket.com\/en\/wp-json\/wp\/v2\/product_brand?post=44769"},{"taxonomy":"product_cat","embeddable":true,"href":"https:\/\/arena-ticket.com\/en\/wp-json\/wp\/v2\/product_cat?post=44769"},{"taxonomy":"product_tag","embeddable":true,"href":"https:\/\/arena-ticket.com\/en\/wp-json\/wp\/v2\/product_tag?post=44769"}],"curies":[{"name":"wp","href":"https:\/\/api.w.org\/{rel}","templated":true}]}}