{"id":44772,"date":"2025-07-14T18:10:18","date_gmt":"2025-07-14T16:10:18","guid":{"rendered":"https:\/\/arena-ticket.com\/?p=44772&#038;post_type=product&#038;preview_id=44772"},"modified":"2025-10-27T11:43:54","modified_gmt":"2025-10-27T10:43:54","slug":"kauta-tagebuch-tour-2026-leipzig-moritzbastei-24-01-2026-2000-uhr","status":"publish","type":"product","link":"https:\/\/arena-ticket.com\/en\/product\/kauta-tagebuch-tour-2026-leipzig-moritzbastei-24-01-2026-2000-uhr\/","title":{"rendered":"KAUTA  - Tagebuch Tour 2026"},"content":{"rendered":"<p>Seit Erscheinen ihrer Deb\u00fctsingle \u201eKennt sie mich noch?\u201c im November 2022 ist die S\u00e4ngerin Kauta dabei, sich einen festen Platz in der deutschen Musiklandschaft zu sichern. Mit ihrer Teilnahme an Samis Online-Castingformat \u201eRap La Rue\u201c im Sommer 2023 kommt sie diesem Ziel ein gro\u00dfes St\u00fcck n\u00e4her. Der dabei entstandene Song \u201eEgal\u201c mit Rapper Aymen geht erst auf TikTok und anschlie\u00dfend bei den einschl\u00e4gigen Streamingdiensten durch die Decke, wodurch die geb\u00fcrtige Bonnerin mit marokkanischen Wurzeln ihren Bekanntheitsgrad enorm steigern kann. Auch Kollabos und Features, etwa mit Milano f\u00fcr den Track \u201eOn\/Off\u201c oder mit Lune auf \u201eNaNa\u201c verhelfen Kauta zu ihrem Status als angesagte Newcomerin.<\/p>\n<p>Kauta, deren b\u00fcrgerlicher Name Kaouthar Boulfazat lautet, ist ein wahres Multitalent. 2020 ist sie als Samira in der TV-Serie GangstarZ zu sehen, zu der sie auch gleich den Titelsong \u201eAlles f\u00fcr mein Ziel\u201c sowie das Lied \u201eWo ich herkomm\u201c beisteuert. In ihrer Rolle tr\u00e4umt sie von einer Karriere als S\u00e4ngerin \u2013 im wahren Leben hat sie diesen Traum Realit\u00e4t werden lassen. Auf Singles der Sorte \u201eLa La La\u201c, \u201eUnsichtbar\u201c oder \u201eAnders\u201c verkn\u00fcpft sie Urban-Pop-Melodien mit authentischen deutsch- und teils marokkanischsprachigen Texten, die sie alle selbst verfasst. Neue Songs teasert sie selbstverst\u00e4ndlich auf ihren Socials an, wo sie dar\u00fcber hinaus auch andere Inhalte teilt. Noch mehr Kauta gibt es im Podcast \u201eWas w\u00fcrde Baba sagen\u201c, den sie gemeinsam mit Marcel Aburakia hostet.<\/p>\n<p>Kauta bei Rap La Rue und danach<\/p>\n<p>Kauta macht und kann also so einiges \u2013 und findet damit bei immer mehr Leuten Anklang. Im Vordergrund steht dabei ganz klar die Musik. \u201eIch will so viel\u201c singt Kauta Anfang 2023 und \u00fcberlegt anschlie\u00dfend \u201eWas w\u00e4re wenn\u201c. Was w\u00e4re, wenn sie einiges von dem, was sie will, erreicht, das erlebt sie wenig sp\u00e4ter. \u201eRap La Rue\u201c erweist sich als Sprungbrett f\u00fcr die S\u00e4ngerin, die zu diesem Zeitpunkt bereits mehrere Jahre auf ihren heutigen Erfolg hingearbeitet hat. Im Rahmen des Formats entsteht eine ganze Reihe neuer Songs, darunter \u201eSafi Safi\u201c, \u201eSeit Tagen\u201c, \u201eEgal\u201c mit Aymen, \u201eBaile\u201c mit Amo und Haaland 936, \u201eYoum\u201c, \u201eC\u2019est pas la m\u00eame\u201c und \u201emalade\u201c. Auch im Anschluss an Rap La Rue erh\u00e4lt Kauta mit Songs wie \u201eLa La La\u201c oder \u201eUnsichtbar\u201c Streams in Millionenh\u00f6he. Offensichtlich konnte sie dank ihrer Auftritten in der YouTube-Castingsendung zahlreiche neue Fans hinzugewinnen.<\/p>\n<p>Den Grundstein f\u00fcr ihre Karriere hat Kauta also gelegt. Ihre H\u00f6rerschaft nimmt jede neue Single dankbar auf und wartet bereits auf die n\u00e4chste \u2013 und darauf, dass die S\u00e4ngerin ihre Lieder auf Tour live pr\u00e4sentiert. Kauta sollte man unbedingt im Auge behalten.<\/p>","protected":false},"excerpt":{"rendered":"<p>Get your tickets here now!<\/p>","protected":false},"featured_media":52916,"template":"","meta":{"_acf_changed":false,"inline_featured_image":false},"product_brand":[],"product_cat":[31,6737,69,86,446,35,21,58],"product_tag":[941,6039,942,943,998,944,6040,947,948],"class_list":{"0":"post-44772","1":"product","2":"type-product","3":"status-publish","4":"has-post-thumbnail","6":"product_cat-events","7":"product_cat-hip-hop-rnb","8":"product_cat-konzert","9":"product_cat-leipzig","10":"product_cat-moritzbastei","11":"product_cat-orte","12":"product_cat-ticket","13":"product_cat-veranstaltung","14":"product_tag-events","15":"product_tag-kauta","16":"product_tag-konzert","17":"product_tag-leipzig","18":"product_tag-moritzbastei","19":"product_tag-orte","20":"product_tag-tagebuch-tour-2026","21":"product_tag-ticket","22":"product_tag-veranstaltung","23":"product_shipping_class-nur_paketversand","24":"pa_discount-normalpreis","25":"pa_preiskategorie-stehplatz","27":"first","28":"outofstock","29":"taxable","30":"shipping-taxable","31":"purchasable","32":"product-type-variable","33":"has-default-attributes"},"group_of_quantity":0,"min_quantity":0,"max_quantity":"","exclude_order_quantity_value_rules":"no","exclude_category_quantity_rules":"no","combine_variations":"no","acf":[],"_links":{"self":[{"href":"https:\/\/arena-ticket.com\/en\/wp-json\/wp\/v2\/product\/44772","targetHints":{"allow":["GET"]}}],"collection":[{"href":"https:\/\/arena-ticket.com\/en\/wp-json\/wp\/v2\/product"}],"about":[{"href":"https:\/\/arena-ticket.com\/en\/wp-json\/wp\/v2\/types\/product"}],"wp:featuredmedia":[{"embeddable":true,"href":"https:\/\/arena-ticket.com\/en\/wp-json\/wp\/v2\/media\/52916"}],"wp:attachment":[{"href":"https:\/\/arena-ticket.com\/en\/wp-json\/wp\/v2\/media?parent=44772"}],"wp:term":[{"taxonomy":"product_brand","embeddable":true,"href":"https:\/\/arena-ticket.com\/en\/wp-json\/wp\/v2\/product_brand?post=44772"},{"taxonomy":"product_cat","embeddable":true,"href":"https:\/\/arena-ticket.com\/en\/wp-json\/wp\/v2\/product_cat?post=44772"},{"taxonomy":"product_tag","embeddable":true,"href":"https:\/\/arena-ticket.com\/en\/wp-json\/wp\/v2\/product_tag?post=44772"}],"curies":[{"name":"wp","href":"https:\/\/api.w.org\/{rel}","templated":true}]}}