{"id":44775,"date":"2025-07-14T18:18:32","date_gmt":"2025-07-14T16:18:32","guid":{"rendered":"https:\/\/arena-ticket.com\/?p=44775&#038;post_type=product&#038;preview_id=44775"},"modified":"2025-10-27T11:41:32","modified_gmt":"2025-10-27T10:41:32","slug":"ansu-zaeune-tour-2025-leipzig-moritzbastei-09-12-2025-2000-uhr","status":"publish","type":"product","link":"https:\/\/arena-ticket.com\/en\/product\/ansu-zaeune-tour-2025-leipzig-moritzbastei-09-12-2025-2000-uhr\/","title":{"rendered":"Ansu - Z\u00e4une Tour 2025"},"content":{"rendered":"<p>Ansu geht wieder auf Tour. Und wer seine letzten Releases verfolgt hat, wei\u00df: Da bahnt sich etwas an. Mit neuen Songs, neuer Energie und bekannten Themen meldet sich der Rapper aus Hamburg-St. Georg zur\u00fcck \u2013 direkt, konfrontativ, klug. Die Z\u00c4UNE TOUR 2025 f\u00fchrt ihn durch elf St\u00e4dte in Deutschland, \u00d6sterreich und der Schweiz.<\/p>\n<p>Seit seinem Deb\u00fct hat sich Ansu konsequent weiterentwickelt: musikalisch, visuell, live. Statt Flex kommt Haltung, statt Hype kommt Substanz. Seine Texte erz\u00e4hlen vom Aufwachsen zwischen Systemen, vom Leben zwischen Zeilen \u2013 und davon, wie man sich aus Z\u00e4unen befreit, die andere gebaut haben. Oder man selbst.<\/p>","protected":false},"excerpt":{"rendered":"<p>Ansu geht auf \"Z\u00c4UNE TOUR 2025\"!<\/p>","protected":false},"featured_media":52914,"template":"","meta":{"_acf_changed":false,"inline_featured_image":false},"product_brand":[],"product_cat":[31,6737,69,86,446,35,21,58],"product_tag":[6043,941,942,943,998,944,947,948,6044],"class_list":{"0":"post-44775","1":"product","2":"type-product","3":"status-publish","4":"has-post-thumbnail","6":"product_cat-events","7":"product_cat-hip-hop-rnb","8":"product_cat-konzert","9":"product_cat-leipzig","10":"product_cat-moritzbastei","11":"product_cat-orte","12":"product_cat-ticket","13":"product_cat-veranstaltung","14":"product_tag-ansu","15":"product_tag-events","16":"product_tag-konzert","17":"product_tag-leipzig","18":"product_tag-moritzbastei","19":"product_tag-orte","20":"product_tag-ticket","21":"product_tag-veranstaltung","22":"product_tag-zaeune-tour-2025","23":"product_shipping_class-nur_paketversand","24":"pa_discount-normalpreis","25":"pa_preiskategorie-stehplatz","27":"first","28":"outofstock","29":"taxable","30":"shipping-taxable","31":"purchasable","32":"product-type-variable","33":"has-default-attributes"},"group_of_quantity":0,"min_quantity":0,"max_quantity":"","exclude_order_quantity_value_rules":"no","exclude_category_quantity_rules":"no","combine_variations":"no","acf":[],"_links":{"self":[{"href":"https:\/\/arena-ticket.com\/en\/wp-json\/wp\/v2\/product\/44775","targetHints":{"allow":["GET"]}}],"collection":[{"href":"https:\/\/arena-ticket.com\/en\/wp-json\/wp\/v2\/product"}],"about":[{"href":"https:\/\/arena-ticket.com\/en\/wp-json\/wp\/v2\/types\/product"}],"wp:featuredmedia":[{"embeddable":true,"href":"https:\/\/arena-ticket.com\/en\/wp-json\/wp\/v2\/media\/52914"}],"wp:attachment":[{"href":"https:\/\/arena-ticket.com\/en\/wp-json\/wp\/v2\/media?parent=44775"}],"wp:term":[{"taxonomy":"product_brand","embeddable":true,"href":"https:\/\/arena-ticket.com\/en\/wp-json\/wp\/v2\/product_brand?post=44775"},{"taxonomy":"product_cat","embeddable":true,"href":"https:\/\/arena-ticket.com\/en\/wp-json\/wp\/v2\/product_cat?post=44775"},{"taxonomy":"product_tag","embeddable":true,"href":"https:\/\/arena-ticket.com\/en\/wp-json\/wp\/v2\/product_tag?post=44775"}],"curies":[{"name":"wp","href":"https:\/\/api.w.org\/{rel}","templated":true}]}}