{"id":44778,"date":"2025-07-14T18:25:18","date_gmt":"2025-07-14T16:25:18","guid":{"rendered":"https:\/\/arena-ticket.com\/?p=44778&#038;post_type=product&#038;preview_id=44778"},"modified":"2025-07-14T18:33:52","modified_gmt":"2025-07-14T16:33:52","slug":"2ersitz-no-pressure-tour-2025-leipzig-moritzbastei-04-11-2025-2000-uhr","status":"publish","type":"product","link":"https:\/\/arena-ticket.com\/en\/product\/2ersitz-no-pressure-tour-2025-leipzig-moritzbastei-04-11-2025-2000-uhr\/","title":{"rendered":"2ersitz - No Pressure Tour 2025"},"content":{"rendered":"<p>2ersitz sind zur\u00fcck - nicht nur mit neuer Musik, sondern nat\u00fcrlich auch auf den B\u00fchnen des Landes. Auf Teil 1 ihrer \u201eNo Pressure Tour\u201c spielt sich die Band durch 9 ihrer Lieblingsst\u00e4dte. Die St\u00e4dte die dieses Mal nicht dabei sind, gibt es dann bei Teil 2 der Tour im Fr\u00fchjahr 2026.Die Indie-Pop-Band aus Leipzig hat sich eine Zeit lang im Studio eingeschlossen und an neuer Musik gearbeitet \u2013 fast an einem neuen Stil. Jetzt ist alles neu, klingt aber dennoch vertraut und vor allem nach der besten Musik, die die vier Musiker aus Leipzig bisher geschrieben haben. Mandarf bereits verraten: Es wurde und wird an einem Album gearbeitet.<\/p>\n<p>Die Ehrlichkeit, mit der die vier Freunde aus Leipzig auf die B\u00fchne gehen, ist in der deutschen Poplandschaft zur Seltenheit geworden. Mit ihren Liveauftritten in ganz Deutschland hat sich2ersitz inzwischen eine stetig wachsende Fanbase erspielt. S\u00e4nger Joke textet zwischen heiler Welt, politischem Umbruch und emotionalem Aufruhr und hat daf\u00fcr eine ganz eigene Sprachegefunden. Zwischen Gitarre, Bass und Schlagzeug \u00f6ffnet sich eine \u00fcberraschend vielseitige Klangwelt, die mal albern und lustig, mal sehr intim und pers\u00f6nlich oder auch einfach nur schnell, laut und fr\u00f6hlich sein kann. F\u00fcr ihre Musik wurden 2ersitz bereits mit mehreren Preisen geehrt \u2013zuletzt mit dem Rio-Reiser-Preis und dem Panikpreis von Udo Lindenberg.<\/p>\n<p>pr\u00e4sentiert von: Untoldency, Frontstage.<\/p>","protected":false},"excerpt":{"rendered":"<p>2ersitz sind zur\u00fcck - nicht nur mit neuer Musik, sondern nat\u00fcrlich auch auf den B\u00fchnen des Landes.<\/p>","protected":false},"featured_media":44780,"template":"","meta":{"_acf_changed":false,"inline_featured_image":false},"product_brand":[],"product_cat":[31,69,86,446,35,6733,21,58],"product_tag":[6045,941,942,943,998,6046,944,947,948],"class_list":{"0":"post-44778","1":"product","2":"type-product","3":"status-publish","4":"has-post-thumbnail","6":"product_cat-events","7":"product_cat-konzert","8":"product_cat-leipzig","9":"product_cat-moritzbastei","10":"product_cat-orte","11":"product_cat-pop","12":"product_cat-ticket","13":"product_cat-veranstaltung","14":"product_tag-2ersitz","15":"product_tag-events","16":"product_tag-konzert","17":"product_tag-leipzig","18":"product_tag-moritzbastei","19":"product_tag-no-pressure-tour-2025","20":"product_tag-orte","21":"product_tag-ticket","22":"product_tag-veranstaltung","23":"product_shipping_class-nur_paketversand","24":"pa_discount-normalpreis","25":"pa_preiskategorie-stehplatz","27":"first","28":"instock","29":"taxable","30":"shipping-taxable","31":"purchasable","32":"product-type-variable","33":"has-default-attributes"},"group_of_quantity":0,"min_quantity":0,"max_quantity":"","exclude_order_quantity_value_rules":"no","exclude_category_quantity_rules":"no","combine_variations":"no","acf":[],"_links":{"self":[{"href":"https:\/\/arena-ticket.com\/en\/wp-json\/wp\/v2\/product\/44778","targetHints":{"allow":["GET"]}}],"collection":[{"href":"https:\/\/arena-ticket.com\/en\/wp-json\/wp\/v2\/product"}],"about":[{"href":"https:\/\/arena-ticket.com\/en\/wp-json\/wp\/v2\/types\/product"}],"wp:featuredmedia":[{"embeddable":true,"href":"https:\/\/arena-ticket.com\/en\/wp-json\/wp\/v2\/media\/44780"}],"wp:attachment":[{"href":"https:\/\/arena-ticket.com\/en\/wp-json\/wp\/v2\/media?parent=44778"}],"wp:term":[{"taxonomy":"product_brand","embeddable":true,"href":"https:\/\/arena-ticket.com\/en\/wp-json\/wp\/v2\/product_brand?post=44778"},{"taxonomy":"product_cat","embeddable":true,"href":"https:\/\/arena-ticket.com\/en\/wp-json\/wp\/v2\/product_cat?post=44778"},{"taxonomy":"product_tag","embeddable":true,"href":"https:\/\/arena-ticket.com\/en\/wp-json\/wp\/v2\/product_tag?post=44778"}],"curies":[{"name":"wp","href":"https:\/\/api.w.org\/{rel}","templated":true}]}}