{"id":44781,"date":"2025-07-14T18:31:19","date_gmt":"2025-07-14T16:31:19","guid":{"rendered":"https:\/\/arena-ticket.com\/?p=44781&#038;post_type=product&#038;preview_id=44781"},"modified":"2025-07-25T11:08:39","modified_gmt":"2025-07-25T09:08:39","slug":"rowli-waers-der-letzte-tag-tour-2025-leipzig-moritzbastei-05-11-2025-2000-uhr","status":"publish","type":"product","link":"https:\/\/arena-ticket.com\/en\/product\/rowli-waers-der-letzte-tag-tour-2025-leipzig-moritzbastei-05-11-2025-2000-uhr\/","title":{"rendered":"Rowli - W\u00e4r's der letzte Tag - Tour 2025"},"content":{"rendered":"<p>Die erste Runde war ein No-Brainer \u2013 f\u00fcnf Shows, f\u00fcnfmal ausverkauft. Nicht schlecht f\u00fcr die erste eigene Tour. Jetzt gibt\u2019s Nachschub: Im Herbst legt Rowli nach und bringt seine \u201eW\u00e4r\u2019s der letzte Tag\u201c-Tour f\u00fcr f\u00fcnf weitere Dates back auf die B\u00fchne. Was Rowli live macht, kann man nicht einfach in eine Schublade stecken \u2013 und genau das macht ihn aus. Zwischen roher Energie und ehrlichen Momenten, zwischen Turn-Up und Nostalgie, zwischen Rap, Rock und Pop. Einer, der keine Regeln befolgt, sondern einfach Musik macht, die nach ihm klingt.<\/p>\n<p>Mit seinem Wir sind Helden-Cover \u201eNur ein Wort\u201c (feat. Hank) hat er 2022 den Nerv der Zeit getroffen \u2013 20 Millionen Streams sp\u00e4ter ist klar: Rowli bleibt. \u201eDon\u2019t Grow Up (It\u2019s a Trap)\u201c, sein aktuelles Tape, klingt nach allem, was es gerade braucht. Zwischen bitters\u00fc\u00dfer Melancholie und Turn-Up-Vibes erz\u00e4hlt er von Heartbreaks, Selbstzweifeln und diesem einen Moment, in dem man glaubt, alles k\u00f6nnte f\u00fcr immer so bleiben.<\/p>\n<p>Rowli \u00fcberzeugt live genauso wie im Studio. Seine Songs sind der Soundtrack f\u00fcr sp\u00e4te N\u00e4chte, lange Gespr\u00e4che und Konzerte, die man ganz bestimmt nicht vergessen wird.<\/p>","protected":false},"excerpt":{"rendered":"<p>Rowli geht im November 2025 erneut auf \u201aW\u00e4r\u2019s der letzte Tag-Tour<\/p>","protected":false},"featured_media":44783,"template":"","meta":{"_acf_changed":false,"inline_featured_image":false},"product_brand":[],"product_cat":[31,6737,69,86,446,35,21,58],"product_tag":[941,942,943,998,944,6047,947,948,6048],"class_list":{"0":"post-44781","1":"product","2":"type-product","3":"status-publish","4":"has-post-thumbnail","6":"product_cat-events","7":"product_cat-hip-hop-rnb","8":"product_cat-konzert","9":"product_cat-leipzig","10":"product_cat-moritzbastei","11":"product_cat-orte","12":"product_cat-ticket","13":"product_cat-veranstaltung","14":"product_tag-events","15":"product_tag-konzert","16":"product_tag-leipzig","17":"product_tag-moritzbastei","18":"product_tag-orte","19":"product_tag-rowli","20":"product_tag-ticket","21":"product_tag-veranstaltung","22":"product_tag-waers-der-letzte-tag-tour-2025","23":"product_shipping_class-nur_paketversand","24":"pa_discount-normalpreis","25":"pa_preiskategorie-stehplatz","27":"first","28":"instock","29":"taxable","30":"shipping-taxable","31":"purchasable","32":"product-type-variable","33":"has-default-attributes"},"group_of_quantity":0,"min_quantity":0,"max_quantity":"","exclude_order_quantity_value_rules":"no","exclude_category_quantity_rules":"no","combine_variations":"no","acf":[],"_links":{"self":[{"href":"https:\/\/arena-ticket.com\/en\/wp-json\/wp\/v2\/product\/44781","targetHints":{"allow":["GET"]}}],"collection":[{"href":"https:\/\/arena-ticket.com\/en\/wp-json\/wp\/v2\/product"}],"about":[{"href":"https:\/\/arena-ticket.com\/en\/wp-json\/wp\/v2\/types\/product"}],"wp:featuredmedia":[{"embeddable":true,"href":"https:\/\/arena-ticket.com\/en\/wp-json\/wp\/v2\/media\/44783"}],"wp:attachment":[{"href":"https:\/\/arena-ticket.com\/en\/wp-json\/wp\/v2\/media?parent=44781"}],"wp:term":[{"taxonomy":"product_brand","embeddable":true,"href":"https:\/\/arena-ticket.com\/en\/wp-json\/wp\/v2\/product_brand?post=44781"},{"taxonomy":"product_cat","embeddable":true,"href":"https:\/\/arena-ticket.com\/en\/wp-json\/wp\/v2\/product_cat?post=44781"},{"taxonomy":"product_tag","embeddable":true,"href":"https:\/\/arena-ticket.com\/en\/wp-json\/wp\/v2\/product_tag?post=44781"}],"curies":[{"name":"wp","href":"https:\/\/api.w.org\/{rel}","templated":true}]}}