{"id":44839,"date":"2025-07-15T11:42:23","date_gmt":"2025-07-15T09:42:23","guid":{"rendered":"https:\/\/arena-ticket.com\/?p=44839&#038;post_type=product&#038;preview_id=44839"},"modified":"2026-02-17T10:44:32","modified_gmt":"2026-02-17T09:44:32","slug":"zsa-zsa-thirst-trap-tour-v2-2026-leipzig-felsenkeller-13-13-2026-2000-uhr","status":"publish","type":"product","link":"https:\/\/arena-ticket.com\/en\/product\/zsa-zsa-thirst-trap-tour-v2-2026-leipzig-felsenkeller-13-13-2026-2000-uhr\/","title":{"rendered":"Zs\u00e1 Zs\u00e1  - Thirst Trap Tour V2 2026"},"content":{"rendered":"<p>verlegt vom 13.03.2026 auf den 21.10.2026, Karten behalten ihre G\u00fcltigkeit.<\/p>\n<p>&nbsp;<\/p>\n<p>Zs\u00e1 Zs\u00e1 Inci B\u00fcrkle f\u00fchrt kein gew\u00f6hnliches Leben. Schon als Kind wird sie in ihrer Rolle als Trude in der erfolgreichen Filmreihe \u201eDie wilden H\u00fchner\u201c zum Star. Mit ihrer Mutter lebt sie im Laufe der Jahre in Berlin, London und L.A. Auch nach den \u201ewilden H\u00fchnern\u201c ist sie regelm\u00e4\u00dfig im deutschen Fernsehen zu sehen. Dass die Kosmopolitin nicht \u201enur\u201c schauspielern kann, sondern auch musikalisches Talent besitzt, beweist sie 2022 mit ihrer Deb\u00fct-EP \u201eHarmony\u201c. 2024 \u00fcberrascht Zs\u00e1 Zs\u00e1 ihre zahlreichen Fans und Follower erneut, als sie mit \u201eEr kriegt mich nicht\u201c ihre erste deutschsprachige Single pr\u00e4sentiert.<\/p>\n<p>Zs\u00e1 Zs\u00e1: Zu Hause in der Welt \u2013 und in Berlin<br \/>\nGeboren 1995 im baden-w\u00fcrttembergischen Pforzheim, w\u00e4chst Zs\u00e1 Zs\u00e1 Inci B\u00fcrkle zun\u00e4chst in der d\u00f6rflichen Idylle von Straubenhardt-Ottenhausen auf. Im Alter von sechs Jahren zieht sie mit ihrer alleinerziehenden Mutter in die Hauptstadt. Als sie neun ist, steht sie das erste Mal vor der Kamera. Nach einem Jahr in London nimmt ihre Mutter sie mit 14 Jahren mit in die USA. In Los Angeles macht Zs\u00e1 Zs\u00e1 ihren High-School-Abschluss und sp\u00e4ter ihre Schauspielausbildung am renommierten Lee Strasberg Theatre &amp; Film Institute. Dar\u00fcber hinaus z\u00e4hlt Colorado zu den Stationen ihres Lebens. Doch nach all diesen Orten und Erfahrungen zieht es sie schlie\u00dflich doch wieder nach Berlin, wo Zs\u00e1 Zs\u00e1 2021 ihre Musikkarriere mit der Deb\u00fctsingle \u201eScare Me\u201c einl\u00e4utet.<\/p>\n<p>Erste Singles und die \u201eHarmony\u201c-EP<br \/>\nSchon immer hat Musik f\u00fcr Zs\u00e1 Zs\u00e1 eine wichtige Rolle gespielt, allerdings behandelte das von Kindesbeinen in der \u00d6ffentlichkeit stehende Multitalent diese Seite von sich eher privat. Erste Versuche als Songwriterin unternimmt sie schon, als sie mit etwa 11 Jahren vor\u00fcbergehend in London lebt. Wohl deshalb und wegen ihrer Aufenthalte in den USA schreibt sie ihre ersten Lyrics auf Englisch. So tragen ihre Singles 2021 und 2022 die Titel \u201eScare Me\u201c, \u201ePull Up Flex\u201c und \u201eIssues\u201c und die erste EP \u201eHarmony\u201c enth\u00e4lt ausschlie\u00dflich englischsprachige Tracks. Auch die darauffolgenden Songs \u2013 \u201eImposter\u201c; \u201eYour Brother\u201c, \u201eMadness\u201c, \u201eNot Nice\u201c und \u201eStrawberry\u201c \u2013 singt sie auf Englisch. Zs\u00e1 Zs\u00e1s Sound, der von verschiedenen Einfl\u00fcssen gepr\u00e4gt ist, l\u00e4sst sich dabei dem Hyperpop zuordnen. Textlich besch\u00e4ftigt sich die Newcomerin mit Themen wie eigenen Schw\u00e4chen, Verletzlichkeit und pers\u00f6nlichen \u201eIssues\u201c, aber auch mit Selbstbestimmung und Selbstakzeptanz.<\/p>\n<p>Zs\u00e1 Zs\u00e1 wechselt die Sprache<br \/>\n2024 hei\u00dft es dann: Neues Jahr, neue Zs\u00e1 Zs\u00e1. \u201eEr kriegt mich nicht\u201c rappt sie pl\u00f6tzlich auf Deutsch. Der Sprachwechsel ist also nicht die einzige Ver\u00e4nderung \u2013 sie rappt auch statt zu singen. Dass es sich dabei nicht etwa um ein einmaliges Experiment handelt, zeigt die Nachfolgesingle \u201e\u00c4rger\u201c. Von den Lyrics bis zu den Musikvideos strotzen beide Nummern nur so vor Selbstbewusstsein. \u201eEr kriegt mich nicht\u201c ist eine Hymne an die Freundschaft unter \u201egirls\u201c und eine klare Ansage an ein Typen, den Zs\u00e1 Zs\u00e1 in ihrem Songtext abschie\u00dft. \u201e\u00c4rger\u201c handelt von anz\u00fcglichen Blicken und Catcalling: \u201eOh Shit, immer \u00c4rger, wenn wir rausgeh\u2019n. Typen tun wieder so, als w\u00fcrden sie nie Haut seh\u2019n\u201c. Davon k\u00f6nnen viele Frauen ein Lied singen \u2013 oder rappen.<\/p>\n<p>Ob als Schauspielerin oder Musikerin \u2013 Zs\u00e1 Zs\u00e1 wei\u00df zu \u00fcberraschen. Wer immer auf dem Laufenden sein will, gesellt sich am besten zu den Tausenden Followern auf TikTok und Instagram. Dort gibt \u201eSzaszainci\u201c selbstverst\u00e4ndlich auch anstehende Live-Termine bekannt. Einige B\u00fchnenerfahrung konnte sie bereits sammeln, etwa im Vorprogramm von Scooter oder beim Melt-Festival. Ganz sicher wird es in Zukunft noch viel mehr Zs\u00e1 Zs\u00e1-Konzerte geben, ebenso wie neue Rollen und neue Musik. Es bleibt spannend.<\/p>","protected":false},"excerpt":{"rendered":"<p>Get your tickets here now!<\/p>","protected":false},"featured_media":67017,"template":"","meta":{"_acf_changed":false,"inline_featured_image":false},"product_brand":[],"product_cat":[31,348,6737,69,86,35,21,58],"product_tag":[941,1476,6803,942,943,944,6051,947,948,6050],"class_list":{"0":"post-44839","1":"product","2":"type-product","3":"status-publish","4":"has-post-thumbnail","6":"product_cat-events","7":"product_cat-felsenkeller","8":"product_cat-hip-hop-rnb","9":"product_cat-konzert","10":"product_cat-leipzig","11":"product_cat-orte","12":"product_cat-ticket","13":"product_cat-veranstaltung","14":"product_tag-events","15":"product_tag-felsenkeller","16":"product_tag-hip-hop-rnb","17":"product_tag-konzert","18":"product_tag-leipzig","19":"product_tag-orte","20":"product_tag-thirst-trap-tour-v2-2026","21":"product_tag-ticket","22":"product_tag-veranstaltung","23":"product_tag-zsa-zsa","24":"product_shipping_class-nur_paketversand","25":"pa_discount-normalpreis","26":"pa_preiskategorie-stehplatz","28":"first","29":"outofstock","30":"taxable","31":"shipping-taxable","32":"purchasable","33":"product-type-variable","34":"has-default-attributes"},"group_of_quantity":0,"min_quantity":0,"max_quantity":"","exclude_order_quantity_value_rules":"no","exclude_category_quantity_rules":"no","combine_variations":"no","acf":[],"_links":{"self":[{"href":"https:\/\/arena-ticket.com\/en\/wp-json\/wp\/v2\/product\/44839","targetHints":{"allow":["GET"]}}],"collection":[{"href":"https:\/\/arena-ticket.com\/en\/wp-json\/wp\/v2\/product"}],"about":[{"href":"https:\/\/arena-ticket.com\/en\/wp-json\/wp\/v2\/types\/product"}],"wp:featuredmedia":[{"embeddable":true,"href":"https:\/\/arena-ticket.com\/en\/wp-json\/wp\/v2\/media\/67017"}],"wp:attachment":[{"href":"https:\/\/arena-ticket.com\/en\/wp-json\/wp\/v2\/media?parent=44839"}],"wp:term":[{"taxonomy":"product_brand","embeddable":true,"href":"https:\/\/arena-ticket.com\/en\/wp-json\/wp\/v2\/product_brand?post=44839"},{"taxonomy":"product_cat","embeddable":true,"href":"https:\/\/arena-ticket.com\/en\/wp-json\/wp\/v2\/product_cat?post=44839"},{"taxonomy":"product_tag","embeddable":true,"href":"https:\/\/arena-ticket.com\/en\/wp-json\/wp\/v2\/product_tag?post=44839"}],"curies":[{"name":"wp","href":"https:\/\/api.w.org\/{rel}","templated":true}]}}