{"id":44948,"date":"2025-07-16T17:05:40","date_gmt":"2025-07-16T15:05:40","guid":{"rendered":"https:\/\/arena-ticket.com\/?p=44948&#038;post_type=product&#038;preview_id=44948"},"modified":"2026-04-10T11:27:37","modified_gmt":"2026-04-10T09:27:37","slug":"one-night-of-taylor-arena-2026-leipzig-quarterback-immobilien-arena-18-05-2026-1900-uhr","status":"publish","type":"product","link":"https:\/\/arena-ticket.com\/en\/product\/one-night-of-taylor-arena-2026-leipzig-quarterback-immobilien-arena-18-05-2026-1900-uhr\/","title":{"rendered":"One Night Of Taylor - The Taylor Swift Tribute by XENNA"},"content":{"rendered":"<p>THE ERAS EXPERIENCE TOUR 2026<br \/>\nONE NIGHT OF TAYLOR<br \/>\nThe Taylor Swift Tribute by XENNA<\/p>\n<p>Rein in die Welt von Taylor Swift: Diese Tribute-Show bringt Fans die Vibes der Pop-Ikone so nah wie nie zuvor. Taylor Swift-Fans, macht euch bereit f\u00fcr eine Show, die f\u00fcr Furore sorgen wird! Mit der unglaublichen XENNA als Star der Show, werden Taylors ikonische Songs, ihr unverwechselbarer Stil und ihre magnetische B\u00fchnenpr\u00e4senz auf spektakul\u00e4re Weise zum Leben erweckt.<br \/>\nDie mitrei\u00dfende Show entf\u00fchrt das Publikum in eine Welt voller kraftvoller Hymnen, ist aber mehr als nur ein Konzert: Sie ist eine Reise durch Taylors Karriere, bei der XENNA die einzigartige Energie und B\u00fchnenausstrahlung des Superstars perfekt verk\u00f6rpert. Mit zeitlosen Hits wie \u201eLove Story\u201c, \u201eBlank Space\u201c und \u201eShake It Off\u201c l\u00e4sst XENNA den Glanz von Taylor Swift auf der B\u00fchne wiederaufleben \u2013 mit Kost\u00fcmwechseln, beeindruckender Choreografie und einer packenden Performance der fantastischen Tanzcrew.<br \/>\nDie Tribute-Show ist f\u00fcr alle Altersgruppen geeignet und somit der perfekte Ausflug f\u00fcr Familien, Freunde und Fans \u2013 ob jung oder alt. Egal, ob du ein \u201edie hard\u201c Swiftie bist, Musikliebhaber, oder passionierte Konzertg\u00e4nger \u2013 dieser Abend wird unvergesslich: die perfekte Mischung aus Pop-Nostalgie und kraftvoller Live-Performance.<br \/>\nZweifelsohne ein au\u00dfergew\u00f6hnliches Event, in dem Taylor Swifts Musik, Magie und Charisma von der ph\u00e4nomenalen XENNA zum Leben erweckt werden, so nah am Original wie nur m\u00f6glich.<br \/>\nGemeinsam holen wir uns das perfekte Taylor-Feeling in die Konzerthallen um zusammen mit zahlreichen Swifties \u2013 und solche die es noch werden wollen \u2013 die Musik ihres Idols erleben und feiern zu k\u00f6nnen. Die Freundschaftsb\u00e4nder k\u00f6nnen aus dem Schmuckk\u00e4stchen geholt werden, die 13 auf die Hand gemalt werden und jeder kommt in seinem Taylor Look!<\/p>","protected":false},"excerpt":{"rendered":"<p>It&#039;s been a long time coming...<\/p>","protected":false},"featured_media":50385,"template":"","meta":{"_acf_changed":false,"inline_featured_image":false},"product_brand":[],"product_cat":[31,86,35,37,21,22,58,6581],"product_tag":[941,943,3855,944,945,958,6054,947,973,948,2048],"class_list":{"0":"post-44948","1":"product","2":"type-product","3":"status-publish","4":"has-post-thumbnail","6":"product_cat-events","7":"product_cat-leipzig","8":"product_cat-orte","9":"product_cat-quarterback-immobilien-arena","10":"product_cat-ticket","11":"product_cat-ticketupgrades-zusatzleistungen","12":"product_cat-veranstaltung","13":"product_cat-weihnachten","14":"product_tag-events","15":"product_tag-leipzig","16":"product_tag-one-night-of-taylor","17":"product_tag-orte","18":"product_tag-quarterback-immobilien-arena","19":"product_tag-show","20":"product_tag-the-taylor-swift-tribute-by-xenna","21":"product_tag-ticket","22":"product_tag-ticketupgrades-zusatzleistungen","23":"product_tag-veranstaltung","24":"product_tag-weihnachten","25":"product_shipping_class-abholung_paketversand","26":"pa_discount-inklusive-begleitperson","27":"pa_discount-normalpreis","28":"pa_preiskategorie-ggv-up","29":"pa_preiskategorie-pgv-up","30":"pa_preiskategorie-pk-i","31":"pa_preiskategorie-pk-ii","32":"pa_preiskategorie-pk-iii","33":"pa_preiskategorie-pk-iv","34":"pa_preiskategorie-pk-v","35":"pa_preiskategorie-pk-vi","36":"pa_preiskategorie-rollstuhlfahrer","38":"first","39":"outofstock","40":"taxable","41":"shipping-taxable","42":"purchasable","43":"product-type-variable","44":"has-default-attributes"},"group_of_quantity":0,"min_quantity":0,"max_quantity":"","exclude_order_quantity_value_rules":"no","exclude_category_quantity_rules":"no","combine_variations":"no","acf":[],"_links":{"self":[{"href":"https:\/\/arena-ticket.com\/en\/wp-json\/wp\/v2\/product\/44948","targetHints":{"allow":["GET"]}}],"collection":[{"href":"https:\/\/arena-ticket.com\/en\/wp-json\/wp\/v2\/product"}],"about":[{"href":"https:\/\/arena-ticket.com\/en\/wp-json\/wp\/v2\/types\/product"}],"wp:featuredmedia":[{"embeddable":true,"href":"https:\/\/arena-ticket.com\/en\/wp-json\/wp\/v2\/media\/50385"}],"wp:attachment":[{"href":"https:\/\/arena-ticket.com\/en\/wp-json\/wp\/v2\/media?parent=44948"}],"wp:term":[{"taxonomy":"product_brand","embeddable":true,"href":"https:\/\/arena-ticket.com\/en\/wp-json\/wp\/v2\/product_brand?post=44948"},{"taxonomy":"product_cat","embeddable":true,"href":"https:\/\/arena-ticket.com\/en\/wp-json\/wp\/v2\/product_cat?post=44948"},{"taxonomy":"product_tag","embeddable":true,"href":"https:\/\/arena-ticket.com\/en\/wp-json\/wp\/v2\/product_tag?post=44948"}],"curies":[{"name":"wp","href":"https:\/\/api.w.org\/{rel}","templated":true}]}}