{"id":44985,"date":"2025-07-17T14:48:52","date_gmt":"2025-07-17T12:48:52","guid":{"rendered":"https:\/\/arena-ticket.com\/?p=44985&#038;post_type=product&#038;preview_id=44985"},"modified":"2026-01-26T13:16:27","modified_gmt":"2026-01-26T12:16:27","slug":"nena-live-2026-open-air-chemnitz-wasserschloss-klaffenbach-21-08-2026-2030-uhr","status":"publish","type":"product","link":"https:\/\/arena-ticket.com\/en\/product\/nena-live-2026-open-air-chemnitz-wasserschloss-klaffenbach-21-08-2026-2030-uhr\/","title":{"rendered":"Nena - Live 2026 - Open Air"},"content":{"rendered":"<div id=\"content\">\n<p>&nbsp;<\/p>\n<p>&nbsp;<\/p>\n<p>Nach wie vor ist NENA eine der authentischsten S\u00e4ngerinnen der Zeit und ein gro\u00dfes St\u00fcck Popkultur made in Germany. NENA muss man einfach live erlebt haben! Ihre energiegeladene B\u00fchnenpr\u00e4senz ist ebenso unverwechselbar und mitrei\u00dfend wie ihre Stimme. Das Publikum darf sich auf eine mehr als zweist\u00fcndige Live-Show mit Hits und Perlen aus dem riesigen NENA-Repertoire freuen. Musik aus \u00fcber vier Jahrzehnten, die sie mit ihrer 10-k\u00f6pfigen Band auf die B\u00fchne bringt.<\/p>\n<p>&nbsp;<\/p>\n<p>Jedes Live-Konzert: ein einzigartiges Rock n` Roll-Erlebnis mit viel Gef\u00fchl und Herz. Und ein Tourtitel, der mehr ist als nur Motto. WIR GEH\u00d6REN ZUSAMMEN beschreibt das tief empfundene und gelebte Gef\u00fchl der Verbundenheit, das jedes der Konzerte f\u00fcr Nena zu einer Herzensangelegenheit macht.<\/p>\n<p>Mit 25 Millionen verkauften Tontr\u00e4gern weltweit ist NENA eine der erfolgreichsten deutschen K\u00fcnstlerinnen aller Zeiten. Mit ihrer Musik hat NENA mehrere Generationen von Musikfans gepr\u00e4gt und steht bis heute f\u00fcr ein Lebensgef\u00fchl, das irgendwie und irgendwo in jedem Menschen zu Hause ist. Das aktuelle Album \u201eLicht\u201c ist ein energiegeladenes Pop-Album voller Strahlkraft und der Soundtrack zum Neubeginn. Mit jedem Ton und in jeder Zeile findet man auf \u201eLicht\u201c Hoffnung, Leichtigkeit und Herzenstiefe. Ob folkig hymnische Akustikgitarre oder elektronisch tanzende Synthesizer-Beats: \u201eLicht\u201c inspiriert dazu, das Leben zu feiern.<\/p>\n<\/div>\n<div id=\"menu\">\n<div id=\"innerMenue\"><\/div>\n<\/div>","protected":false},"excerpt":{"rendered":"<div class=\"event__header\" data-v-331ed750=\"\">Get your tickets now!<\/div>","protected":false},"featured_media":64348,"template":"","meta":{"_acf_changed":false,"inline_featured_image":false},"product_brand":[],"product_cat":[103,31,69,35,6733,58,512],"product_tag":[992,941,942,6055,1112,944,2506,948,993],"class_list":{"0":"post-44985","1":"product","2":"type-product","3":"status-publish","4":"has-post-thumbnail","6":"product_cat-chemnitz","7":"product_cat-events","8":"product_cat-konzert","9":"product_cat-orte","10":"product_cat-pop","11":"product_cat-veranstaltung","12":"product_cat-wasserschloss-klaffenbach","13":"product_tag-chemnitz","14":"product_tag-events","15":"product_tag-konzert","16":"product_tag-live-2026-open-air","17":"product_tag-nena","18":"product_tag-orte","19":"product_tag-pop","20":"product_tag-veranstaltung","21":"product_tag-wasserschloss-klaffenbach","22":"product_shipping_class-nur_paketversand","23":"pa_discount-normalpreis","24":"pa_preiskategorie-stehplatz","26":"first","27":"instock","28":"taxable","29":"shipping-taxable","30":"purchasable","31":"product-type-variable"},"group_of_quantity":0,"min_quantity":0,"max_quantity":"","exclude_order_quantity_value_rules":"no","exclude_category_quantity_rules":"no","combine_variations":"no","acf":[],"_links":{"self":[{"href":"https:\/\/arena-ticket.com\/en\/wp-json\/wp\/v2\/product\/44985","targetHints":{"allow":["GET"]}}],"collection":[{"href":"https:\/\/arena-ticket.com\/en\/wp-json\/wp\/v2\/product"}],"about":[{"href":"https:\/\/arena-ticket.com\/en\/wp-json\/wp\/v2\/types\/product"}],"wp:featuredmedia":[{"embeddable":true,"href":"https:\/\/arena-ticket.com\/en\/wp-json\/wp\/v2\/media\/64348"}],"wp:attachment":[{"href":"https:\/\/arena-ticket.com\/en\/wp-json\/wp\/v2\/media?parent=44985"}],"wp:term":[{"taxonomy":"product_brand","embeddable":true,"href":"https:\/\/arena-ticket.com\/en\/wp-json\/wp\/v2\/product_brand?post=44985"},{"taxonomy":"product_cat","embeddable":true,"href":"https:\/\/arena-ticket.com\/en\/wp-json\/wp\/v2\/product_cat?post=44985"},{"taxonomy":"product_tag","embeddable":true,"href":"https:\/\/arena-ticket.com\/en\/wp-json\/wp\/v2\/product_tag?post=44985"}],"curies":[{"name":"wp","href":"https:\/\/api.w.org\/{rel}","templated":true}]}}