{"id":44988,"date":"2025-07-17T15:00:02","date_gmt":"2025-07-17T13:00:02","guid":{"rendered":"https:\/\/arena-ticket.com\/?p=44988&#038;post_type=product&#038;preview_id=44988"},"modified":"2025-09-05T17:24:54","modified_gmt":"2025-09-05T15:24:54","slug":"sido-mopla-open-air-2025-graefenhainichen-ferropolis-stadt-aus-eisen-05-09-2025-2000-uhr","status":"publish","type":"product","link":"https:\/\/arena-ticket.com\/en\/product\/sido-mopla-open-air-2025-graefenhainichen-ferropolis-stadt-aus-eisen-05-09-2025-2000-uhr\/","title":{"rendered":"Sido  - mopla Open Air 2025"},"content":{"rendered":"<div class=\"event-list u-position-relative js-focus js-capacity-control\">\n<div class=\"js-cat-check\">\n<div class=\"event-list-item margin-bottom-s u-shadow standard-gray-shadow\" data-qa=\"event-list-item\">\n<div class=\"event-list-item-wrapper pc-list-item-space clearfix js-product-type\" data-cc-formcount=\"1_1_vip_packages\">\n<div class=\"event-list-content pc-list-item-space no-padding-top\">\n<div class=\"paragraph external-content\">\n<div class=\"u-position-relative js-moretext-wrapper\">\n<div class=\"moretext js-moretext expanded\" data-qa=\"readMoreText\" aria-expanded=\"true\">\n<div class=\"moretext-teaser\">\n<p><b>mopla pr\u00e4sentiert: SIDO am 05.09.2025 live in Ferropolis \u2013 Einer der einflussreichsten K\u00fcnstler des deutschen Rap<\/b><\/p>\n<p>Der Berliner Rapper bringt seine gefeierte Live-Show am 05.09.2025 auf das einzigartige Gel\u00e4nde von Ferropolis.<\/p>\n<p>Das Konzert verspricht nicht nur ein musikalisches Erlebnis der Extraklasse, sondern setzt mit Unterst\u00fctzung von mopla auch ein starkes Zeichen f\u00fcr moderne Mobilit\u00e4t \u2013 besonders in Regionen, die sonst seltener im Fokus stehen.<\/p>\n<p>Mit seiner charismatischen B\u00fchnenpr\u00e4senz, zahlreichen Hits und der F\u00e4higkeit, Generationen zu verbinden, geh\u00f6rt SIDO zu den erfolgreichsten K\u00fcnstlern im deutschsprachigen Raum.<\/p>\n<p>SIDO steht seit Jahren f\u00fcr ausverkaufte Hallen, unvergessliche Festivalauftritte und eine ganz eigene Verbindung aus Attit\u00fcde, Haltung und Hitgarantie.<\/p>\n<p>Mit seinem aktuellen Live-Programm ist er 2025 bundesweit unterwegs \u2013 das Konzert in Ferropolis ist dabei eines der besonderen Highlights im Rahmen der Kampagne mit mopla.<\/p>\n<p>Der Rapper wird am Freitag, dem 05. September 2025, in Ferropolis seine gr\u00f6\u00dften Hits live performen.<\/p>\n<\/div>\n<\/div>\n<div class=\"link moretext-toggle\" aria-hidden=\"true\"><\/div>\n<\/div>\n<\/div>\n<\/div>\n<\/div>\n<\/div>\n<\/div>\n<\/div>\n<p class=\"paragraph legalhint-text font-size-m line-height-l\">","protected":false},"excerpt":{"rendered":"<p>Der Berliner Rapper bringt seine gefeierte Live-Show auf das einzigartige Gel\u00e4nde von Ferropolis!<\/p>","protected":false},"featured_media":44995,"template":"","meta":{"_acf_changed":false,"inline_featured_image":false},"product_brand":[],"product_cat":[31,4809,4808,6737,69,35,21,58],"product_tag":[941,6056,5045,942,6057,944,4110,947,948],"class_list":{"0":"post-44988","1":"product","2":"type-product","3":"status-publish","4":"has-post-thumbnail","6":"product_cat-events","7":"product_cat-ferropolis","8":"product_cat-graefenhainichen","9":"product_cat-hip-hop-rnb","10":"product_cat-konzert","11":"product_cat-orte","12":"product_cat-ticket","13":"product_cat-veranstaltung","14":"product_tag-events","15":"product_tag-ferropolis","16":"product_tag-graefenhainichen","17":"product_tag-konzert","18":"product_tag-mopla-open-air-2025","19":"product_tag-orte","20":"product_tag-sido","21":"product_tag-ticket","22":"product_tag-veranstaltung","23":"product_shipping_class-nur_paketversand","24":"pa_discount-normalpreis","25":"pa_preiskategorie-front-of-stage-stehplatz","26":"pa_preiskategorie-pk1-stehplatz","27":"pa_preiskategorie-pk2-stehplatz","29":"first","30":"instock","31":"taxable","32":"shipping-taxable","33":"purchasable","34":"product-type-variable"},"group_of_quantity":0,"min_quantity":0,"max_quantity":"","exclude_order_quantity_value_rules":"no","exclude_category_quantity_rules":"no","combine_variations":"no","acf":[],"_links":{"self":[{"href":"https:\/\/arena-ticket.com\/en\/wp-json\/wp\/v2\/product\/44988","targetHints":{"allow":["GET"]}}],"collection":[{"href":"https:\/\/arena-ticket.com\/en\/wp-json\/wp\/v2\/product"}],"about":[{"href":"https:\/\/arena-ticket.com\/en\/wp-json\/wp\/v2\/types\/product"}],"wp:featuredmedia":[{"embeddable":true,"href":"https:\/\/arena-ticket.com\/en\/wp-json\/wp\/v2\/media\/44995"}],"wp:attachment":[{"href":"https:\/\/arena-ticket.com\/en\/wp-json\/wp\/v2\/media?parent=44988"}],"wp:term":[{"taxonomy":"product_brand","embeddable":true,"href":"https:\/\/arena-ticket.com\/en\/wp-json\/wp\/v2\/product_brand?post=44988"},{"taxonomy":"product_cat","embeddable":true,"href":"https:\/\/arena-ticket.com\/en\/wp-json\/wp\/v2\/product_cat?post=44988"},{"taxonomy":"product_tag","embeddable":true,"href":"https:\/\/arena-ticket.com\/en\/wp-json\/wp\/v2\/product_tag?post=44988"}],"curies":[{"name":"wp","href":"https:\/\/api.w.org\/{rel}","templated":true}]}}