{"id":44990,"date":"2025-07-17T15:02:14","date_gmt":"2025-07-17T13:02:14","guid":{"rendered":"https:\/\/arena-ticket.com\/?p=44990&#038;post_type=product&#038;preview_id=44990"},"modified":"2025-10-21T17:39:10","modified_gmt":"2025-10-21T15:39:10","slug":"dynamite-ska-festival-2025-leipzig-felsenkeller-08-11-2025-1730-uhr","status":"publish","type":"product","link":"https:\/\/arena-ticket.com\/en\/product\/dynamite-ska-festival-2025-leipzig-felsenkeller-08-11-2025-1730-uhr\/","title":{"rendered":"DYNAMITE SKA FESTIVAL 2025"},"content":{"rendered":"<p>&nbsp;<\/p>\n<article class=\"vt:bg-black vt:text-white\">\n<section class=\"my-10 md:my-14\">\n<div class=\"relative max-h-full overflow-hidden transition-all duration-500\">\n<div class=\"space-y-8\">\n<div class=\"panel panel-grid\">\n<div class=\"col-span-full md:col-span-10 md:col-start-2 lg:col-span-8 lg:col-start-3\">\n<div class=\"prose xl:text-md text-black vt:text-white\"><\/div>\n<\/div>\n<\/div>\n<\/div>\n<\/div>\n<\/section>\n<section class=\"mod-purple mt-16 lg:mt-24 vt:mod-orange text-black select-none\">\n<div class=\"bg-[color:var(--primary-color)] py-12 overflow-hidden\">\n<div class=\"panel\">\n<div class=\"flex justify-between md:items-end mb-6 md:mb-8\">\n<div class=\"text-xl md:text-3xl tracking-tight md:mb-[-2px] lg:mb-[-3px]\">\n<p class=\"has-text-align-center\">Liebe Ska-Crowd,<\/p>\n<p>&nbsp;<\/p>\n<p class=\"has-text-align-center\">am 8. November findet bekannterma\u00dfen das DYNAMITE SKA FESTIVAL statt. Der Vorverkauf l\u00e4uft Bombe, deswegen nun endlich auch das komplette Line Up, damit ihr nicht die Katze im Sack kaufen m\u00fcsst: Wie von\u00a0<strong>DOCTA RUDE<\/strong>\u00a0versprochen, wird er in diesem Jahr seinen Auftritt von 2024 nachholen. (Diesen musste er krankheitsbedingt kurzfristig absagen.) Wir freuen uns, den gro\u00dfartigen\u00a0<strong>MR. REVIEW<\/strong>-Frontmann zusammen mit dem\u00a0<strong>DUTCH SKA EXPRESS<\/strong> nun endlich im Felsenkeller begr\u00fc\u00dfen zu d\u00fcrfen.<\/p>\n<p class=\"has-text-align-center\">Au\u00dferdem zu Gast: die Ska-Bombe aus Japan, die fantastischen\u00a0<strong>AUTOCRATICS<\/strong>. Die tolle Band ist f\u00fcr ein paar Termine in Europa und wird selbstverst\u00e4ndlich am 8.11. im Felsenkeller dabei sein. Zum allerersten Mal wird zudem\u00a0<strong>ALPHEUS<\/strong>\u00a0zusammen mit den\u00a0<strong>UTOPIANS<\/strong>\u00a0zum DYNAMITE SKA FEST auftreten. Wir freuen uns, den grandiosen jamaikanischen K\u00fcnstler bei uns begr\u00fc\u00dfen zu d\u00fcrfen. Alte Bekannte und eine uns sehr nahestehende Band sind\u00a0<strong>BUSTER SHUFFLE<\/strong>. Wir konnten uns es nicht verkneifen, sie auch in diesem Jahr einzuladen. Die Band verk\u00f6rpert einfach alles, was wir an Ska lieben. Traditionsbewusst, und trotzdem innovativ und voller Energie. Der Chorus vom neuen Video\u00a0<a href=\"https:\/\/t85a82e0b.emailsys1a.net\/c\/14\/8353654\/0\/0\/0\/526179\/a90f547d0f.html\" rel=\"nofollow noopener\" target=\"_blank\">Take A Pill<\/a>\u00a0wurde \u00fcbrigens 2024 beim THIS IS SKA in Rosslau aufgenommen.<\/p>\n<p>&nbsp;<\/p>\n<p>&nbsp;<\/p>\n<p class=\"has-text-align-center\">Die Wahnsinnigen von\u00a0<strong>JAYA THE CAT<\/strong>\u00a0und die fantastischen\u00a0<strong>DAKKA SKANKS<\/strong>\u00a0runden das Line Up ab.<\/p>\n<p>&nbsp;<\/p>\n<p>&nbsp;<\/p>\n<p class=\"has-text-align-center\">\n<\/div>\n<\/div>\n<div class=\"swiper-initialized swiper-horizontal swiper-pointer-events swiper-backface-hidden\">\n<div class=\"swiper-wrapper\">\n<div class=\"swiper-slide\">\n<div class=\"text-center\">\n<div class=\" cursor-pointer group rounded-full transition duration-75 uppercase whitespace-nowrap inline-flex items-center justify-center leading-tight font-medium text-xs py-3 px-5 xl:text-sm xl:py-3.5 xl:px-6 bg-[color:var(--secondary-color)] text-[color:var(--primary-color)] hover:text-white \"><\/div>\n<\/div>\n<\/div>\n<div class=\"swiper-slide\">\n<div class=\"relative aspect-w-4 aspect-h-5 overflow-hidden\">\n<figure class=\" h-full w-full flex flex-col justify-center\"><\/figure>\n<div class=\"absolute z-10 top-0 w-full h-full transition duration-500 bg-[color:var(--primary-color)] opacity-0 md:group-hover:scale-105 md:group-hover:opacity-100\"><\/div>\n<\/div>\n<div class=\"mt-4 mb-4 md:mt-6 text-center text-sm\"><\/div>\n<\/div>\n<div class=\"swiper-slide\">\n<div class=\"text-center\">\n<div class=\" cursor-pointer group rounded-full transition duration-75 uppercase whitespace-nowrap inline-flex items-center justify-center leading-tight font-medium text-xs py-3 px-5 xl:text-sm xl:py-3.5 xl:px-6 bg-[color:var(--secondary-color)] text-[color:var(--primary-color)] hover:text-white \"><\/div>\n<\/div>\n<\/div>\n<div class=\"swiper-slide\">\n<div class=\"relative aspect-w-4 aspect-h-5 overflow-hidden\">\n<figure class=\" h-full w-full flex flex-col justify-center\"><\/figure>\n<div class=\"absolute z-10 top-0 w-full h-full transition duration-500 bg-[color:var(--primary-color)] opacity-0 md:group-hover:scale-105 md:group-hover:opacity-100\"><\/div>\n<\/div>\n<div class=\"mt-4 mb-4 md:mt-6 text-center text-sm\"><\/div>\n<div class=\"text-center\">\n<div class=\" cursor-pointer group rounded-full transition duration-75 uppercase whitespace-nowrap inline-flex items-center justify-center leading-tight font-medium text-xs py-3 px-5 xl:text-sm xl:py-3.5 xl:px-6 bg-[color:var(--secondary-color)] text-[color:var(--primary-color)] hover:text-white \"><\/div>\n<\/div>\n<\/div>\n<div class=\"swiper-slide\">\n<div class=\"relative aspect-w-4 aspect-h-5 overflow-hidden\">\n<figure class=\" h-full w-full flex flex-col justify-center\"><\/figure>\n<div class=\"absolute z-10 top-0 w-full h-full transition duration-500 bg-[color:var(--primary-color)] opacity-0 md:group-hover:scale-105 md:group-hover:opacity-100\"><\/div>\n<\/div>\n<div class=\"text-center\">\n<div class=\" group rounded-full transition duration-75 uppercase whitespace-nowrap inline-flex items-center justify-center leading-tight font-medium text-xs py-3 px-5 xl:text-sm xl:py-3.5 xl:px-6 bg-brand-red text-white \"><\/div>\n<\/div>\n<\/div>\n<div class=\"swiper-slide\">\n<div class=\"relative aspect-w-4 aspect-h-5 overflow-hidden\">\n<figure class=\" h-full w-full flex flex-col justify-center\"><\/figure>\n<div class=\"absolute z-10 top-0 w-full h-full transition duration-500 bg-[color:var(--primary-color)] opacity-0 md:group-hover:scale-105 md:group-hover:opacity-100\"><\/div>\n<\/div>\n<div class=\"mt-4 mb-4 md:mt-6 text-center text-sm\"><\/div>\n<div class=\"text-center\">\n<div class=\" cursor-pointer group rounded-full transition duration-75 uppercase whitespace-nowrap inline-flex items-center justify-center leading-tight font-medium text-xs py-3 px-5 xl:text-sm xl:py-3.5 xl:px-6 bg-[color:var(--secondary-color)] text-[color:var(--primary-color)] hover:text-white \"><\/div>\n<\/div>\n<\/div>\n<div class=\"swiper-slide\">\n<div class=\"relative aspect-w-4 aspect-h-5 overflow-hidden\">\n<figure class=\" h-full w-full flex flex-col justify-center\"><\/figure>\n<div class=\"absolute z-10 top-0 w-full h-full transition duration-500 bg-[color:var(--primary-color)] opacity-0 md:group-hover:scale-105 md:group-hover:opacity-100\"><\/div>\n<\/div>\n<div class=\"mt-4 mb-4 md:mt-6 text-center text-sm\"><\/div>\n<\/div>\n<div class=\"swiper-slide\">\n<div class=\"text-center\">\n<div class=\" cursor-pointer group rounded-full transition duration-75 uppercase whitespace-nowrap inline-flex items-center justify-center leading-tight font-medium text-xs py-3 px-5 xl:text-sm xl:py-3.5 xl:px-6 bg-[color:var(--secondary-color)] text-[color:var(--primary-color)] hover:text-white \"><\/div>\n<\/div>\n<\/div>\n<\/div>\n<\/div>\n<\/div>\n<\/div>\n<\/section>\n<\/article>\n<p>&nbsp;<\/p>\n<aside>\n<div><\/div>\n<\/aside>\n<footer class=\"bg-black text-white py-12\">\n<div class=\"panel panel-grid\">\n<div class=\"col-span-full 2md:col-span-4 flex flex-col 2md:justify-between h-full\">\n<div class=\"flex space-x-6\"><\/div>\n<\/div>\n<div class=\"mt-12 2md:mt-0 2md:col-start-7 col-span-full 2md:col-span-6\">\n<div><\/div>\n<\/div>\n<\/div>\n<\/footer>\n","protected":false},"excerpt":{"rendered":"<p>Get your tickets now!<\/p>","protected":false},"featured_media":44998,"template":"","meta":{"_acf_changed":false,"inline_featured_image":false},"product_brand":[],"product_cat":[31,348,6742,69,86,35,21,58],"product_tag":[6058,941,1476,942,943,944,947,948],"class_list":{"0":"post-44990","1":"product","2":"type-product","3":"status-publish","4":"has-post-thumbnail","6":"product_cat-events","7":"product_cat-felsenkeller","8":"product_cat-festivals-open-air","9":"product_cat-konzert","10":"product_cat-leipzig","11":"product_cat-orte","12":"product_cat-ticket","13":"product_cat-veranstaltung","14":"product_tag-dynamite-ska-festival-2025","15":"product_tag-events","16":"product_tag-felsenkeller","17":"product_tag-konzert","18":"product_tag-leipzig","19":"product_tag-orte","20":"product_tag-ticket","21":"product_tag-veranstaltung","22":"product_shipping_class-nur_paketversand","23":"pa_discount-normalpreis","24":"pa_preiskategorie-stehplatz","26":"first","27":"instock","28":"taxable","29":"shipping-taxable","30":"purchasable","31":"product-type-variable"},"group_of_quantity":0,"min_quantity":0,"max_quantity":"","exclude_order_quantity_value_rules":"no","exclude_category_quantity_rules":"no","combine_variations":"no","acf":[],"_links":{"self":[{"href":"https:\/\/arena-ticket.com\/en\/wp-json\/wp\/v2\/product\/44990","targetHints":{"allow":["GET"]}}],"collection":[{"href":"https:\/\/arena-ticket.com\/en\/wp-json\/wp\/v2\/product"}],"about":[{"href":"https:\/\/arena-ticket.com\/en\/wp-json\/wp\/v2\/types\/product"}],"wp:featuredmedia":[{"embeddable":true,"href":"https:\/\/arena-ticket.com\/en\/wp-json\/wp\/v2\/media\/44998"}],"wp:attachment":[{"href":"https:\/\/arena-ticket.com\/en\/wp-json\/wp\/v2\/media?parent=44990"}],"wp:term":[{"taxonomy":"product_brand","embeddable":true,"href":"https:\/\/arena-ticket.com\/en\/wp-json\/wp\/v2\/product_brand?post=44990"},{"taxonomy":"product_cat","embeddable":true,"href":"https:\/\/arena-ticket.com\/en\/wp-json\/wp\/v2\/product_cat?post=44990"},{"taxonomy":"product_tag","embeddable":true,"href":"https:\/\/arena-ticket.com\/en\/wp-json\/wp\/v2\/product_tag?post=44990"}],"curies":[{"name":"wp","href":"https:\/\/api.w.org\/{rel}","templated":true}]}}