{"id":44999,"date":"2025-07-17T16:30:06","date_gmt":"2025-07-17T14:30:06","guid":{"rendered":"https:\/\/arena-ticket.com\/?p=44999&#038;post_type=product&#038;preview_id=44999"},"modified":"2025-07-17T17:02:50","modified_gmt":"2025-07-17T15:02:50","slug":"nirvana-in-the-name-of-cobain-im-capitol-halle-capitol-04-10-2025-2000-uhr","status":"publish","type":"product","link":"https:\/\/arena-ticket.com\/en\/product\/nirvana-in-the-name-of-cobain-im-capitol-halle-capitol-04-10-2025-2000-uhr\/","title":{"rendered":"NIRVANA in the name of Cobain im Capitol"},"content":{"rendered":"<div class=\"u-position-relative js-moretext-wrapper\">\n<div class=\"moretext js-moretext with-image expanded\" data-qa=\"readMoreText\" aria-expanded=\"true\">\n<div class=\"moretext-teaser\">\n<div class=\"external-content\">\n<p>&nbsp;<\/p>\n<p>&nbsp;<\/p>\n<p>2024 j\u00e4hrte sich Kurt Cobains Todestag zum 30.Mal und die Trauer um seinen fr\u00fchen Tod ist so gro\u00df wie am ersten Tag danach.<\/p>\n<p>Dabei gibt es \u00e4hnlich wie bei den Sex Pistols nur ein relevantes Album: \u201eNevermind\u201c (OK es gibt noch \u201eBleach\u201c und \u201ein utero\u201c). Und als zweiter musikalischer Meilenstein \u201eMTV Unplugged in New York\u201c.<\/p>\n<p>Seit 2012 wandeln 3 Musiker und eine Musikerin auf den Spuren von Nirvana, nennen sich In the Name of Cobain und spielen jedes Jahr ca. 40 Shows in Tschechien und der Slowakei.<\/p>\n<p>Nun soll der deutschsprachige Raum erobert werden, denn so ne richtige amtliche Nirvana Tribute Band fehlt hier noch (Teen Spirit sind \u00d6sterreicher\u2026)<\/p>\n<p>Also her mit den Klubs und Konzerten, wir spielen \u201eSmells like teen spirit\u201c \u201eCome as you are\u201c, \u201eLithium\u201c, \u201ePolly\u201c\u2026 mit der gleichen Energie wie Cobain &amp; co in den fr\u00fchen 90ern.<\/p>\n<p>Im Repertoire sind so gut wie alle Nirvana- Songs und Kurt Cobain h\u00e4tte es sicher gefallen, dass in dieser Band ein M\u00e4dchen am Schlagzeug sitzt!<\/p>\n<p>Als ganz besonderes Highlight spielen sie auch einen Ausschnitt des Sets von \u201eMTV Unplugged in New York\u201c, aufgenommen vor nunmehr 30 Jahren, ein wundersch\u00f6nes sehr intimes musikalisches Erlebnis w\u00e4hrend dieses kraftvollen Konzerts.<\/p>\n<p>&nbsp;<\/p>\n<p>Im Anschluss ist aber noch nicht Feierabend. Ihr d\u00fcrfte gerne noch zu feiner Rock und Grunge Musik aus den 90er und 2000ern abhotten und ein bisschen bangen. Bierduschen erw\u00fcnscht.<\/p>\n<p>Vorweg heizen euch noch Special Guests aus Mitteldeutschland ein, seid gespannt.<\/p>\n<p>&nbsp;<\/p>\n<p>&nbsp;<\/p>\n<\/div>\n<\/div>\n<\/div>\n<\/div>","protected":false},"excerpt":{"rendered":"<p>Seit 2012 wandeln 3 Musiker und eine Musikerin auf den\u00a0Spuren von Nirvana, nennen sich In the Name of Cobain und spielen jedes Jahr\u00a0ca. 40 Shows in Tschechien und der Slowakei.<\/p>","protected":false},"featured_media":45001,"template":"","meta":{"_acf_changed":false,"inline_featured_image":false},"product_brand":[],"product_cat":[31,5952,102,64,35,6730,21,58],"product_tag":[6060,941,999,942,6059,944,947,948],"class_list":{"0":"post-44999","1":"product","2":"type-product","3":"status-publish","4":"has-post-thumbnail","6":"product_cat-events","7":"product_cat-capitol","8":"product_cat-halle","9":"product_cat-musical-show","10":"product_cat-orte","11":"product_cat-show","12":"product_cat-ticket","13":"product_cat-veranstaltung","14":"product_tag-capitol","15":"product_tag-events","16":"product_tag-halle","17":"product_tag-konzert","18":"product_tag-nirvana-in-the-name-of-cobain-im-capitol","19":"product_tag-orte","20":"product_tag-ticket","21":"product_tag-veranstaltung","22":"product_shipping_class-nur_paketversand","23":"pa_discount-normalpreis","24":"pa_preiskategorie-stehplatz","26":"first","27":"instock","28":"taxable","29":"shipping-taxable","30":"purchasable","31":"product-type-variable","32":"has-default-attributes"},"group_of_quantity":0,"min_quantity":0,"max_quantity":"","exclude_order_quantity_value_rules":"no","exclude_category_quantity_rules":"no","combine_variations":"no","acf":[],"_links":{"self":[{"href":"https:\/\/arena-ticket.com\/en\/wp-json\/wp\/v2\/product\/44999","targetHints":{"allow":["GET"]}}],"collection":[{"href":"https:\/\/arena-ticket.com\/en\/wp-json\/wp\/v2\/product"}],"about":[{"href":"https:\/\/arena-ticket.com\/en\/wp-json\/wp\/v2\/types\/product"}],"wp:featuredmedia":[{"embeddable":true,"href":"https:\/\/arena-ticket.com\/en\/wp-json\/wp\/v2\/media\/45001"}],"wp:attachment":[{"href":"https:\/\/arena-ticket.com\/en\/wp-json\/wp\/v2\/media?parent=44999"}],"wp:term":[{"taxonomy":"product_brand","embeddable":true,"href":"https:\/\/arena-ticket.com\/en\/wp-json\/wp\/v2\/product_brand?post=44999"},{"taxonomy":"product_cat","embeddable":true,"href":"https:\/\/arena-ticket.com\/en\/wp-json\/wp\/v2\/product_cat?post=44999"},{"taxonomy":"product_tag","embeddable":true,"href":"https:\/\/arena-ticket.com\/en\/wp-json\/wp\/v2\/product_tag?post=44999"}],"curies":[{"name":"wp","href":"https:\/\/api.w.org\/{rel}","templated":true}]}}