{"id":45002,"date":"2025-07-17T16:50:15","date_gmt":"2025-07-17T14:50:15","guid":{"rendered":"https:\/\/arena-ticket.com\/?p=45002&#038;post_type=product&#038;preview_id=45002"},"modified":"2025-07-17T17:10:00","modified_gmt":"2025-07-17T15:10:00","slug":"empathy-test-halle-capitol-11-10-2025-2000-uhr","status":"publish","type":"product","link":"https:\/\/arena-ticket.com\/en\/product\/empathy-test-halle-capitol-11-10-2025-2000-uhr\/","title":{"rendered":"EMPATHY TEST"},"content":{"rendered":"<div class=\"u-position-relative js-moretext-wrapper\">\n<div class=\"moretext js-moretext with-image expanded\" data-qa=\"readMoreText\" aria-expanded=\"true\">\n<div class=\"moretext-teaser\">\n<div class=\"external-content\">\n<p>&nbsp;<\/p>\n<p>&nbsp;<\/p>\n<p>Nach ausverkauften Konzerten in diversen Clubs geben sich Empathy Test um Isaac Howlett &amp; Co. 2025 erneut die Ehre und kommen im Herbst in elf deutsche St\u00e4dte.<\/p>\n<p>Seit ihrer Gr\u00fcndung vor \u00fcber zehn Jahren haben sich Empathy Test von v\u00f6lliger Unbekanntheit zu einer der bekanntesten und beliebtesten Bands in der deutschen und amerikanischen alternativen elektronischen Musikszene entwickelt. Empathy Tests einzigartiger Synthesizer-beeinflusster Pop wurde von KCRW in den USA als \u201eein gro\u00dfer dramatischer Sound, der ekstatisch zwischen Nostalgie und Unmittelbarkeit schwankt\u201c und von Culture Clubs Boy George einfach als \u201eein musikalischer Orgasmus\u201c gefeiert.<\/p>\n<p>Empathy Test sind vor allem f\u00fcr ihre umwerfende Deb\u00fctsingle \u201eLosing Touch\u201c bekannt, die von der gleichnamigen EP aus dem Jahr 2014 stammt. \u201eLosing Touch\u201c erlangte zum ersten Mal internationale Anerkennung, als es in dem viralen Video des K\u00fcnstlers und Animators Richard Swarbrick erschien, das die Saison 2013\/14 des FC Liverpool feierte.<\/p>\n<p>Im Jahr 2020 erschien mit \u201eMonsters\u201c das dritte Album von Empathy Test, das von Fans und Kritikern gleicherma\u00dfen begeistert aufgenommen.<\/p>\n<p>Neben der Ver\u00f6ffentlichung von qualitativ hochwertiger Musik tourten Empathy Test als Support f\u00fcr Bands wie VNV Nation, Covenant, Mesh und Aesthetic Perfection und arbeiteten sich durch die Line-Ups alternativer Musikfestivals wie Wave Gotik Treffen, Mera Luna, Amphi, Plage Noire und NCN, bevor sie ihre eigenen Touren durch die USA, Deutschland, Frankreich und Gro\u00dfbritannien anf\u00fchrten.<\/p>\n<p>&nbsp;<\/p>\n<p>Lakeside X sind eine alternative, independent Pop\/Rock-Band aus Prag. Die Inspiration f\u00fcr ihren Sound findet sich sowohl im Bereich des klassischen Synthie-Pop (wie Depeche Mode) als auch in der modernen elektronischen Musik (Royksopp) oder sogar im alternativen britischen Gitarrenrock (wie Placebo).<\/p>\n<p>&nbsp;<\/p>\n<p>Photocredit: Taken By Raven<\/p>\n<p>&nbsp;<\/p>\n<\/div>\n<\/div>\n<\/div>\n<\/div>","protected":false},"excerpt":{"rendered":"<h1><\/h1>\n<div class=\"subline\">Die Synth-Pop-Band geht wieder auf Tour.\u00a0Jetzt Tickets sichern!<\/div>","protected":false},"featured_media":45004,"template":"","meta":{"_acf_changed":false,"inline_featured_image":false},"product_brand":[],"product_cat":[31,5952,102,69,6736,35,21,58],"product_tag":[6060,6061,941,999,942,944,947,948],"class_list":{"0":"post-45002","1":"product","2":"type-product","3":"status-publish","4":"has-post-thumbnail","6":"product_cat-events","7":"product_cat-capitol","8":"product_cat-halle","9":"product_cat-konzert","10":"product_cat-metal-metalcore","11":"product_cat-orte","12":"product_cat-ticket","13":"product_cat-veranstaltung","14":"product_tag-capitol","15":"product_tag-empathy-test","16":"product_tag-events","17":"product_tag-halle","18":"product_tag-konzert","19":"product_tag-orte","20":"product_tag-ticket","21":"product_tag-veranstaltung","22":"product_shipping_class-nur_paketversand","23":"pa_discount-normalpreis","24":"pa_preiskategorie-stehplatz","26":"first","27":"instock","28":"taxable","29":"shipping-taxable","30":"purchasable","31":"product-type-variable","32":"has-default-attributes"},"group_of_quantity":0,"min_quantity":0,"max_quantity":"","exclude_order_quantity_value_rules":"no","exclude_category_quantity_rules":"no","combine_variations":"no","acf":[],"_links":{"self":[{"href":"https:\/\/arena-ticket.com\/en\/wp-json\/wp\/v2\/product\/45002","targetHints":{"allow":["GET"]}}],"collection":[{"href":"https:\/\/arena-ticket.com\/en\/wp-json\/wp\/v2\/product"}],"about":[{"href":"https:\/\/arena-ticket.com\/en\/wp-json\/wp\/v2\/types\/product"}],"wp:featuredmedia":[{"embeddable":true,"href":"https:\/\/arena-ticket.com\/en\/wp-json\/wp\/v2\/media\/45004"}],"wp:attachment":[{"href":"https:\/\/arena-ticket.com\/en\/wp-json\/wp\/v2\/media?parent=45002"}],"wp:term":[{"taxonomy":"product_brand","embeddable":true,"href":"https:\/\/arena-ticket.com\/en\/wp-json\/wp\/v2\/product_brand?post=45002"},{"taxonomy":"product_cat","embeddable":true,"href":"https:\/\/arena-ticket.com\/en\/wp-json\/wp\/v2\/product_cat?post=45002"},{"taxonomy":"product_tag","embeddable":true,"href":"https:\/\/arena-ticket.com\/en\/wp-json\/wp\/v2\/product_tag?post=45002"}],"curies":[{"name":"wp","href":"https:\/\/api.w.org\/{rel}","templated":true}]}}