{"id":45005,"date":"2025-07-17T17:08:14","date_gmt":"2025-07-17T15:08:14","guid":{"rendered":"https:\/\/arena-ticket.com\/?p=45005&#038;post_type=product&#038;preview_id=45005"},"modified":"2025-07-17T17:18:59","modified_gmt":"2025-07-17T15:18:59","slug":"torfrock-live-bagaluten-wiehnacht-25-halle-capitol-26-12-2025-1900-uhr","status":"publish","type":"product","link":"https:\/\/arena-ticket.com\/en\/product\/torfrock-live-bagaluten-wiehnacht-25-halle-capitol-26-12-2025-1900-uhr\/","title":{"rendered":"TORFROCK live - Bagaluten Wiehnacht 25"},"content":{"rendered":"<div class=\"u-position-relative js-moretext-wrapper\">\n<div class=\"moretext js-moretext with-image expanded\" data-qa=\"readMoreText\" aria-expanded=\"true\">\n<div class=\"moretext-teaser\">\n<div class=\"external-content\">\n<p>&nbsp;<\/p>\n<p>&nbsp;<\/p>\n<p>Sagen wir mal so: Wenn jemand neulich, vor \u00fcber vierundf\u00fcnfzig Jahren gesagt h\u00e4tte, dass sie irgendwann mal das 48-j\u00e4hrige Bandjubil\u00e4um feiern w\u00fcrden, h\u00e4tte man dieser Person vermutlich unterstellt ein paar Trinkh\u00f6rner Met zu viel eingenommen zu haben \u2013 allerdings zu Unrecht, wie sich herausstellt. Verr\u00fcckte Geschichte. Und nebenbei pflegenTorfrock in 2025 bereits zum 34 (!!!) ihre beinharte Bagaluten-Wiehnacht. Und Torfrock hat sogar noch Ziele: 2027 wollen sie zusammen mit euch unser 50 (!) B\u00fchnenjubil\u00e4um feiern.<\/p>\n<p>Mit ihrer Best\u00e4ndigkeit, Authentizit\u00e4t und Ihrer Spielfreude bleiben sie sich und Ihren Fans auch nach fast f\u00fcnf Jahrzehnten weiterhin treu. Sodass sie 2025 nicht nur auf der 34. Bagaluten-Wiehnacht, sondern auch auf Einzelkonzerten und Festivals mit Ihrem einzigartigen Gebrauchsrock wieder musikalische Wellen in den Pudding hauen werden. Die 48-j\u00e4hrige Live-Kompetenz, frische und rockige Arrangements ihrer unverkennbaren Klassiker sowie der Torfmoorholmer Humor machen jedes Konzert zu einem besonderen Erlebnis.<\/p>\n<p>Die Besetzung von Torfrock hat sich durchaus ein wenig ver\u00e4ndert im Laufe der Jahre. Torfrock, das ist heute Klaus B\u00fcchner, einer der beiden Gr\u00fcnder-v\u00e4ter, der sich einst zusammen mit Raymond Vo\u00df im Hamburger Ernst-Deutsch-Theater traf, um Texte von Edgar Allan Poe zu vertonen. Mit einer Schnapsidee ging Torfrock an den Start und Jimi Hendrix kam zu einer unwahrscheinlichen Hommage: Sein \u201eHey Joe\u201c wurde auch mit platt-deutschem Text (\u201eHe Jo\u201c) ein Hit, der erste f\u00fcr Torfrock in einer langen Reihe von Nachfolgern und ein Hit, mit dem der Gitarrengott Hendrix auch heute noch geb\u00fchrend geehrt wird. Heute geh\u00f6ren neben Klaus B\u00fcchner (Gesang, Gedichte, Mundharmonika und Bassfl\u00f6te) auch Volker Schmidt (jede Menge Gitarren, Gesang und Mundharmonika), Stefan Lehmann (Schlagzeug und Gesang) sowie Sven Berger (Bass und Gesang) dazu, die zusammen dem altbew\u00e4hrten Torfrock-Sound einen neuzeitlich groovenden Wumms verpassen.<\/p>\n<p>Torfrocks (fiktiver) Mikrokosmos, der durch die aberwitzigen Geschichten aus dem Leben der Bewohner Torfmoorholms, der liebenswert trinkfreudig-chaotischen Wikingertruppe aus Haithabu und deren Nachkommenschaft (Herr Wernersen ist wahrscheinlich auch so einer) entsteht, hat auch heute noch eine immens gro\u00dfe Anziehungskraft auf das Publikum jeden Alters. Die zeitlosen Songtexte, der torfige Rock-Folk-Blues-Punk-Boogie (kurz: Gebrauchsrock) sowie der urtypische B\u00fcchner-Humor lassen die Konzertbesucher zusammen mit der Band eine friedliche und fr\u00f6hliche Torfrock-Party feiern.<\/p>\n<\/div>\n<\/div>\n<\/div>\n<\/div>","protected":false},"excerpt":{"rendered":"<h1><\/h1>\n<div class=\"subline\">Ein starkes St\u00fcck Norddeutschland kommt nach Halle ins Capitol - jetzt schon Tickets sichern!<\/div>","protected":false},"featured_media":45007,"template":"","meta":{"_acf_changed":false,"inline_featured_image":false},"product_brand":[],"product_cat":[31,5952,102,69,35,6732,21,58],"product_tag":[6063,6060,941,999,942,944,947,6062,948],"class_list":{"0":"post-45005","1":"product","2":"type-product","3":"status-publish","4":"has-post-thumbnail","6":"product_cat-events","7":"product_cat-capitol","8":"product_cat-halle","9":"product_cat-konzert","10":"product_cat-orte","11":"product_cat-rock-hard-rock","12":"product_cat-ticket","13":"product_cat-veranstaltung","14":"product_tag-bagaluten-wiehnacht-25","15":"product_tag-capitol","16":"product_tag-events","17":"product_tag-halle","18":"product_tag-konzert","19":"product_tag-orte","20":"product_tag-ticket","21":"product_tag-torfrock-live","22":"product_tag-veranstaltung","23":"product_shipping_class-nur_paketversand","24":"pa_discount-normalpreis","25":"pa_preiskategorie-stehplatz","27":"first","28":"instock","29":"taxable","30":"shipping-taxable","31":"purchasable","32":"product-type-variable","33":"has-default-attributes"},"group_of_quantity":0,"min_quantity":0,"max_quantity":"","exclude_order_quantity_value_rules":"no","exclude_category_quantity_rules":"no","combine_variations":"no","acf":[],"_links":{"self":[{"href":"https:\/\/arena-ticket.com\/en\/wp-json\/wp\/v2\/product\/45005","targetHints":{"allow":["GET"]}}],"collection":[{"href":"https:\/\/arena-ticket.com\/en\/wp-json\/wp\/v2\/product"}],"about":[{"href":"https:\/\/arena-ticket.com\/en\/wp-json\/wp\/v2\/types\/product"}],"wp:featuredmedia":[{"embeddable":true,"href":"https:\/\/arena-ticket.com\/en\/wp-json\/wp\/v2\/media\/45007"}],"wp:attachment":[{"href":"https:\/\/arena-ticket.com\/en\/wp-json\/wp\/v2\/media?parent=45005"}],"wp:term":[{"taxonomy":"product_brand","embeddable":true,"href":"https:\/\/arena-ticket.com\/en\/wp-json\/wp\/v2\/product_brand?post=45005"},{"taxonomy":"product_cat","embeddable":true,"href":"https:\/\/arena-ticket.com\/en\/wp-json\/wp\/v2\/product_cat?post=45005"},{"taxonomy":"product_tag","embeddable":true,"href":"https:\/\/arena-ticket.com\/en\/wp-json\/wp\/v2\/product_tag?post=45005"}],"curies":[{"name":"wp","href":"https:\/\/api.w.org\/{rel}","templated":true}]}}