{"id":45008,"date":"2025-07-17T17:13:44","date_gmt":"2025-07-17T15:13:44","guid":{"rendered":"https:\/\/arena-ticket.com\/?p=45008&#038;post_type=product&#038;preview_id=45008"},"modified":"2025-07-17T18:07:45","modified_gmt":"2025-07-17T16:07:45","slug":"roland-jankowsky-wenn-overbeck-kommt-die-lesung-halle-capitol-23-09-2026-2000-uhr","status":"publish","type":"product","link":"https:\/\/arena-ticket.com\/en\/product\/roland-jankowsky-wenn-overbeck-kommt-die-lesung-halle-capitol-23-09-2026-2000-uhr\/","title":{"rendered":"ROLAND JANKOWSKY - \u201eWenn Overbeck kommt...\u201c - Die Lesung"},"content":{"rendered":"<div class=\"u-position-relative js-moretext-wrapper\">\n<div class=\"moretext js-moretext with-image expanded\" data-qa=\"readMoreText\" aria-expanded=\"true\">\n<div class=\"moretext-teaser\">\n<div class=\"external-content\">\n<p>&nbsp;<\/p>\n<p>&nbsp;<\/p>\n<div id=\"content\">\n<div class=\"x11i5rnm xat24cr x1mh8g0r x1vvkbs xtlvy1s x126k92a\">\n<div dir=\"auto\">In der beliebten ZDF-Krimiserie Wilsberg spielt er seit \u00fcber 25 Jahren den etwas schr\u00e4gen Kommissar Overbeck. In dieser Rolle tritt er gerne in so manches Fettn\u00e4pfchen, agiert auch oftmals ungez\u00fcgelt und am Rande der Legalit\u00e4t, was ihm den Beinamen \u201eDirty Harry von M\u00fcnster\u201c eingebracht hat. Roland Jankowsky verf\u00fcgt \u00fcber viele Talente. Ob als Schauspieler im TV, oder im Theater, S\u00e4nger oder H\u00f6rbuchsprecher \u2013 sein kom\u00f6diantisches Potential ist unverkennbar sein Markenzeichen. Im Jahr 2018 w\u00e4hlten ihn die Zuschauer zum \u201eCoolsten TV-Kommissar Deutschlands 2018\u201c. Im Jahr 2016 w\u00e4hlten die Zuschauer der Eifelkulturtage Jankowsky und seine Lesung zum Gewinner der \u201eGoldenen Berta\u201c. F\u00fcr die Lesung wechselt Jankowsky alias Kommissar Overbeck die Seiten. In den gelesenen Shortstories geht es um Killer und die T\u00fccken, denen sich dieser Berufsstand stellen muss. Nicht jede Kugel die trifft, trifft auch den Richtigen. Der K\u00f6lner Schauspieler ist ein exzellenter Vorleser und seine Lesekunst verspricht allerbeste Unterhaltung.<\/div>\n<div dir=\"auto\"><\/div>\n<\/div>\n<p>&nbsp;<\/p>\n<p>\u00a9 Alexandra Kaumanns<\/p>\n<p>&nbsp;<\/p>\n<\/div>\n<div id=\"menu\">\n<div id=\"innerMenue\"><\/div>\n<\/div>\n<\/div>\n<\/div>\n<\/div>\n<\/div>","protected":false},"excerpt":{"rendered":"<h1><\/h1>\n<div class=\"subline\">Get your tickets now!<\/div>","protected":false},"featured_media":45010,"template":"","meta":{"_acf_changed":false,"inline_featured_image":false},"product_brand":[],"product_cat":[31,5952,102,922,6764,35,21,58],"product_tag":[6065,6060,941,999,942,951,944,6064,947,948],"class_list":{"0":"post-45008","1":"product","2":"type-product","3":"status-publish","4":"has-post-thumbnail","6":"product_cat-events","7":"product_cat-capitol","8":"product_cat-halle","9":"product_cat-kultur","10":"product_cat-lesung","11":"product_cat-orte","12":"product_cat-ticket","13":"product_cat-veranstaltung","14":"product_tag-wenn-overbeck-kommt-die-lesung","15":"product_tag-capitol","16":"product_tag-events","17":"product_tag-halle","18":"product_tag-konzert","19":"product_tag-kultur","20":"product_tag-orte","21":"product_tag-roland-jankowsky","22":"product_tag-ticket","23":"product_tag-veranstaltung","24":"product_shipping_class-nur_paketversand","25":"pa_discount-normalpreis","26":"pa_preiskategorie-freie-platzwahl","28":"first","29":"instock","30":"taxable","31":"shipping-taxable","32":"purchasable","33":"product-type-variable","34":"has-default-attributes"},"group_of_quantity":0,"min_quantity":0,"max_quantity":"","exclude_order_quantity_value_rules":"no","exclude_category_quantity_rules":"no","combine_variations":"no","acf":[],"_links":{"self":[{"href":"https:\/\/arena-ticket.com\/en\/wp-json\/wp\/v2\/product\/45008","targetHints":{"allow":["GET"]}}],"collection":[{"href":"https:\/\/arena-ticket.com\/en\/wp-json\/wp\/v2\/product"}],"about":[{"href":"https:\/\/arena-ticket.com\/en\/wp-json\/wp\/v2\/types\/product"}],"wp:featuredmedia":[{"embeddable":true,"href":"https:\/\/arena-ticket.com\/en\/wp-json\/wp\/v2\/media\/45010"}],"wp:attachment":[{"href":"https:\/\/arena-ticket.com\/en\/wp-json\/wp\/v2\/media?parent=45008"}],"wp:term":[{"taxonomy":"product_brand","embeddable":true,"href":"https:\/\/arena-ticket.com\/en\/wp-json\/wp\/v2\/product_brand?post=45008"},{"taxonomy":"product_cat","embeddable":true,"href":"https:\/\/arena-ticket.com\/en\/wp-json\/wp\/v2\/product_cat?post=45008"},{"taxonomy":"product_tag","embeddable":true,"href":"https:\/\/arena-ticket.com\/en\/wp-json\/wp\/v2\/product_tag?post=45008"}],"curies":[{"name":"wp","href":"https:\/\/api.w.org\/{rel}","templated":true}]}}