{"id":45062,"date":"2025-07-18T15:26:56","date_gmt":"2025-07-18T13:26:56","guid":{"rendered":"https:\/\/arena-ticket.com\/?p=45062&#038;post_type=product&#038;preview_id=45062"},"modified":"2025-08-05T11:44:59","modified_gmt":"2025-08-05T09:44:59","slug":"attila-dark-magic-show-leipzig-kabarett-sanftwut-14-08-2025-2000-uhr","status":"publish","type":"product","link":"https:\/\/arena-ticket.com\/en\/product\/attila-dark-magic-show-leipzig-kabarett-sanftwut-14-08-2025-2000-uhr\/","title":{"rendered":"ATTILA - Dark Magic Show"},"content":{"rendered":"<div class=\"productbox-title\">\n<p>In dieser Show befasse ich mich zusammen mit meinem Publikum mit der dunklen Seite der Magie, abseits von Taschenspielertricks und aus dem Hut gezauberten Hasen. Wir begeben uns auf eine Erkundungstour der finsteren Urspr\u00fcnge der Zauberkunst, angefangen von Seancen um mit dem Totenreich zu kommunizieren oder den Teufel pers\u00f6nlich zu beschw\u00f6ren \u00fcber die F\u00e4higkeit die Gedanken von Serienm\u00f6rdern zu lesen hin zu blutigen Kunstst\u00fccken der K\u00f6rperbeherrschung, welche den Fakiren des Orients nachempfunden sind.<\/p>\n<p>Das Publikum wird voll involviert und kann erleben was es bedeutet, Wahnsinn und Realit\u00e4t nicht mehr unterscheiden zu k\u00f6nnen\u00a0oder die Ber\u00fchrung von Geistern zu sp\u00fcren. All dies wird pr\u00e4sentiert mit einer Prise morbidem Humor und Spa\u00df am Risiko, so zum Beispiel bei unserem finalen Spiel.\u00a0Doch keine Angst. Am Ende wird alles Gut. Oder doch nicht?<\/p>\n<\/div>","protected":false},"excerpt":{"rendered":"<p><span class=\"kb-adv-text-inner\">Get your tickets now!<\/span><\/p>","protected":false},"featured_media":45064,"template":"","meta":{"_acf_changed":false,"inline_featured_image":false},"product_brand":[],"product_cat":[485,86,35,21],"product_tag":[6071,954,6072,941,4006,943,4007,958,5739,947,948,5740],"class_list":{"0":"post-45062","1":"product","2":"type-product","3":"status-publish","4":"has-post-thumbnail","6":"product_cat-kabarett-theater-sanftwut","7":"product_cat-leipzig","8":"product_cat-orte","9":"product_cat-ticket","10":"product_tag-attila","11":"product_tag-comedy","12":"product_tag-dark-magic-show","13":"product_tag-events","14":"product_tag-kabarett-theater-sanftwut","15":"product_tag-leipzig","16":"product_tag-sanftwut","17":"product_tag-show","18":"product_tag-the-black-magics","19":"product_tag-ticket","20":"product_tag-veranstaltung","21":"product_tag-zauberlehrstunde-auf-hogwarts","22":"product_shipping_class-nur_paketversand","23":"pa_discount-normalpreis","24":"pa_preiskategorie-pk-i","26":"first","27":"instock","28":"taxable","29":"shipping-taxable","30":"purchasable","31":"product-type-variable"},"group_of_quantity":0,"min_quantity":0,"max_quantity":"","exclude_order_quantity_value_rules":"no","exclude_category_quantity_rules":"no","combine_variations":"no","acf":[],"_links":{"self":[{"href":"https:\/\/arena-ticket.com\/en\/wp-json\/wp\/v2\/product\/45062","targetHints":{"allow":["GET"]}}],"collection":[{"href":"https:\/\/arena-ticket.com\/en\/wp-json\/wp\/v2\/product"}],"about":[{"href":"https:\/\/arena-ticket.com\/en\/wp-json\/wp\/v2\/types\/product"}],"wp:featuredmedia":[{"embeddable":true,"href":"https:\/\/arena-ticket.com\/en\/wp-json\/wp\/v2\/media\/45064"}],"wp:attachment":[{"href":"https:\/\/arena-ticket.com\/en\/wp-json\/wp\/v2\/media?parent=45062"}],"wp:term":[{"taxonomy":"product_brand","embeddable":true,"href":"https:\/\/arena-ticket.com\/en\/wp-json\/wp\/v2\/product_brand?post=45062"},{"taxonomy":"product_cat","embeddable":true,"href":"https:\/\/arena-ticket.com\/en\/wp-json\/wp\/v2\/product_cat?post=45062"},{"taxonomy":"product_tag","embeddable":true,"href":"https:\/\/arena-ticket.com\/en\/wp-json\/wp\/v2\/product_tag?post=45062"}],"curies":[{"name":"wp","href":"https:\/\/api.w.org\/{rel}","templated":true}]}}