{"id":45262,"date":"2025-07-24T15:13:50","date_gmt":"2025-07-24T13:13:50","guid":{"rendered":"https:\/\/arena-ticket.com\/?p=45262&#038;post_type=product&#038;preview_id=45262"},"modified":"2025-11-10T18:12:49","modified_gmt":"2025-11-10T17:12:49","slug":"classics-unter-sternen-die-film-edition-chemnitz-theaterplatz-23-08-2025-2000-uhr","status":"publish","type":"product","link":"https:\/\/arena-ticket.com\/en\/product\/classics-unter-sternen-die-film-edition-chemnitz-theaterplatz-23-08-2025-2000-uhr\/","title":{"rendered":"Classics unter Sternen - Die Film Edition"},"content":{"rendered":"<p class=\"bigger\">Wenn Musik zu Bildern wird\u2026<\/p>\n<p class=\"font-small\">Am 23. August verwandelt sich der Theaterplatz in Chemnitz wieder in einen einzigartigen Kinosaal. \u201eClassics unter Sternen \u2013 die Filmedition\u201c, ein spektakul\u00e4res Sound-Optik-Konzept, wird pr\u00e4sentiert von Heidelberger Materials &amp; Sachsenlotto. Das Open-Air-Event mit musikalischem Staraufgebot begeistert jedes Jahr mehr als 3.000 Fans.<\/p>\n<p class=\"font-small\">Filmmusik ber\u00fchrt, erzeugt Spannung, Traurigkeit und Freude. Sie verleiht Filmen Einzigartigkeit. Soundtracks sind nicht nur zum H\u00f6ren, sondern auch zum Sehen. Wer erleben m\u00f6chte, wie Musik zu Bildern wird, sollte sich die Traditionsveranstaltung fest im Kalender notieren.<\/p>\n<p class=\"font-small\">Veranstalter: Krau\u00df Event<\/p>","protected":false},"excerpt":{"rendered":"<p>Wenn Musik zu Bildern wird\u2026 - sichern Sie sich jetzt Ihre Tickets!<\/p>","protected":false},"featured_media":45266,"template":"","meta":{"_acf_changed":false,"inline_featured_image":false},"product_brand":[],"product_cat":[103,31,6744,69,35,4783,21,58],"product_tag":[992,6083,6084,941,942,944,4784,947,948],"class_list":{"0":"post-45262","1":"product","2":"type-product","3":"status-publish","4":"has-post-thumbnail","6":"product_cat-chemnitz","7":"product_cat-events","8":"product_cat-filmmusik","9":"product_cat-konzert","10":"product_cat-orte","11":"product_cat-theaterplatz-chemnitz","12":"product_cat-ticket","13":"product_cat-veranstaltung","14":"product_tag-chemnitz","15":"product_tag-classics-unter-sternen","16":"product_tag-die-film-edition","17":"product_tag-events","18":"product_tag-konzert","19":"product_tag-orte","20":"product_tag-theaterplatz-chemnitz","21":"product_tag-ticket","22":"product_tag-veranstaltung","23":"product_shipping_class-nur_paketversand","24":"pa_discount-kind","25":"pa_discount-normalpreis","26":"pa_preiskategorie-pk-i","28":"first","29":"instock","30":"taxable","31":"shipping-taxable","32":"purchasable","33":"product-type-variable"},"group_of_quantity":0,"min_quantity":0,"max_quantity":"","exclude_order_quantity_value_rules":"no","exclude_category_quantity_rules":"no","combine_variations":"no","acf":[],"_links":{"self":[{"href":"https:\/\/arena-ticket.com\/en\/wp-json\/wp\/v2\/product\/45262","targetHints":{"allow":["GET"]}}],"collection":[{"href":"https:\/\/arena-ticket.com\/en\/wp-json\/wp\/v2\/product"}],"about":[{"href":"https:\/\/arena-ticket.com\/en\/wp-json\/wp\/v2\/types\/product"}],"wp:featuredmedia":[{"embeddable":true,"href":"https:\/\/arena-ticket.com\/en\/wp-json\/wp\/v2\/media\/45266"}],"wp:attachment":[{"href":"https:\/\/arena-ticket.com\/en\/wp-json\/wp\/v2\/media?parent=45262"}],"wp:term":[{"taxonomy":"product_brand","embeddable":true,"href":"https:\/\/arena-ticket.com\/en\/wp-json\/wp\/v2\/product_brand?post=45262"},{"taxonomy":"product_cat","embeddable":true,"href":"https:\/\/arena-ticket.com\/en\/wp-json\/wp\/v2\/product_cat?post=45262"},{"taxonomy":"product_tag","embeddable":true,"href":"https:\/\/arena-ticket.com\/en\/wp-json\/wp\/v2\/product_tag?post=45262"}],"curies":[{"name":"wp","href":"https:\/\/api.w.org\/{rel}","templated":true}]}}