{"id":45268,"date":"2025-07-24T15:27:59","date_gmt":"2025-07-24T13:27:59","guid":{"rendered":"https:\/\/arena-ticket.com\/?p=45268&#038;post_type=product&#038;preview_id=45268"},"modified":"2025-07-30T17:31:25","modified_gmt":"2025-07-30T15:31:25","slug":"knallblech-brassband-meets-dj-der-anker-01-05-2026-2000-uhr","status":"publish","type":"product","link":"https:\/\/arena-ticket.com\/en\/product\/knallblech-brassband-meets-dj-der-anker-01-05-2026-2000-uhr\/","title":{"rendered":"Knallblech  - Brassband meets DJ"},"content":{"rendered":"<p>Knallblech \u2013 Brassband meets DJ! - Deutschland-Tour 2026: 10 Jahre, 10 St\u00e4dte.<\/p>\n<p>Fette Beats. Wilde Performance. Party pur. Das ist das Motto von Knallblech. 2016 an derselben Bonner Schule wie Querbeat gegr\u00fcndet, ist die 11-k\u00f6pfige Truppe inzwischen als Garant f\u00fcr gute Stimmung in ganz Deutschland und dar\u00fcber hinaus bekannt.<\/p>\n<p>Mit bekannten Partyhymnen, Blasinstrumenten, eigens produzierten DJ-Beats und verr\u00fcckten Choreos rei\u00dft die Band alles ab, was ihr in die Quere kommt. Das Ergebnis: ein begeistertes Publikum und vor Freude im Kreis springende Veranstalter \u2013 egal ob auf der Mainstage oder als Walking Act, egal ob auf Festivals wie Parookaville oder Gl\u00fccksgef\u00fchle, auf dem K\u00f6lner CSD oder beim Kirchentag. Dazu spielt Knallblech j\u00e4hrlich \u00fcber 100 Shows im rheinischen Karneval und eigene Tourneen in ausverkauften Hallen. Wer da nicht abgeht: Pech gehabt.<\/p>","protected":false},"excerpt":{"rendered":"<p>Get your tickets here now!<\/p>","protected":false},"featured_media":45270,"template":"","meta":{"_acf_changed":false,"inline_featured_image":false},"product_brand":[],"product_cat":[388,6738,31,69,86,35,21,58],"product_tag":[971,6086,2859,941,6085,942,943,944,947,948],"class_list":{"0":"post-45268","1":"product","2":"type-product","3":"status-publish","4":"has-post-thumbnail","6":"product_cat-anker","7":"product_cat-dance","8":"product_cat-events","9":"product_cat-konzert","10":"product_cat-leipzig","11":"product_cat-orte","12":"product_cat-ticket","13":"product_cat-veranstaltung","14":"product_tag-anker","15":"product_tag-brassband-meets-dj","16":"product_tag-der-anker","17":"product_tag-events","18":"product_tag-knallblech","19":"product_tag-konzert","20":"product_tag-leipzig","21":"product_tag-orte","22":"product_tag-ticket","23":"product_tag-veranstaltung","24":"product_shipping_class-nur_paketversand","25":"pa_discount-normalpreis","26":"pa_preiskategorie-stehplatz","28":"first","29":"instock","30":"taxable","31":"shipping-taxable","32":"purchasable","33":"product-type-variable"},"group_of_quantity":0,"min_quantity":0,"max_quantity":"","exclude_order_quantity_value_rules":"no","exclude_category_quantity_rules":"no","combine_variations":"no","acf":[],"_links":{"self":[{"href":"https:\/\/arena-ticket.com\/en\/wp-json\/wp\/v2\/product\/45268","targetHints":{"allow":["GET"]}}],"collection":[{"href":"https:\/\/arena-ticket.com\/en\/wp-json\/wp\/v2\/product"}],"about":[{"href":"https:\/\/arena-ticket.com\/en\/wp-json\/wp\/v2\/types\/product"}],"wp:featuredmedia":[{"embeddable":true,"href":"https:\/\/arena-ticket.com\/en\/wp-json\/wp\/v2\/media\/45270"}],"wp:attachment":[{"href":"https:\/\/arena-ticket.com\/en\/wp-json\/wp\/v2\/media?parent=45268"}],"wp:term":[{"taxonomy":"product_brand","embeddable":true,"href":"https:\/\/arena-ticket.com\/en\/wp-json\/wp\/v2\/product_brand?post=45268"},{"taxonomy":"product_cat","embeddable":true,"href":"https:\/\/arena-ticket.com\/en\/wp-json\/wp\/v2\/product_cat?post=45268"},{"taxonomy":"product_tag","embeddable":true,"href":"https:\/\/arena-ticket.com\/en\/wp-json\/wp\/v2\/product_tag?post=45268"}],"curies":[{"name":"wp","href":"https:\/\/api.w.org\/{rel}","templated":true}]}}