{"id":45296,"date":"2025-07-25T11:12:37","date_gmt":"2025-07-25T09:12:37","guid":{"rendered":"https:\/\/arena-ticket.com\/?p=45296&#038;post_type=product&#038;preview_id=45296"},"modified":"2025-08-26T10:31:41","modified_gmt":"2025-08-26T08:31:41","slug":"jeremias-du-musst-keinem-gefallen-tour-2025-leipzig-haus-auensee-29-09-2025-2000-uhr","status":"publish","type":"product","link":"https:\/\/arena-ticket.com\/en\/product\/jeremias-du-musst-keinem-gefallen-tour-2025-leipzig-haus-auensee-29-09-2025-2000-uhr\/","title":{"rendered":"JEREMIAS  - Du musst keinem gefallen \u2013 Tour 2025"},"content":{"rendered":"<p>JEREMIAS best\u00e4tigen f\u00fcr Oktober 2025 ihre bisher gr\u00f6\u00dfte Tour mit 12 Hallenterminen in Deutschland, \u00d6sterreich und der Schweiz. Die \u201eDU MUSST KEINEM GEFALLEN\u201c - TOUR 2025 zeigt, dass die Band kaum Grenzen kennt, denn ihre Musik bringt sie weiter als je zuvor. Trotz ihres Erfolgs gehen die Hannoveraner aber achtsam mit ihren Privilegien um: Sie wissen, dass an allem ein Preisschild h\u00e4ngt und dass nichts f\u00fcr die Ewigkeit sein kann.<\/p>\n<p>Auf ihrem Weg lie\u00dfen JEREMIAS alles so leicht aussehen: Nach dem erfolgreichen Deb\u00fctalbum \u201egolden hour\u201c folgte \u201eVon Wind und Anonymit\u00e4t\u201c im September `23, das auf dem 3. Platz der Deutschen Albumcharts landete. `24 kam die Band einer Einladung von Herbert Gr\u00f6nemeyer nach, seinen Hit \u201eMambo\u201c zum 40. Geburtstag des Jahrhundert- Albums \u201eBochum\u201c neu zu interpretieren und trat auf angenehm selbstverst\u00e4ndliche Weise bei zwei Stadion-Konzerten der Musik-Ikone auf.<\/p>\n<p>War dann die bald folgende Single \u201eBYE X3\u201c mit Ski Aggu schon immens erfolgreich, so trieb die Fanbase den JEREMIAS-Track \u201eFallen\u201c vom Juli `24 auf ein noch nie dagewesenes Streaming-Hoch. Die Single \u201eMeer\u201c vom Herbst 2024 brach schlie\u00dflich alle eigenen Rekorde und landete zudem auf Platz 4 der Deutschen Singlecharts: Das existentielle Thema fand riesigen Nachhall und wurde bei Shows zum Fanliebling, noch bevor er ver\u00f6ffentlicht wurde.<\/p>\n<p>Es g\u00e4be etliche weitere H\u00f6hepunkte, mit denen JEREMIAS ihren Status deutlich zeigen k\u00f6nnten: Ihr limitiertes Live-Vinyl \u201eich f\u00fchl alles f\u00fcr dich mit\u201c, das unter anderem ihre grandiose Show in der Elbphilharmonie Hamburg 2023 dokumentiert, war sofort ausverkauft \u2013 ebenso wie ihre f\u00fcr April 2025 angek\u00fcndigte Clubtour, die in 45 Minuten sold out meldete.<\/p>\n<p>JEREMIAS\u2019 Musik kommt von einem Ort ihrer Innenseite, der so intim ist, dass man es in normalem Zustand nicht aush\u00e4lt, dies mit anderen zu teilen. In der Single \u201eMeer\u201c lie\u00df sich die Band so tief in die Seele schauen wie selten zuvor: \u201eWenn ich dich atmen h\u00f6r', klingt das wie das Meer. Wie f\u00fchlt sich deine Haut in siebzig Jahren an? Alles bl\u00fcht und verwelkt, alles stirbt und lebt.\u201c Diese pers\u00f6nlichen Zeilen von vielen tausend Menschen gesungen zu h\u00f6ren, ersch\u00fcttert nachhaltig \u2013 dessen sind sich JEREMIAS bewusst.<\/p>\n<p>Die \u201eDU MUSST KEINEM GEFALLEN\u201c - TOUR 2025 wird sie wieder \u00fcber ihre eigenen R\u00e4nder hinaustragen: Wenn man sich die Locations f\u00fcr 2025 aus der Band-Perspektive ansieht, gleicht der Blick ins Publikum tats\u00e4chlich einem Ausblick aufs Meer.<\/p>\n<p>Der Strom der Fans scheint niemals abrei\u00dfen zu wollen, die Energie potenziert sich: Bei den Shows gilt es, die Kraft der Songs aus JEREMIAS\u2019 treibender Disco-Funk-\u00c4ra ebenso zu genie\u00dfen wie sich dem Sog ganz neuer St\u00fccke auszusetzen \u2013 Lieder, die noch nie zuvor live gespielt wurden, nehmen bereits Kurs auf die Setlist der \u201eDU MUSST KEINEM GEFALLEN\u201c - TOUR. JEREMIAS nehmen den Tournee-Titel w\u00f6rtlich: Sie wollen mit sich selbst im Reinensein. Es lieber sagen, wenn es sich dunkel und schwer anf\u00fchlt, als zu besch\u00f6nigen, w\u00e4hrend sie in eine unvorhersehbare Zukunft gehen. Die Kunst, im Augenblick zu leben, ist die still pulsierende Botschaft, die JEREMIAS mit der\u201eDU MUSST KEINEM GEFALLEN\u201c - TOUR 2025 verbreiten: \u201eNichts ist f\u00fcr immer. Im Moment ist es sch\u00f6n, wie es ist, also lasst es uns genie\u00dfen und damit achtsam sein\u201c.<\/p>","protected":false},"excerpt":{"rendered":"<p>JEREMIAS gehen 2025 unter dem Motto \"Du musst keinem gefallen\" auf die bisher gr\u00f6\u00dfte Tour ihrer Bandgeschichte!<\/p>","protected":false},"featured_media":45298,"template":"","meta":{"_acf_changed":false,"inline_featured_image":false},"product_brand":[],"product_cat":[31,344,69,86,35,6733,21,58],"product_tag":[6092,941,962,4700,6091,942,943,944,5991,947,948],"class_list":{"0":"post-45296","1":"product","2":"type-product","3":"status-publish","4":"has-post-thumbnail","6":"product_cat-events","7":"product_cat-haus-auensee","8":"product_cat-konzert","9":"product_cat-leipzig","10":"product_cat-orte","11":"product_cat-pop","12":"product_cat-ticket","13":"product_cat-veranstaltung","14":"product_tag-du-musst-keinem-gefallen-tour-2025","15":"product_tag-events","16":"product_tag-haus-auensee","17":"product_tag-in-extremo","18":"product_tag-jeremias","19":"product_tag-konzert","20":"product_tag-leipzig","21":"product_tag-orte","22":"product_tag-rauhnaechte-tour-2025","23":"product_tag-ticket","24":"product_tag-veranstaltung","25":"product_shipping_class-nur_paketversand","26":"pa_discount-normalpreis","27":"pa_preiskategorie-stehplatz","29":"first","30":"outofstock","31":"taxable","32":"shipping-taxable","33":"purchasable","34":"product-type-variable","35":"has-default-attributes"},"group_of_quantity":0,"min_quantity":0,"max_quantity":"","exclude_order_quantity_value_rules":"no","exclude_category_quantity_rules":"no","combine_variations":"no","acf":[],"_links":{"self":[{"href":"https:\/\/arena-ticket.com\/en\/wp-json\/wp\/v2\/product\/45296","targetHints":{"allow":["GET"]}}],"collection":[{"href":"https:\/\/arena-ticket.com\/en\/wp-json\/wp\/v2\/product"}],"about":[{"href":"https:\/\/arena-ticket.com\/en\/wp-json\/wp\/v2\/types\/product"}],"wp:featuredmedia":[{"embeddable":true,"href":"https:\/\/arena-ticket.com\/en\/wp-json\/wp\/v2\/media\/45298"}],"wp:attachment":[{"href":"https:\/\/arena-ticket.com\/en\/wp-json\/wp\/v2\/media?parent=45296"}],"wp:term":[{"taxonomy":"product_brand","embeddable":true,"href":"https:\/\/arena-ticket.com\/en\/wp-json\/wp\/v2\/product_brand?post=45296"},{"taxonomy":"product_cat","embeddable":true,"href":"https:\/\/arena-ticket.com\/en\/wp-json\/wp\/v2\/product_cat?post=45296"},{"taxonomy":"product_tag","embeddable":true,"href":"https:\/\/arena-ticket.com\/en\/wp-json\/wp\/v2\/product_tag?post=45296"}],"curies":[{"name":"wp","href":"https:\/\/api.w.org\/{rel}","templated":true}]}}