{"id":45430,"date":"2025-07-25T15:57:07","date_gmt":"2025-07-25T13:57:07","guid":{"rendered":"https:\/\/arena-ticket.com\/?p=45430&#038;post_type=product&#038;preview_id=45430"},"modified":"2025-07-25T16:11:30","modified_gmt":"2025-07-25T14:11:30","slug":"boris-rosenberger-was-macht-die-katze-da-im-radio-ein-cat-stevens-abend-leipzig-kabarett-sanftwut-26-10-2025-1600-uhr","status":"publish","type":"product","link":"https:\/\/arena-ticket.com\/en\/product\/boris-rosenberger-was-macht-die-katze-da-im-radio-ein-cat-stevens-abend-leipzig-kabarett-sanftwut-26-10-2025-1600-uhr\/","title":{"rendered":"Boris Rosenberger - Was macht die Katze da im Radio? - Ein Cat-Stevens-Abend"},"content":{"rendered":"<div class=\"productbox-title\"><\/div>\n<p>Gespielt von : Boris Rosenberger<\/p>\n<div class=\"item-list-description\">\n<p>Wann erlischt eigentlich die Unschuld in den Augen des Kindes? Dieses wunderbar-mysteri\u00f6se Glimmen, dieser zweibahnige Tunnel, dieser tiefe Weg in die noch unverletzte Seele?<br \/>\nIn gelesenen Episoden erz\u00e4hlt Boris Rosenberger vom ersten Kuss und entbl\u00e4ttert dabei eine humorvolle Erinnerung an eine heile Vergangenheit, in der die Hunde des Nachbarn noch die gr\u00f6\u00dfte Herausforderung eines jungen Lebens sind. Genau zu dieser Zeit tritt \u201edie Katze\u201c auf den Plan. Als bunte Vorstellung mischt sie im Leben des kleinen Jungen mit und d\u00fcngt mit ihren bunten Geschichten den Garten im Kopf des Kindes.<br \/>\nMit zahlreichen Hits von Cat Stevens, gesungen vom Erz\u00e4hler selbst, f\u00fchrt der Abend zur\u00fcck in ein Jahrzehnt mit bunten Tapeten, schweren Vorh\u00e4ngen, Flokatiteppichen, futuristischen Deckenlampen, M\u00e4nnern mit goldenen Brillen, Oberlippenb\u00e4rten und dicken Koteletten. Es erz\u00e4hlt von der gro\u00dfen Sehnsucht nach alten Zeiten \u2013 ein Cat Stevens Abend mit Augenzwinkern!<\/p>\n<\/div>","protected":false},"excerpt":{"rendered":"<p><span class=\"kb-adv-text-inner\">Get your tickets now!<\/span><\/p>","protected":false},"featured_media":45432,"template":"","meta":{"_acf_changed":false,"inline_featured_image":false},"product_brand":[],"product_cat":[6725,31,95,485,86,35,21,58],"product_tag":[6103,954,941,4006,943,4007,958,947,948,6104],"class_list":{"0":"post-45430","1":"product","2":"type-product","3":"status-publish","4":"has-post-thumbnail","6":"product_cat-comedy","7":"product_cat-events","8":"product_cat-humor","9":"product_cat-kabarett-theater-sanftwut","10":"product_cat-leipzig","11":"product_cat-orte","12":"product_cat-ticket","13":"product_cat-veranstaltung","14":"product_tag-boris-rosenberger","15":"product_tag-comedy","16":"product_tag-events","17":"product_tag-kabarett-theater-sanftwut","18":"product_tag-leipzig","19":"product_tag-sanftwut","20":"product_tag-show","21":"product_tag-ticket","22":"product_tag-veranstaltung","23":"product_tag-was-macht-die-katze-da-im-radio-ein-cat-stevens-abend","24":"product_shipping_class-nur_paketversand","25":"pa_discount-normalpreis","26":"pa_preiskategorie-pk-i","28":"first","29":"instock","30":"taxable","31":"shipping-taxable","32":"purchasable","33":"product-type-variable"},"group_of_quantity":0,"min_quantity":0,"max_quantity":"","exclude_order_quantity_value_rules":"no","exclude_category_quantity_rules":"no","combine_variations":"no","acf":[],"_links":{"self":[{"href":"https:\/\/arena-ticket.com\/en\/wp-json\/wp\/v2\/product\/45430","targetHints":{"allow":["GET"]}}],"collection":[{"href":"https:\/\/arena-ticket.com\/en\/wp-json\/wp\/v2\/product"}],"about":[{"href":"https:\/\/arena-ticket.com\/en\/wp-json\/wp\/v2\/types\/product"}],"wp:featuredmedia":[{"embeddable":true,"href":"https:\/\/arena-ticket.com\/en\/wp-json\/wp\/v2\/media\/45432"}],"wp:attachment":[{"href":"https:\/\/arena-ticket.com\/en\/wp-json\/wp\/v2\/media?parent=45430"}],"wp:term":[{"taxonomy":"product_brand","embeddable":true,"href":"https:\/\/arena-ticket.com\/en\/wp-json\/wp\/v2\/product_brand?post=45430"},{"taxonomy":"product_cat","embeddable":true,"href":"https:\/\/arena-ticket.com\/en\/wp-json\/wp\/v2\/product_cat?post=45430"},{"taxonomy":"product_tag","embeddable":true,"href":"https:\/\/arena-ticket.com\/en\/wp-json\/wp\/v2\/product_tag?post=45430"}],"curies":[{"name":"wp","href":"https:\/\/api.w.org\/{rel}","templated":true}]}}