{"id":45433,"date":"2025-07-25T16:16:54","date_gmt":"2025-07-25T14:16:54","guid":{"rendered":"https:\/\/arena-ticket.com\/?p=45433&#038;post_type=product&#038;preview_id=45433"},"modified":"2026-01-09T10:58:29","modified_gmt":"2026-01-09T09:58:29","slug":"claudia-jung-mit-band-40-jahre-jubilaeumstour-gewandhaus-zu-leipzig-mendelssohn-saal-16-01-2026-1900-uhr","status":"publish","type":"product","link":"https:\/\/arena-ticket.com\/en\/product\/claudia-jung-mit-band-40-jahre-jubilaeumstour-gewandhaus-zu-leipzig-mendelssohn-saal-16-01-2026-1900-uhr\/","title":{"rendered":"Claudia Jung mit Band - 40 Jahre Jubil\u00e4umstour"},"content":{"rendered":"<p>&nbsp;<\/p>\n<div class=\"event-teaser__short-description | js-event-teaser-short-description\">\n<div class=\"event-teaser__price-info | text-highlight text-highlight--alternative | h-no-margin-bottom-for-last-child | js-event-teaser-details-level-1\"><\/div>\n<\/div>\n<div class=\"event-teaser__full-description | js-event-teaser-full-description js-event-teaser-details-level-2\">\n<p>&nbsp;<\/p>\n<p>Die Zeichen f\u00fcr Claudia Jung stehen strahlender denn je auf Erfolg:<\/p>\n<p>Jede ihrer Singles war ganz oben in den Radio-Hitparaden. Un\u00fcberh\u00f6rbar zieht sich Ihre melodi\u00f6se Spur mit Songs wie *Tausend Frauen*, *Amore Amore*, *Atemlos*, *Stumme Signale*, *T\u00fcr an T\u00fcr* - um nur einige zu nennen - durch Radio-Charts, Fernsehsendungen und Schlager-Shows der Extraklasse.<\/p>\n<p>&nbsp;<\/p>\n<p>Ihre Duette *Sommerwein* (mit Nik P), *Hand in Hand* (mit Nino de Angelo), oder mit internationalen Gr\u00f6\u00dfen wie Richard Clayderman (*Je t\u2019aime mon amour*) oder Cliff Richard (*Mistletoe and wine*) sind legend\u00e4r.<\/p>\n<p>&nbsp;<\/p>\n<p>Claudia Jung war, ist und bleibt eine feste Gr\u00f6\u00dfe. Und das seit sagenhaften 40 Jahren.<\/p>\n<p>&nbsp;<\/p>\n<p>Wie k\u00f6nnte man besser den sehnlichsten Wunsch ihres Publikums erf\u00fcllen, die Grand Dame des deutschen Schlagers endlich wieder einen ganzen Abend lang live und pur zu genie\u00dfen. Mit ihrer hochkar\u00e4tigen Band und ihren gr\u00f6\u00dften Hits im Gep\u00e4ck geht Claudia also ab September 2025 auf Solo-Tournee.<\/p>\n<\/div>","protected":false},"excerpt":{"rendered":"<p class=\"h-color-highlight-primary h-no-margin-bottom\">\u00a0Jetzt schon Tickets f\u00fcr den Abend\u00a0 im Gewandhaus zu Leipzig - Mendelssohnsaal - sichern!<\/p>","protected":false},"featured_media":62790,"template":"","meta":{"_acf_changed":false,"inline_featured_image":false},"product_brand":[],"product_cat":[31,345,69,86,931,35,6734,21,58],"product_tag":[6106,6105,941,956,3020,942,943,3397,944,947,948],"class_list":{"0":"post-45433","1":"product","2":"type-product","3":"status-publish","4":"has-post-thumbnail","6":"product_cat-events","7":"product_cat-gewandhaus","8":"product_cat-konzert","9":"product_cat-leipzig","10":"product_cat-mendelssohn-saal","11":"product_cat-orte","12":"product_cat-schlager","13":"product_cat-ticket","14":"product_cat-veranstaltung","15":"product_tag-40-jahre-jubilaeumstour","16":"product_tag-claudia-jung-mit-band","17":"product_tag-events","18":"product_tag-gewandhaus","19":"product_tag-gewandhaus-mendelssohn-saal","20":"product_tag-konzert","21":"product_tag-leipzig","22":"product_tag-mendelssohn-saal","23":"product_tag-orte","24":"product_tag-ticket","25":"product_tag-veranstaltung","26":"product_shipping_class-nur_paketversand","27":"pa_discount-normalpreis","28":"pa_discount-schueler-student","29":"pa_preiskategorie-pk-i","30":"pa_preiskategorie-pk-ii","31":"pa_preiskategorie-pk-iii","33":"first","34":"instock","35":"taxable","36":"shipping-taxable","37":"purchasable","38":"product-type-variable"},"group_of_quantity":0,"min_quantity":0,"max_quantity":"","exclude_order_quantity_value_rules":"no","exclude_category_quantity_rules":"no","combine_variations":"no","acf":[],"_links":{"self":[{"href":"https:\/\/arena-ticket.com\/en\/wp-json\/wp\/v2\/product\/45433","targetHints":{"allow":["GET"]}}],"collection":[{"href":"https:\/\/arena-ticket.com\/en\/wp-json\/wp\/v2\/product"}],"about":[{"href":"https:\/\/arena-ticket.com\/en\/wp-json\/wp\/v2\/types\/product"}],"wp:featuredmedia":[{"embeddable":true,"href":"https:\/\/arena-ticket.com\/en\/wp-json\/wp\/v2\/media\/62790"}],"wp:attachment":[{"href":"https:\/\/arena-ticket.com\/en\/wp-json\/wp\/v2\/media?parent=45433"}],"wp:term":[{"taxonomy":"product_brand","embeddable":true,"href":"https:\/\/arena-ticket.com\/en\/wp-json\/wp\/v2\/product_brand?post=45433"},{"taxonomy":"product_cat","embeddable":true,"href":"https:\/\/arena-ticket.com\/en\/wp-json\/wp\/v2\/product_cat?post=45433"},{"taxonomy":"product_tag","embeddable":true,"href":"https:\/\/arena-ticket.com\/en\/wp-json\/wp\/v2\/product_tag?post=45433"}],"curies":[{"name":"wp","href":"https:\/\/api.w.org\/{rel}","templated":true}]}}