{"id":45530,"date":"2025-07-28T16:59:34","date_gmt":"2025-07-28T14:59:34","guid":{"rendered":"https:\/\/arena-ticket.com\/?p=45530&#038;post_type=product&#038;preview_id=45530"},"modified":"2025-11-25T11:43:41","modified_gmt":"2025-11-25T10:43:41","slug":"haensel-und-gretel-oper-leipzig-26-12-2025-1700-uhr-2","status":"publish","type":"product","link":"https:\/\/arena-ticket.com\/en\/product\/haensel-und-gretel-oper-leipzig-26-12-2025-1700-uhr-2\/","title":{"rendered":"H\u00e4nsel und Gretel"},"content":{"rendered":"<p>Seit \u00fcber hundert Jahren verzaubert Engelbert Humperdincks M\u00e4rchenoper \u00bbH\u00e4nsel und Gretel\u00ab nun schon Generationen von jungen Opernbesuchern. Bezeichnenderweise fand die Urauff\u00fchrung dieser Oper am Vorabend eines Heiligen Abends statt. Und noch heute erscheint H\u00e4nsel und Gretel allj\u00e4hrlich zur Weihnachtszeit auf den Spielpl\u00e4nen fast aller Opernh\u00e4user.<\/p>\n<p>Oper von Engelbert Humperdinck<\/p>\n<p>Ein Werk f\u00fcr Kinder, die ihre Eltern einmal mit in die Oper nehmen wollen: Alexander Mudlagk gestaltete mit Kost\u00fcmen und B\u00fchnenbild eine fabelhafte Szenerie, die Traumwelt und Realit\u00e4t in diesem M\u00e4rchenklassiker poetisch verbindet.<br \/>\nMit ihrer Mischung aus sp\u00e4tromantischem Schmelz und volkst\u00fcmlichen Melodien ist die Oper alle Jahre wieder ein Muss.<\/p>\n<p>MUSIKALISCHE LEITUNG: Christoph Gedschold<br \/>\nNach einer Inszenierung von Birgit Eckenweber<br \/>\nChor und Kinderchor der Oper Leipzig \/ Gewandhausorchester<\/p>\n<p>Dauer: 2 1\/2 Stunde, eine Pause<br \/>\nAltersempfehlung: ab 8 Jahre<\/p>","protected":false},"excerpt":{"rendered":"<p>Get your tickets here now!<\/p>","protected":false},"featured_media":49957,"template":"","meta":{"_acf_changed":false,"inline_featured_image":false},"product_brand":[],"product_cat":[31,94,922,86,346,6770,35,21,58,6581],"product_tag":[941,6108,978,951,943,961,947,948,2048],"class_list":{"0":"post-45530","1":"product","2":"type-product","3":"status-publish","4":"has-post-thumbnail","6":"product_cat-events","7":"product_cat-kinder","8":"product_cat-kultur","9":"product_cat-leipzig","10":"product_cat-oper-leipzig","11":"product_cat-oper-operette","12":"product_cat-orte","13":"product_cat-ticket","14":"product_cat-veranstaltung","15":"product_cat-weihnachten","16":"product_tag-events","17":"product_tag-haensel-und-gretel","18":"product_tag-kinder","19":"product_tag-kultur","20":"product_tag-leipzig","21":"product_tag-oper-leipzig","22":"product_tag-ticket","23":"product_tag-veranstaltung","24":"product_tag-weihnachten","25":"product_shipping_class-nur_paketversand","26":"pa_discount-ermaessigt","27":"pa_discount-kind-bis-14-jahre","28":"pa_discount-normalpreis","29":"pa_discount-schueler-student","30":"pa_discount-schwerbeschaedigt","31":"pa_preiskategorie-pk-i","32":"pa_preiskategorie-pk-ii","33":"pa_preiskategorie-pk-iii","34":"pa_preiskategorie-pk-iv","35":"pa_preiskategorie-pk-v","36":"pa_preiskategorie-pk-vi","38":"first","39":"instock","40":"taxable","41":"shipping-taxable","42":"purchasable","43":"product-type-variable"},"group_of_quantity":0,"min_quantity":0,"max_quantity":"","exclude_order_quantity_value_rules":"no","exclude_category_quantity_rules":"no","combine_variations":"no","acf":[],"_links":{"self":[{"href":"https:\/\/arena-ticket.com\/en\/wp-json\/wp\/v2\/product\/45530","targetHints":{"allow":["GET"]}}],"collection":[{"href":"https:\/\/arena-ticket.com\/en\/wp-json\/wp\/v2\/product"}],"about":[{"href":"https:\/\/arena-ticket.com\/en\/wp-json\/wp\/v2\/types\/product"}],"wp:featuredmedia":[{"embeddable":true,"href":"https:\/\/arena-ticket.com\/en\/wp-json\/wp\/v2\/media\/49957"}],"wp:attachment":[{"href":"https:\/\/arena-ticket.com\/en\/wp-json\/wp\/v2\/media?parent=45530"}],"wp:term":[{"taxonomy":"product_brand","embeddable":true,"href":"https:\/\/arena-ticket.com\/en\/wp-json\/wp\/v2\/product_brand?post=45530"},{"taxonomy":"product_cat","embeddable":true,"href":"https:\/\/arena-ticket.com\/en\/wp-json\/wp\/v2\/product_cat?post=45530"},{"taxonomy":"product_tag","embeddable":true,"href":"https:\/\/arena-ticket.com\/en\/wp-json\/wp\/v2\/product_tag?post=45530"}],"curies":[{"name":"wp","href":"https:\/\/api.w.org\/{rel}","templated":true}]}}