{"id":45551,"date":"2025-07-28T17:05:03","date_gmt":"2025-07-28T15:05:03","guid":{"rendered":"https:\/\/arena-ticket.com\/?p=45551&#038;post_type=product&#038;preview_id=45551"},"modified":"2025-11-25T10:30:19","modified_gmt":"2025-11-25T09:30:19","slug":"der-nussknacker-oper-leipzig-25-12-2025-1700-uhr","status":"publish","type":"product","link":"https:\/\/arena-ticket.com\/en\/product\/der-nussknacker-oper-leipzig-25-12-2025-1700-uhr\/","title":{"rendered":"Der Nussknacker"},"content":{"rendered":"<p>Ballett von Kaloyan Boyadjiev nach \u00bbNussknacker und Mausek\u00f6nig\u00ab von E. T. A. Hoffmann<br \/>\nMusik von Peter I. Tschaikowski<\/p>\n<p>An einem geheimnisvollen Weihnachtsabend beginnt f\u00fcr Clara eine m\u00e4rchenhafte Nacht, als der Nussknacker, den sie geschenkt bekommt, sie in eine magische Welt entf\u00fchrt, in der Spielzeuge lebendig werden und Tr\u00e4ume wahr werden. Kaloyan Boyadjiev bringt den Klassiker mit einer modernisierten Choreographie und einer detailverliebten Neuausstattung zu neuem Leben, w\u00e4hrend Tschaikowskis unverg\u00e4ngliche Musik die Fantasie der Weihnachtszeit entfaltet. \u00bbDer Nussknacker\u00ab wird so zu einer zeitlosen Reise durch W\u00fcnsche und die Magie des Unbekannten, die Jung und Alt gleicherma\u00dfen verzaubert.<\/p>\n<p>Musikalische Leitung: Matthias Foremny \/ Yura Yang<br \/>\nChoreographie, Dramaturgie: Kaloyan Boyadjiev<br \/>\nAusstattung, Dramaturgie: Jon Bausor<br \/>\nKost\u00fcme: Bregje van Balen<br \/>\nLeipziger Ballett \/ Kinderchor der Op<\/p>","protected":false},"excerpt":{"rendered":"<p>Get your tickets here now!<\/p>","protected":false},"featured_media":49329,"template":"","meta":{"_acf_changed":false,"inline_featured_image":false},"product_brand":[],"product_cat":[31,922,86,346,6770,35,21,58,6581],"product_tag":[6109,941,951,943,961,947,948,2048],"class_list":{"0":"post-45551","1":"product","2":"type-product","3":"status-publish","4":"has-post-thumbnail","6":"product_cat-events","7":"product_cat-kultur","8":"product_cat-leipzig","9":"product_cat-oper-leipzig","10":"product_cat-oper-operette","11":"product_cat-orte","12":"product_cat-ticket","13":"product_cat-veranstaltung","14":"product_cat-weihnachten","15":"product_tag-der-nussknacker","16":"product_tag-events","17":"product_tag-kultur","18":"product_tag-leipzig","19":"product_tag-oper-leipzig","20":"product_tag-ticket","21":"product_tag-veranstaltung","22":"product_tag-weihnachten","23":"product_shipping_class-nur_paketversand","24":"pa_discount-ermaessigt","25":"pa_discount-kind-bis-14-jahre","26":"pa_discount-normalpreis","27":"pa_discount-schueler-student","28":"pa_discount-schwerbeschaedigt","29":"pa_preiskategorie-pk-i","30":"pa_preiskategorie-pk-ii","31":"pa_preiskategorie-pk-iii","32":"pa_preiskategorie-pk-iv","33":"pa_preiskategorie-pk-v","34":"pa_preiskategorie-pk-vi","36":"first","37":"instock","38":"taxable","39":"shipping-taxable","40":"purchasable","41":"product-type-variable"},"group_of_quantity":0,"min_quantity":0,"max_quantity":"","exclude_order_quantity_value_rules":"no","exclude_category_quantity_rules":"no","combine_variations":"no","acf":[],"_links":{"self":[{"href":"https:\/\/arena-ticket.com\/en\/wp-json\/wp\/v2\/product\/45551","targetHints":{"allow":["GET"]}}],"collection":[{"href":"https:\/\/arena-ticket.com\/en\/wp-json\/wp\/v2\/product"}],"about":[{"href":"https:\/\/arena-ticket.com\/en\/wp-json\/wp\/v2\/types\/product"}],"wp:featuredmedia":[{"embeddable":true,"href":"https:\/\/arena-ticket.com\/en\/wp-json\/wp\/v2\/media\/49329"}],"wp:attachment":[{"href":"https:\/\/arena-ticket.com\/en\/wp-json\/wp\/v2\/media?parent=45551"}],"wp:term":[{"taxonomy":"product_brand","embeddable":true,"href":"https:\/\/arena-ticket.com\/en\/wp-json\/wp\/v2\/product_brand?post=45551"},{"taxonomy":"product_cat","embeddable":true,"href":"https:\/\/arena-ticket.com\/en\/wp-json\/wp\/v2\/product_cat?post=45551"},{"taxonomy":"product_tag","embeddable":true,"href":"https:\/\/arena-ticket.com\/en\/wp-json\/wp\/v2\/product_tag?post=45551"}],"curies":[{"name":"wp","href":"https:\/\/api.w.org\/{rel}","templated":true}]}}