{"id":45613,"date":"2025-07-29T12:32:09","date_gmt":"2025-07-29T10:32:09","guid":{"rendered":"https:\/\/arena-ticket.com\/?p=45613&#038;post_type=product&#038;preview_id=45613"},"modified":"2026-03-20T09:28:47","modified_gmt":"2026-03-20T08:28:47","slug":"albert-lortzing-und-die-deutsche-romantik-oper-leipzig-01-05-2026-1930-uhr","status":"publish","type":"product","link":"https:\/\/arena-ticket.com\/en\/product\/albert-lortzing-und-die-deutsche-romantik-oper-leipzig-01-05-2026-1930-uhr\/","title":{"rendered":"An den Fr\u00fchling (Er\u00f6ffnungskonzert)  - amarcord (Deutschland) - a cappella"},"content":{"rendered":"<p>In den Wonnemai hinein steigen <strong>a cappella<\/strong> und seine Hausherren amarcord einmal mehr frischen Muts und Programms \u2013 erstmals aber gemeinsam mit und in der Oper Leipzig!<br \/>\n2026 wird dort mit einem Festival Albert Lortzing gefeiert, der sich als Opernkomponist gerade auch in seiner Leipziger Zeit einen gro\u00dfen Namen machte. So spu\u0308ren amarcord zum Auftakt ihres hauseigenen Festes und in der Verknu\u0308pfung der \u00bbH\u00e4user\u00ab nach, was Lortzing und \u2013 ganz die amarcord\u2019sche Manier \u2013 auch seine Zeitgenossen dereinst eigentlich fu\u0308r Vokalensembles und Ch\u00f6re zu Papier und zu Stimme brachten. Es erwarten uns ein a cappella Auftakt im Geiste der romantischen Tradition von M\u00e4nnerchor und Liedertafel, mit Werken von Albert Lortzing und etwa Marschner oder Mendelssohn \u2013 und der gesellig-klangvolle Auftaktakkord in einen weiteren vokalen Fru\u0308hling in Leipzig!<\/p>\n<p>&nbsp;<\/p>\n<p>* Erm\u00e4\u00dfigt sind Sch\u00fclerinnen\/Sch\u00fcler, Auszubildende, Erwerbslose, Bundesfreiwilligendienstleistende, Schwerbehinderte, Inhaber des Leipzig Pass gegen Vorlage des pers\u00f6nlichen Ausweises.<\/p>\n<p>F\u00fcr die Konzerte am 01.05. und am 05.05. gelten die Erm\u00e4\u00dfigungsregeln der Oper Leipzig bzw. des Gewandhauses. Alle Angaben ohne Gew\u00e4hrl<\/p>","protected":false},"excerpt":{"rendered":"<p>Er\u00f6ffnungskonzert im Rahmen des internationalen Festivals f\u00fcr Vokalmusik \u00bba cappella\u00ab<\/p>","protected":false},"featured_media":63450,"template":"","meta":{"_acf_changed":false,"inline_featured_image":false},"product_brand":[],"product_cat":[31,6741,69,86,346,35,21,58],"product_tag":[6111,6782,6781,941,2504,942,951,943,963,961,944,958,947,948],"class_list":{"0":"post-45613","1":"product","2":"type-product","3":"status-publish","4":"has-post-thumbnail","6":"product_cat-events","7":"product_cat-klassik","8":"product_cat-konzert","9":"product_cat-leipzig","10":"product_cat-oper-leipzig","11":"product_cat-orte","12":"product_cat-ticket","13":"product_cat-veranstaltung","14":"product_tag-albert-lortzing-und-die-deutsche-romantik","15":"product_tag-amarcord-deutschland-a-cappella","16":"product_tag-an-den-fruehling-eroeffnungskonzert","17":"product_tag-events","18":"product_tag-klassik","19":"product_tag-konzert","20":"product_tag-kultur","21":"product_tag-leipzig","22":"product_tag-musical","23":"product_tag-oper-leipzig","24":"product_tag-orte","25":"product_tag-show","26":"product_tag-ticket","27":"product_tag-veranstaltung","28":"product_shipping_class-nur_paketversand","29":"pa_discount-ermaessigt","30":"pa_discount-kind-bis-14-jahre","31":"pa_discount-normalpreis","32":"pa_discount-schueler-student","33":"pa_discount-schwerbeschaedigt","34":"pa_preiskategorie-pk-i","35":"pa_preiskategorie-pk-ii","36":"pa_preiskategorie-pk-iii","37":"pa_preiskategorie-pk-iv","38":"pa_preiskategorie-pk-v","39":"pa_preiskategorie-pk-vi","41":"first","42":"instock","43":"taxable","44":"shipping-taxable","45":"purchasable","46":"product-type-variable"},"group_of_quantity":0,"min_quantity":0,"max_quantity":"","exclude_order_quantity_value_rules":"no","exclude_category_quantity_rules":"no","combine_variations":"no","acf":[],"_links":{"self":[{"href":"https:\/\/arena-ticket.com\/en\/wp-json\/wp\/v2\/product\/45613","targetHints":{"allow":["GET"]}}],"collection":[{"href":"https:\/\/arena-ticket.com\/en\/wp-json\/wp\/v2\/product"}],"about":[{"href":"https:\/\/arena-ticket.com\/en\/wp-json\/wp\/v2\/types\/product"}],"wp:featuredmedia":[{"embeddable":true,"href":"https:\/\/arena-ticket.com\/en\/wp-json\/wp\/v2\/media\/63450"}],"wp:attachment":[{"href":"https:\/\/arena-ticket.com\/en\/wp-json\/wp\/v2\/media?parent=45613"}],"wp:term":[{"taxonomy":"product_brand","embeddable":true,"href":"https:\/\/arena-ticket.com\/en\/wp-json\/wp\/v2\/product_brand?post=45613"},{"taxonomy":"product_cat","embeddable":true,"href":"https:\/\/arena-ticket.com\/en\/wp-json\/wp\/v2\/product_cat?post=45613"},{"taxonomy":"product_tag","embeddable":true,"href":"https:\/\/arena-ticket.com\/en\/wp-json\/wp\/v2\/product_tag?post=45613"}],"curies":[{"name":"wp","href":"https:\/\/api.w.org\/{rel}","templated":true}]}}