{"id":45635,"date":"2025-07-29T13:43:47","date_gmt":"2025-07-29T11:43:47","guid":{"rendered":"https:\/\/arena-ticket.com\/?p=45635&#038;post_type=product&#038;preview_id=45635"},"modified":"2025-11-25T10:30:18","modified_gmt":"2025-11-25T09:30:18","slug":"quintense-a-cappella-christmas-for-kids-leipzig-kupfersaal-07-12-2025-1600-uhr-2","status":"publish","type":"product","link":"https:\/\/arena-ticket.com\/en\/product\/quintense-a-cappella-christmas-for-kids-leipzig-kupfersaal-07-12-2025-1600-uhr-2\/","title":{"rendered":"Quintense  - A Cappella Christmas for Kids"},"content":{"rendered":"<p>Nachdem Quintense letztes Jahr mit \u00bbMorgen, Rinder, wird\u2019s was geben\u00ab f\u00fcr tosenden Applaus im Saal sorgte, kommen sie dieses Jahr mit einem neuen interaktiven Programm f\u00fcr Klein und Gro\u00df zur\u00fcck in den Kupfersaal!<\/p>\n<p>Ihre Stimmen und f\u00fcnf Mikrofone - das ist alles, was die Band braucht, um farbenfrohe Weihnachtsszenen musikalisch ins Publikum zu zaubern. Ob vertr\u00e4umt, gut gelaunt, and\u00e4chtig oder mit Wumms: Jeder Sound entsteht allein durch Gesang und Beatbox, jedes Konzert wird dadurch zu einer eindrucksvollen Erfahrung.<\/p>\n<p>Aber wie machen sie das?! Ihr k\u00f6nnt es selbst ausprobieren: Freut Euch auf Mitsinge-Parts und einen kleinen Exkurs in Beatboxing!<\/p>\n<p>Lernt die vielseitige Welt des A Cappella Gesangs mit Eurer Familie kennen und lasst Euch in ihren Bann ziehen.<\/p>\n<p>Auf der Reise durch eine musikalische Winterlandschaft mit gro\u00dfen Weihnachts-Klassikern von Frank Sinatra oder Michael Bubl\u00e9 l\u00e4sst Quintense sein Publikum immer wieder Teil der Musik werden. Dabei versteht es die Band wie niemand anderes, jung und alt zu begeistern und bestens zu unterhalten.<\/p>","protected":false},"excerpt":{"rendered":"<p>Get your tickets here now!<\/p>","protected":false},"featured_media":52949,"template":"","meta":{"_acf_changed":false,"inline_featured_image":false},"product_brand":[],"product_cat":[31,6741,69,430,86,35,21,58,6581],"product_tag":[5715,941,942,951,968,943,944,5714,947,948,2048],"class_list":{"0":"post-45635","1":"product","2":"type-product","3":"status-publish","4":"has-post-thumbnail","6":"product_cat-events","7":"product_cat-klassik","8":"product_cat-konzert","9":"product_cat-kupfersaal","10":"product_cat-leipzig","11":"product_cat-orte","12":"product_cat-ticket","13":"product_cat-veranstaltung","14":"product_cat-weihnachten","15":"product_tag-a-cappella-christmas-for-kids","16":"product_tag-events","17":"product_tag-konzert","18":"product_tag-kultur","19":"product_tag-kupfersaal","20":"product_tag-leipzig","21":"product_tag-orte","22":"product_tag-quintense","23":"product_tag-ticket","24":"product_tag-veranstaltung","25":"product_tag-weihnachten","26":"product_shipping_class-nur_paketversand","27":"pa_discount-ermaessigt","28":"pa_discount-normalpreis","29":"pa_preiskategorie-freie-platzwahl","31":"first","32":"instock","33":"taxable","34":"shipping-taxable","35":"purchasable","36":"product-type-variable"},"group_of_quantity":0,"min_quantity":0,"max_quantity":"","exclude_order_quantity_value_rules":"no","exclude_category_quantity_rules":"no","combine_variations":"no","acf":[],"_links":{"self":[{"href":"https:\/\/arena-ticket.com\/en\/wp-json\/wp\/v2\/product\/45635","targetHints":{"allow":["GET"]}}],"collection":[{"href":"https:\/\/arena-ticket.com\/en\/wp-json\/wp\/v2\/product"}],"about":[{"href":"https:\/\/arena-ticket.com\/en\/wp-json\/wp\/v2\/types\/product"}],"wp:featuredmedia":[{"embeddable":true,"href":"https:\/\/arena-ticket.com\/en\/wp-json\/wp\/v2\/media\/52949"}],"wp:attachment":[{"href":"https:\/\/arena-ticket.com\/en\/wp-json\/wp\/v2\/media?parent=45635"}],"wp:term":[{"taxonomy":"product_brand","embeddable":true,"href":"https:\/\/arena-ticket.com\/en\/wp-json\/wp\/v2\/product_brand?post=45635"},{"taxonomy":"product_cat","embeddable":true,"href":"https:\/\/arena-ticket.com\/en\/wp-json\/wp\/v2\/product_cat?post=45635"},{"taxonomy":"product_tag","embeddable":true,"href":"https:\/\/arena-ticket.com\/en\/wp-json\/wp\/v2\/product_tag?post=45635"}],"curies":[{"name":"wp","href":"https:\/\/api.w.org\/{rel}","templated":true}]}}