{"id":45644,"date":"2025-07-29T17:05:40","date_gmt":"2025-07-29T15:05:40","guid":{"rendered":"https:\/\/arena-ticket.com\/?p=45644&#038;post_type=product&#038;preview_id=45644"},"modified":"2026-04-21T15:15:59","modified_gmt":"2026-04-21T13:15:59","slug":"a-cappella-konzert-gewandhaus-zu-leipzig-mendelssohn-saal-05-05-2026-2000-uhr","status":"publish","type":"product","link":"https:\/\/arena-ticket.com\/en\/product\/a-cappella-konzert-gewandhaus-zu-leipzig-mendelssohn-saal-05-05-2026-2000-uhr\/","title":{"rendered":"Serendipity (Preistr\u00e4gerkonzert)  - The Bookmarks (Georgien) - a cappella"},"content":{"rendered":"<p>In einem akustischen D\u00e9j\u00e0-vu und aufsehenerregendem H\u00f6rerlebnis hat der Internationale <strong>a cappella<\/strong> Wettbewerb Leipzig im vergangenen Jahr ein blutjunges Ensemble aus Georgien zu seinem Sieger geku\u0308rt: The Bookmarks sind sieben sehr junge Gesangstalente \u2013 im Schnitt 16 Jahre und als Ensemble erst seit 2023 gemeinsam unterwegs \u2013 und beeindruckten Jury und Publikum mit einem Spagat aus extremer Leichtigkeit und hohem Niveau beim Musizieren von A-cappella-Stu\u0308cken, die \u2013 teils aus eigener Feder \u2013 zwischen Jazz- und Folk-T\u00f6nen erblu\u0308hen. Also durchaus au\u00dfergew\u00f6hnlich. Die Gruppe l\u00e4sst staunen und wird somit zu ihrem Preistr\u00e4gerkonzert im Rahmen des 26. Festivals <strong>a cappella<\/strong> wohl von Vielen sehnsu\u0308chtig erwartet werden \u2026 Sehen und h\u00f6ren Sie selbst!<\/p>\n<p>* Erm\u00e4\u00dfigt sind Sch\u00fclerinnen\/Sch\u00fcler, Auszubildende, Erwerbslose, Bundesfreiwilligendienstleistende, Schwerbehinderte, Inhaber des Leipzig Pass gegen Vorlage des pers\u00f6nlichen Ausweises.<\/p>\n<p>F\u00fcr die Konzerte am 01.05. und am 05.05. gelten die Erm\u00e4\u00dfigungsregeln der Oper Leipzig bzw. des Gewandhauses. Alle Angaben ohne Gew\u00e4hrl<\/p>","protected":false},"excerpt":{"rendered":"<p><span id=\"span-1679-368\" class=\"ct-span\">Sichern Sie sich Ihre Tickets f\u00fcr dieses Konzert im Rahmen des 26. Internationalen Festivals f\u00fcr Vokalmusik \u00bba cappella\u00ab Leipzig.<\/span><\/p>","protected":false},"featured_media":59305,"template":"","meta":{"_acf_changed":false,"inline_featured_image":false},"product_brand":[],"product_cat":[31,345,6741,69,86,931,35,21,58],"product_tag":[3363,941,956,3020,2504,942,943,3397,944,6790,6646,6791,947,948],"class_list":{"0":"post-45644","1":"product","2":"type-product","3":"status-publish","4":"has-post-thumbnail","6":"product_cat-events","7":"product_cat-gewandhaus","8":"product_cat-klassik","9":"product_cat-konzert","10":"product_cat-leipzig","11":"product_cat-mendelssohn-saal","12":"product_cat-orte","13":"product_cat-ticket","14":"product_cat-veranstaltung","15":"product_tag-a-cappella-konzert","16":"product_tag-events","17":"product_tag-gewandhaus","18":"product_tag-gewandhaus-mendelssohn-saal","19":"product_tag-klassik","20":"product_tag-konzert","21":"product_tag-leipzig","22":"product_tag-mendelssohn-saal","23":"product_tag-orte","24":"product_tag-serendipity-preistraegerkonzert","25":"product_tag-the-bookmarks","26":"product_tag-the-bookmarks-georgien-a-cappella","27":"product_tag-ticket","28":"product_tag-veranstaltung","29":"product_shipping_class-nur_paketversand","30":"pa_discount-ermaessigt","31":"pa_discount-leipzig-pass-inhaber","32":"pa_discount-normalpreis","33":"pa_discount-schueler-student","34":"pa_preiskategorie-pk-i","35":"pa_preiskategorie-pk-ii","36":"pa_preiskategorie-pk-iii","38":"first","39":"instock","40":"taxable","41":"shipping-taxable","42":"purchasable","43":"product-type-variable"},"group_of_quantity":0,"min_quantity":0,"max_quantity":"","exclude_order_quantity_value_rules":"no","exclude_category_quantity_rules":"no","combine_variations":"no","acf":[],"_links":{"self":[{"href":"https:\/\/arena-ticket.com\/en\/wp-json\/wp\/v2\/product\/45644","targetHints":{"allow":["GET"]}}],"collection":[{"href":"https:\/\/arena-ticket.com\/en\/wp-json\/wp\/v2\/product"}],"about":[{"href":"https:\/\/arena-ticket.com\/en\/wp-json\/wp\/v2\/types\/product"}],"wp:featuredmedia":[{"embeddable":true,"href":"https:\/\/arena-ticket.com\/en\/wp-json\/wp\/v2\/media\/59305"}],"wp:attachment":[{"href":"https:\/\/arena-ticket.com\/en\/wp-json\/wp\/v2\/media?parent=45644"}],"wp:term":[{"taxonomy":"product_brand","embeddable":true,"href":"https:\/\/arena-ticket.com\/en\/wp-json\/wp\/v2\/product_brand?post=45644"},{"taxonomy":"product_cat","embeddable":true,"href":"https:\/\/arena-ticket.com\/en\/wp-json\/wp\/v2\/product_cat?post=45644"},{"taxonomy":"product_tag","embeddable":true,"href":"https:\/\/arena-ticket.com\/en\/wp-json\/wp\/v2\/product_tag?post=45644"}],"curies":[{"name":"wp","href":"https:\/\/api.w.org\/{rel}","templated":true}]}}