{"id":45653,"date":"2025-07-29T17:37:22","date_gmt":"2025-07-29T15:37:22","guid":{"rendered":"https:\/\/arena-ticket.com\/?p=45653&#038;post_type=product&#038;preview_id=45653"},"modified":"2025-12-23T15:17:12","modified_gmt":"2025-12-23T14:17:12","slug":"bushido-alles-wird-gut-tour-2026-berlin-uber-arena-12-01-2026-2000-uhr","status":"publish","type":"product","link":"https:\/\/arena-ticket.com\/en\/product\/bushido-alles-wird-gut-tour-2026-berlin-uber-arena-12-01-2026-2000-uhr\/","title":{"rendered":"BUSHIDO - Everything will be fine - Tour 2026"},"content":{"rendered":"<p>Darauf hatten seine Fans lange gewartet. Bushido is back!<\/p>\n<p>Seine \u201eK\u00f6nig f\u00fcr immer\u201c Tour f\u00fchrte ihn 2024 durch ganz Deutschland, \u00d6sterreich und der Schweiz. Der Rapper und seine Fans waren gleicherma\u00dfen begeistert von der \u00fcberw\u00e4ltigten Stimmung, der mitrei\u00dfenden Atmosph\u00e4re, der einzigartigen Energie und der bis ins Detail geplanten B\u00fchnenshows.<\/p>\n<p>Mehr als 150.000 Besucher feierten ihren \u201eK\u00f6nig f\u00fcr immer\u201c und konnten sich davon \u00fcber-zeugen: Ihr Bushido, ist besser denn je.<\/p>\n<p>Egal ob \u201eAlles wird gut\u201c, \u201ePanamera Flow\u201c, \u201eVon der Skyline zum Bordstein zur\u00fcck\u201c, \u201eF\u00fcr im-mer jung\u201c \u2013 die Musik von Anis Mohamed Youssef Ferchichi, wie Bushido b\u00fcrgerlich hei\u00dft, ist weltbekannt.<\/p>\n<p>Bushido lieferte ab! und versetzte seine Fans in einen Rausch von Emotionen, die Konzert- Arenen und Open Air Gel\u00e4nde bebten und die stimmgewaltigen und textsicheren Fans des Rappers feierten jeden Song. G\u00e4nsehaut pur! F\u00fcr alle, die diese Momente noch einmal nachf\u00fchlen m\u00f6chten- RTL+ ver\u00f6ffentlicht ab 13. Juli 2024 die Doku \"Bushido &amp; Anna-Maria \u2013 Alle auf Tour\". Sowohl seine Frau Anna-Maria als auch die gemeinsamen acht Kin-der begleiten den Rapper im Tourbus und in den Konzert- Arenen.<\/p>\n<p>R\u00fcckblickend auf die erfolgreiche ausverkaufte Arenen- Tour und der Riesenresonanz auf Social Media hat sich der preisgekr\u00f6nte Deutsch- Rapper dazu entschlossen, eine letzte Ab-schieds-Tour im Jahr 2026 zu spielen. Gemeinsam mit seinem Tourveranstalter, Concertb\u00fcro Zahlmann wird der Rapper einen weiteren Meilenstein in seiner beispiellosen Karriere setzen.<\/p>\n<p>\u201eDas bin ich meiner treuen Fangemeinschaft schuldig und nat\u00fcrlich auch all den neu hinzu-gewonnenen Fans. Die Abschieds-Tour 2026 wird noch kraftvoller, noch gewaltiger, noch krasser.\u201c so, Bushido.<\/p>\n<p>Es wird auch bei der Tour 2026 wieder eine Titel- Wunschliste geben, wo die Fans ihre Lieb-lingssongs eintragen k\u00f6nnen.<\/p>","protected":false},"excerpt":{"rendered":"<p>Bushido setzt seiner Karriere die Krone auf und geht zum Abschied 2026 auf gro\u00dfe \"Alles wird gut\"-Tour!<\/p>","protected":false},"featured_media":61598,"template":"","meta":{"_acf_changed":false,"inline_featured_image":false},"product_brand":[],"product_cat":[31,315,6737,69,35,517,58],"product_tag":[3643,1332,2310,941,942,944,3638,948],"class_list":{"0":"post-45653","1":"product","2":"type-product","3":"status-publish","4":"has-post-thumbnail","6":"product_cat-events","7":"product_cat-berlin","8":"product_cat-hip-hop-rnb","9":"product_cat-konzert","10":"product_cat-orte","11":"product_cat-uber-arena","12":"product_cat-veranstaltung","13":"product_tag-alles-wird-gut-tour-2026","14":"product_tag-berlin","15":"product_tag-bushido","16":"product_tag-events","17":"product_tag-konzert","18":"product_tag-orte","19":"product_tag-uber-arena","20":"product_tag-veranstaltung","21":"product_shipping_class-nur_paketversand","22":"pa_discount-kind","23":"pa_discount-normalpreis","24":"pa_preiskategorie-front-of-stage-stehplatz","25":"pa_preiskategorie-pk-i","26":"pa_preiskategorie-pk-iii","27":"pa_preiskategorie-pk-iv","28":"pa_preiskategorie-stehplatz","30":"first","31":"outofstock","32":"taxable","33":"shipping-taxable","34":"purchasable","35":"product-type-variable","36":"has-default-attributes"},"group_of_quantity":0,"min_quantity":0,"max_quantity":"","exclude_order_quantity_value_rules":"no","exclude_category_quantity_rules":"no","combine_variations":"no","acf":[],"_links":{"self":[{"href":"https:\/\/arena-ticket.com\/en\/wp-json\/wp\/v2\/product\/45653","targetHints":{"allow":["GET"]}}],"collection":[{"href":"https:\/\/arena-ticket.com\/en\/wp-json\/wp\/v2\/product"}],"about":[{"href":"https:\/\/arena-ticket.com\/en\/wp-json\/wp\/v2\/types\/product"}],"wp:featuredmedia":[{"embeddable":true,"href":"https:\/\/arena-ticket.com\/en\/wp-json\/wp\/v2\/media\/61598"}],"wp:attachment":[{"href":"https:\/\/arena-ticket.com\/en\/wp-json\/wp\/v2\/media?parent=45653"}],"wp:term":[{"taxonomy":"product_brand","embeddable":true,"href":"https:\/\/arena-ticket.com\/en\/wp-json\/wp\/v2\/product_brand?post=45653"},{"taxonomy":"product_cat","embeddable":true,"href":"https:\/\/arena-ticket.com\/en\/wp-json\/wp\/v2\/product_cat?post=45653"},{"taxonomy":"product_tag","embeddable":true,"href":"https:\/\/arena-ticket.com\/en\/wp-json\/wp\/v2\/product_tag?post=45653"}],"curies":[{"name":"wp","href":"https:\/\/api.w.org\/{rel}","templated":true}]}}