{"id":45674,"date":"2025-07-30T10:57:49","date_gmt":"2025-07-30T08:57:49","guid":{"rendered":"https:\/\/arena-ticket.com\/?p=45674&#038;post_type=product&#038;preview_id=45674"},"modified":"2025-07-31T16:38:47","modified_gmt":"2025-07-31T14:38:47","slug":"the-black-magics-zauberlehrstunde-auf-hogwarts-leipzig-kabarett-sanftwut-26-10-2025-1300-uhr","status":"publish","type":"product","link":"https:\/\/arena-ticket.com\/en\/product\/the-black-magics-zauberlehrstunde-auf-hogwarts-leipzig-kabarett-sanftwut-26-10-2025-1300-uhr\/","title":{"rendered":"The Black Magics - Zauberlehrstunde auf Hogwarts"},"content":{"rendered":"<div class=\"productbox-title\">\n<p>Die Kinder erleben in dieser einzigartigen Zaubershow exklusives Kinderentertainment. Die Reise beginnt direkt am\u00a0<strong>Gleis 9\u00be<\/strong>\u00a0mit dem\u00a0<strong>Hogwarts-Express<\/strong>\u00a0und der Lehrer f\u00fcr allgemeine Magie empf\u00e4ngt die Kinder auf der\u00a0<strong>Zauberschule von Hogwarts<\/strong>. Hier auf dem ber\u00fchmten Zauberschloss erfahren die kleinen und gro\u00dfen Muggels mehr \u00fcber die Geheimnisse der Zauberkunst. Dabei werden Sie Teil des Programms und bestimmen aktiv mit.<\/p>\n<p>In dieser theaterhaften Kinderzaubershow gibt es viele spannende Abenteuer. Die Kinder werden direkt in die Dialoge mit den verschiedenen zauberischen Effekten einbezogen und erleben im sch\u00f6nen B\u00fchnenbild im Stil von Hogwarts magische Kunstst\u00fccke. Zum Beispiel den Einkauf in der\u00a0<strong>Winkelgasse<\/strong>, den Besuch bei\u00a0<strong>Hagrid<\/strong>\u00a0am See und die leckere Zubereitung von\u00a0<strong>Kesselkeksen<\/strong>. Die Verwandlung der Hauselfen wird alle Zuschauer in pures Erstaunen versetzen.<\/p>\n<\/div>","protected":false},"excerpt":{"rendered":"<p><span class=\"kb-adv-text-inner\">Die speziell entwickelte Zaubershow f\u00fcr Kinder ab 6 Jahren wird pr\u00e4sentiert in Anlehnung an die beliebten Romane \u00fcber Harry Potter - jetzt Tickets sichern!<\/span><\/p>","protected":false},"featured_media":42130,"template":"","meta":{"_acf_changed":false,"inline_featured_image":false},"product_brand":[],"product_cat":[31,485,94,86,35,21,58],"product_tag":[954,941,4006,978,943,4007,958,5739,947,948,5740],"class_list":{"0":"post-45674","1":"product","2":"type-product","3":"status-publish","4":"has-post-thumbnail","6":"product_cat-events","7":"product_cat-kabarett-theater-sanftwut","8":"product_cat-kinder","9":"product_cat-leipzig","10":"product_cat-orte","11":"product_cat-ticket","12":"product_cat-veranstaltung","13":"product_tag-comedy","14":"product_tag-events","15":"product_tag-kabarett-theater-sanftwut","16":"product_tag-kinder","17":"product_tag-leipzig","18":"product_tag-sanftwut","19":"product_tag-show","20":"product_tag-the-black-magics","21":"product_tag-ticket","22":"product_tag-veranstaltung","23":"product_tag-zauberlehrstunde-auf-hogwarts","24":"product_shipping_class-nur_paketversand","25":"pa_discount-normalpreis","26":"pa_preiskategorie-pk-i","28":"first","29":"instock","30":"taxable","31":"shipping-taxable","32":"purchasable","33":"product-type-variable"},"group_of_quantity":0,"min_quantity":0,"max_quantity":"","exclude_order_quantity_value_rules":"no","exclude_category_quantity_rules":"no","combine_variations":"no","acf":[],"_links":{"self":[{"href":"https:\/\/arena-ticket.com\/en\/wp-json\/wp\/v2\/product\/45674","targetHints":{"allow":["GET"]}}],"collection":[{"href":"https:\/\/arena-ticket.com\/en\/wp-json\/wp\/v2\/product"}],"about":[{"href":"https:\/\/arena-ticket.com\/en\/wp-json\/wp\/v2\/types\/product"}],"wp:featuredmedia":[{"embeddable":true,"href":"https:\/\/arena-ticket.com\/en\/wp-json\/wp\/v2\/media\/42130"}],"wp:attachment":[{"href":"https:\/\/arena-ticket.com\/en\/wp-json\/wp\/v2\/media?parent=45674"}],"wp:term":[{"taxonomy":"product_brand","embeddable":true,"href":"https:\/\/arena-ticket.com\/en\/wp-json\/wp\/v2\/product_brand?post=45674"},{"taxonomy":"product_cat","embeddable":true,"href":"https:\/\/arena-ticket.com\/en\/wp-json\/wp\/v2\/product_cat?post=45674"},{"taxonomy":"product_tag","embeddable":true,"href":"https:\/\/arena-ticket.com\/en\/wp-json\/wp\/v2\/product_tag?post=45674"}],"curies":[{"name":"wp","href":"https:\/\/api.w.org\/{rel}","templated":true}]}}