{"id":45676,"date":"2025-07-30T12:11:30","date_gmt":"2025-07-30T10:11:30","guid":{"rendered":"https:\/\/arena-ticket.com\/?p=45676&#038;post_type=product&#038;preview_id=45676"},"modified":"2026-01-15T17:12:38","modified_gmt":"2026-01-15T16:12:38","slug":"suchtpotenzial-shitstorm-leipzig-kupfersaal-13-03-2026-2000-uhr","status":"publish","type":"product","link":"https:\/\/arena-ticket.com\/en\/product\/suchtpotenzial-shitstorm-leipzig-kupfersaal-13-03-2026-2000-uhr\/","title":{"rendered":"Suchtpotenzial  - (S)hitstorm"},"content":{"rendered":"<p>Die neue Show von Suchtpotenzial.<br \/>\nMit den gr\u00f6\u00dften Hits von fr\u00fcher und dem geilen Schei\u00df von heute.<\/p>\n<p>Endlich hat das Warten ein Ende. Suchtpotenzial spielen ihre gr\u00f6\u00dften Hits!<\/p>\n<p>2 Frauen, 4 Programme und 12 Jahre Bandgeschichte an einem Abend.<br \/>\nVom Fr\u00fchwerk \"Alkopop\" bis ins \"B\u00e4llebad\", \u00fcber virale Videos wie \"Mett-Tourette\", \"Disney\" oder \"Klaus-Dieter\", gro\u00dfe Hymnen wie \"Ficken f\u00fcr den Frieden\" und \"Genauso Scheisse\", vom \"Dosenbier\" bis zur \"Dumm-fickt-gut\"-Oper wird das Oeuvre zelebriert und vor allem neu kommentiert.<br \/>\nMit den legend\u00e4r albernen Dialogen von Julia und Ariane wird das ruhmreiche und grandiose Werk dramaturgisch neu eingeordnet ins Weltgeschehen.<\/p>\n<p>Suchtpotenzial sind mal albern, mal aggro, aber immer ehrlich und laut.<br \/>\nWer kritische Lieder singt, wei\u00df oft nicht, ob es Morddrohungen oder Kabarettpreise hagelt. Die Suchtis mussten auf die harte Tour lernen, dass sie sich auf einem schmalen Grat zwischen Hit- und Shitstorm bewegen.<\/p>\n<p>Hit me Suchti one more time!<\/p>","protected":false},"excerpt":{"rendered":"<p>Endlich hat das Warten ein Ende. Suchtpotenzial spielen ihre gr\u00f6\u00dften Hits! Nicht verpassen!<\/p>","protected":false},"featured_media":63662,"template":"","meta":{"_acf_changed":false,"inline_featured_image":false},"product_brand":[],"product_cat":[6725,31,95,69,922,430,86,35,6745,6772,21,58],"product_tag":[6115,954,941,6774,942,951,968,943,944,6801,958,6779,6114,947,948],"class_list":{"0":"post-45676","1":"product","2":"type-product","3":"status-publish","4":"has-post-thumbnail","6":"product_cat-comedy","7":"product_cat-events","8":"product_cat-humor","9":"product_cat-konzert","10":"product_cat-kultur","11":"product_cat-kupfersaal","12":"product_cat-leipzig","13":"product_cat-orte","14":"product_cat-punk-punkrock","15":"product_cat-sonstiges_kultur","16":"product_cat-ticket","17":"product_cat-veranstaltung","18":"product_tag-shitstorm","19":"product_tag-comedy","20":"product_tag-events","21":"product_tag-humor","22":"product_tag-konzert","23":"product_tag-kultur","24":"product_tag-kupfersaal","25":"product_tag-leipzig","26":"product_tag-orte","27":"product_tag-punk-punkrock","28":"product_tag-show","29":"product_tag-sonstiges","30":"product_tag-suchtpotenzial","31":"product_tag-ticket","32":"product_tag-veranstaltung","33":"product_shipping_class-nur_paketversand","34":"pa_discount-ermaessigt","35":"pa_discount-normalpreis","36":"pa_preiskategorie-freie-platzwahl","38":"first","39":"outofstock","40":"taxable","41":"shipping-taxable","42":"purchasable","43":"product-type-variable"},"group_of_quantity":0,"min_quantity":0,"max_quantity":"","exclude_order_quantity_value_rules":"no","exclude_category_quantity_rules":"no","combine_variations":"no","acf":[],"_links":{"self":[{"href":"https:\/\/arena-ticket.com\/en\/wp-json\/wp\/v2\/product\/45676","targetHints":{"allow":["GET"]}}],"collection":[{"href":"https:\/\/arena-ticket.com\/en\/wp-json\/wp\/v2\/product"}],"about":[{"href":"https:\/\/arena-ticket.com\/en\/wp-json\/wp\/v2\/types\/product"}],"wp:featuredmedia":[{"embeddable":true,"href":"https:\/\/arena-ticket.com\/en\/wp-json\/wp\/v2\/media\/63662"}],"wp:attachment":[{"href":"https:\/\/arena-ticket.com\/en\/wp-json\/wp\/v2\/media?parent=45676"}],"wp:term":[{"taxonomy":"product_brand","embeddable":true,"href":"https:\/\/arena-ticket.com\/en\/wp-json\/wp\/v2\/product_brand?post=45676"},{"taxonomy":"product_cat","embeddable":true,"href":"https:\/\/arena-ticket.com\/en\/wp-json\/wp\/v2\/product_cat?post=45676"},{"taxonomy":"product_tag","embeddable":true,"href":"https:\/\/arena-ticket.com\/en\/wp-json\/wp\/v2\/product_tag?post=45676"}],"curies":[{"name":"wp","href":"https:\/\/api.w.org\/{rel}","templated":true}]}}