{"id":45694,"date":"2025-07-30T12:50:59","date_gmt":"2025-07-30T10:50:59","guid":{"rendered":"https:\/\/arena-ticket.com\/?p=45694&#038;post_type=product&#038;preview_id=45694"},"modified":"2026-02-27T15:53:55","modified_gmt":"2026-02-27T14:53:55","slug":"the-sound-of-epic-anime-gewandhaus-zu-leipzig-22-05-2026-1900-uhr","status":"publish","type":"product","link":"https:\/\/arena-ticket.com\/en\/product\/the-sound-of-epic-anime-gewandhaus-zu-leipzig-22-05-2026-1900-uhr\/","title":{"rendered":"The Sound of Epic Anime"},"content":{"rendered":"<p>Musik aus den Filmen und Serien Demon Slayer, Naruto, Attack on Titan, One Piece, Studio Ghibli, Dragon Ball, Jojo\u00b4s Bizarre Adventure, Neon Genesis Evangelion u. a.<\/p>\n<p>Eine musikalische Zeitreise durch die Welt des Anime erwartet dich! \u201eThe Sound of Epic Anime\" vereint die bewegendsten Melodien und mitrei\u00dfendsten Soundtracks der japanischen Animationskunst in einem spektakul\u00e4ren Konzerterlebnis. Ein gro\u00dfes Symphonieorchester l\u00e4sst die musikalischen Sch\u00e4tze von Studio Ghibli, die packenden Themes aus Naruto und Demon Slayer sowie die unvergesslichen Kl\u00e4nge aus One Piece und Dragon Ball in vollendeter Orchesterpracht erklingen.<\/p>\n<p>Die Anime-Kultur ist ein globales Ph\u00e4nomen, das durch seine k\u00fcnstlerische Vielfalt besticht: Von ber\u00fchrenden Geschichten \u00fcber actiongeladene Abenteuer bis hin zu komplexen Dramen spricht das Genre Menschen aller Altersgruppen an. Dieses Konzert ist eine Einladung, die emotionale Kraft der Anime-Musik zu entdecken \u2013 egal ob du mit Klassikern wie Heidi aufgewachsen bist oder die neuesten Serien verfolgst.<\/p>","protected":false},"excerpt":{"rendered":"<p>Musik aus den beliebtesten Anime der Neuzeit, live gespielt von einem Symphonieorchestser!<\/p>","protected":false},"featured_media":45703,"template":"","meta":{"_acf_changed":false,"inline_featured_image":false},"product_brand":[],"product_cat":[31,6744,345,936,69,86,35,21,58],"product_tag":[941,6811,956,2832,957,942,943,944,6116,947,948],"class_list":{"0":"post-45694","1":"product","2":"type-product","3":"status-publish","4":"has-post-thumbnail","6":"product_cat-events","7":"product_cat-filmmusik","8":"product_cat-gewandhaus","9":"product_cat-grosser-saal","10":"product_cat-konzert","11":"product_cat-leipzig","12":"product_cat-orte","13":"product_cat-ticket","14":"product_cat-veranstaltung","15":"product_tag-events","16":"product_tag-filmmusik","17":"product_tag-gewandhaus","18":"product_tag-gewandhaus-grosser-saal","19":"product_tag-grosser-saal","20":"product_tag-konzert","21":"product_tag-leipzig","22":"product_tag-orte","23":"product_tag-the-sound-of-epic-anime","24":"product_tag-ticket","25":"product_tag-veranstaltung","26":"product_shipping_class-nur_paketversand","27":"pa_discount-normalpreis","28":"pa_preiskategorie-pk-i","29":"pa_preiskategorie-pk-ii","30":"pa_preiskategorie-pk-iii","31":"pa_preiskategorie-pk-iv","32":"pa_preiskategorie-pk-v","33":"pa_preiskategorie-premium","35":"first","36":"instock","37":"taxable","38":"shipping-taxable","39":"purchasable","40":"product-type-variable"},"group_of_quantity":0,"min_quantity":0,"max_quantity":"","exclude_order_quantity_value_rules":"no","exclude_category_quantity_rules":"no","combine_variations":"no","acf":[],"_links":{"self":[{"href":"https:\/\/arena-ticket.com\/en\/wp-json\/wp\/v2\/product\/45694","targetHints":{"allow":["GET"]}}],"collection":[{"href":"https:\/\/arena-ticket.com\/en\/wp-json\/wp\/v2\/product"}],"about":[{"href":"https:\/\/arena-ticket.com\/en\/wp-json\/wp\/v2\/types\/product"}],"wp:featuredmedia":[{"embeddable":true,"href":"https:\/\/arena-ticket.com\/en\/wp-json\/wp\/v2\/media\/45703"}],"wp:attachment":[{"href":"https:\/\/arena-ticket.com\/en\/wp-json\/wp\/v2\/media?parent=45694"}],"wp:term":[{"taxonomy":"product_brand","embeddable":true,"href":"https:\/\/arena-ticket.com\/en\/wp-json\/wp\/v2\/product_brand?post=45694"},{"taxonomy":"product_cat","embeddable":true,"href":"https:\/\/arena-ticket.com\/en\/wp-json\/wp\/v2\/product_cat?post=45694"},{"taxonomy":"product_tag","embeddable":true,"href":"https:\/\/arena-ticket.com\/en\/wp-json\/wp\/v2\/product_tag?post=45694"}],"curies":[{"name":"wp","href":"https:\/\/api.w.org\/{rel}","templated":true}]}}