{"id":45731,"date":"2025-07-30T13:38:19","date_gmt":"2025-07-30T11:38:19","guid":{"rendered":"https:\/\/arena-ticket.com\/?p=45731&#038;post_type=product&#038;preview_id=45731"},"modified":"2026-02-17T10:42:19","modified_gmt":"2026-02-17T09:42:19","slug":"massachusetts-bee-gees-musical-music-performed-by-the-italian-bee-gees-leipzig-gewandhaus-zu-leipzig-grosser-saal-31-03-2026-2000-uhr","status":"publish","type":"product","link":"https:\/\/arena-ticket.com\/en\/product\/massachusetts-bee-gees-musical-music-performed-by-the-italian-bee-gees-leipzig-gewandhaus-zu-leipzig-grosser-saal-31-03-2026-2000-uhr\/","title":{"rendered":"Massachusetts - Bee Gees Musical Music performed by The Italian Bee Gees"},"content":{"rendered":"<p>Von den Anf\u00e4ngen der ersten Single-Ver\u00f6ffentlichung \u201eTo Love Somebody\u201c vor \u00fcber 50 Jahren \u00fcber \u201eMassachusetts\u201c , die hei\u00dfe Saturday Night Fever-Zeit bis zu ihrem letzten gro\u00dfen Album \u201eYou Win Again\u201c Ende der 80er Jahre.<\/p>\n<p>\u201eDie erfolgreichste Familienband aller Zeiten\u201c stellt das Guinness-Buch der Rekorde fest! Die aus England stammenden Gibb-Br\u00fcder gr\u00fcnden sich als Pop-Band 1958 in Australien und landen ihre ersten Hits. 1966 geht es gemeinsam zur\u00fcck nach Gro\u00dfbritannien \u2013 die Teenie-Stars sind jetzt schon m\u00e4chtig popul\u00e4r. Aber das ist nur der Anfang: In den 70er Jahren jagt ein Welthit den n\u00e4chsten. 1978 haben die BEE GEES zeitgleich 5 Songs in den Top Ten der US-Charts. Das Musical \u201eMassachusetts\u201c ist musikalisch authentisch und auch in seiner Gesamtstruktur ,optisch sowie emotional ganz nah dran am Original \u2013 denn die S\u00e4nger sind auch drei Br\u00fcder. Alle gro\u00dfen Hits werden zu h\u00f6ren sein, die fr\u00fchen Songs ebenso wie die sp\u00e4ten.<\/p>\n<p>Den musikalischen Part \u00fcbernehmen THE ITALIAN BEE GEES, bekannt aus der gro\u00dfen TV-Dokumentation \u201e50 Jahre Bee Gees\u201c. Die ambitionierten italienischen Egiziano-Br\u00fcder stehen in engem Kontakt mit der Familie Gibb und sind seit Jahren als \u201eMissionare\u201c ihrer Vorbilder unterwegs. Weltweit haben sie sich bereits eine eingeschworene Fangemeinde ersungen und erspielt und besitzen die alleinige Legitimation der Gibb-Br\u00fcder, den Namen und das musikalische Erbe zu repr\u00e4sentieren. So konnten die drei auch den Originalproduzenten und Keyboarder und Arrangeur der Bee Gees von 1975 bis 1982, Mr. Blue Weaver, f\u00fcr das Musical begeistern und nat\u00fcrlich auch live mit all seinem Wissen \u00fcber die Original-Arrangements und Hintergrund-Stories f\u00fcr diese Auff\u00fchrungen verpflichten. Dazu gesellt sich auch Gr\u00fcndungsmitglied Vince Melouney, Gitarrist und festes Mitglied der Bee Gees von 1967 bis 1969. Beide sind auch live bei der Tour mit von der Partie.<\/p>\n<p>MASSACHUSETTS erz\u00e4hlt Geschichte und Geschichten: Kurze Spielszenen, Interviews und Videomitschnitte f\u00fchren durch die Karriere der Gibb-Br\u00fcder. Die Tanzszenen lassen nat\u00fcrlich besonders die Disco-\u00c4ra wieder aufleben. Zwei zus\u00e4tzliche S\u00e4ngerinnen pr\u00e4sentieren auch die faszinierenden Songs, die die BEE GEES w\u00e4hrend ihrer Karriere f\u00fcr gro\u00dfe K\u00fcnstlerinnen wie Barbra Streisand und Dionne Warwick komponiert haben.<\/p>","protected":false},"excerpt":{"rendered":"<p>MASSACHUSETTS - BEE GEES MUSICAL l\u00e4sst sein Publikum in einer mitrei\u00dfenden musikalisch - biografischen Show mit vielen der Original-Musiker der Bee Gees Live-Konzerte an den wichtigsten Stationen dieser Ausnahme-Band teilhaben.<\/p>","protected":false},"featured_media":63141,"template":"","meta":{"_acf_changed":false,"inline_featured_image":false},"product_brand":[],"product_cat":[31,345,936,86,6729,64,35,6730,21,58],"product_tag":[6120,941,956,2832,957,942,943,6119,963,6773,944,958,947,948],"class_list":{"0":"post-45731","1":"product","2":"type-product","3":"status-publish","4":"has-post-thumbnail","6":"product_cat-events","7":"product_cat-gewandhaus","8":"product_cat-grosser-saal","9":"product_cat-leipzig","10":"product_cat-musical","11":"product_cat-musical-show","12":"product_cat-orte","13":"product_cat-show","14":"product_cat-ticket","15":"product_cat-veranstaltung","16":"product_tag-bee-gees-musical-music-performed-by-the-italian-bee-gees","17":"product_tag-events","18":"product_tag-gewandhaus","19":"product_tag-gewandhaus-grosser-saal","20":"product_tag-grosser-saal","21":"product_tag-konzert","22":"product_tag-leipzig","23":"product_tag-massachusetts","24":"product_tag-musical","25":"product_tag-musical-show","26":"product_tag-orte","27":"product_tag-show","28":"product_tag-ticket","29":"product_tag-veranstaltung","30":"product_shipping_class-nur_paketversand","31":"pa_discount-ermaessigt","32":"pa_discount-normalpreis","33":"pa_preiskategorie-pk-i","34":"pa_preiskategorie-pk-ii","35":"pa_preiskategorie-pk-iii","36":"pa_preiskategorie-pk-iv","37":"pa_preiskategorie-pk-v","38":"pa_preiskategorie-premium","39":"pa_preiskategorie-premium-sitzplatz","41":"first","42":"outofstock","43":"taxable","44":"shipping-taxable","45":"purchasable","46":"product-type-variable"},"group_of_quantity":0,"min_quantity":0,"max_quantity":"","exclude_order_quantity_value_rules":"no","exclude_category_quantity_rules":"no","combine_variations":"no","acf":[],"_links":{"self":[{"href":"https:\/\/arena-ticket.com\/en\/wp-json\/wp\/v2\/product\/45731","targetHints":{"allow":["GET"]}}],"collection":[{"href":"https:\/\/arena-ticket.com\/en\/wp-json\/wp\/v2\/product"}],"about":[{"href":"https:\/\/arena-ticket.com\/en\/wp-json\/wp\/v2\/types\/product"}],"wp:featuredmedia":[{"embeddable":true,"href":"https:\/\/arena-ticket.com\/en\/wp-json\/wp\/v2\/media\/63141"}],"wp:attachment":[{"href":"https:\/\/arena-ticket.com\/en\/wp-json\/wp\/v2\/media?parent=45731"}],"wp:term":[{"taxonomy":"product_brand","embeddable":true,"href":"https:\/\/arena-ticket.com\/en\/wp-json\/wp\/v2\/product_brand?post=45731"},{"taxonomy":"product_cat","embeddable":true,"href":"https:\/\/arena-ticket.com\/en\/wp-json\/wp\/v2\/product_cat?post=45731"},{"taxonomy":"product_tag","embeddable":true,"href":"https:\/\/arena-ticket.com\/en\/wp-json\/wp\/v2\/product_tag?post=45731"}],"curies":[{"name":"wp","href":"https:\/\/api.w.org\/{rel}","templated":true}]}}