{"id":45759,"date":"2025-07-30T16:25:49","date_gmt":"2025-07-30T14:25:49","guid":{"rendered":"https:\/\/arena-ticket.com\/?p=45759&#038;post_type=product&#038;preview_id=45759"},"modified":"2026-01-07T17:13:42","modified_gmt":"2026-01-07T16:13:42","slug":"annenmaykantereit-live-2026-2-zusatzshow-berlin-parkbuehne-wuhlheide-donnerstag-13-08-2026-1900-uhr","status":"publish","type":"product","link":"https:\/\/arena-ticket.com\/en\/product\/annenmaykantereit-live-2026-2-zusatzshow-berlin-parkbuehne-wuhlheide-donnerstag-13-08-2026-1900-uhr\/","title":{"rendered":"AnnenMayKantereit - Live 2026"},"content":{"rendered":"<p>Biografie - AnnenMayKantereit<\/p>\n<p>AnnenMayKantereit sind eine erfolgreiche deutsche Pop-Rock-Band aus K\u00f6ln. Begonnen haben die drei Mitglieder 2011 als Stra\u00dfenmusiker. Doch auch ohne Label und professionell produziertes Studioalbum gelang es ihnen, sich an die Spitze der deutschen Charts zu katapultieren. Die Stimme von S\u00e4nger Henning May ist wohl genauso markant wie der Bandname. Dieser setzt sich aus den drei Nachnamen der Musiker zusammen. In ihren Songs behandeln die K\u00f6lner Themen, die viele junge und jung gebliebene Menschen besch\u00e4ftigen.<\/p>\n<p>AnnenMayKantereit bringen sich alles autodidaktisch bei und organisieren erste kleine Stra\u00dfenkonzerte. Eigentlich hat die Band nicht die Absicht, mit ihrer Musik Geld zu verdienen. Doch insbesondere an der K\u00f6lner Ehrenstra\u00dfe kommen viele Menschen vorbei, bleiben stehen und h\u00f6ren gespannt zu. Schnell stellt sich heraus: Die drei Stra\u00dfenmusiker kommen gut beim Publikum an. Immer gr\u00f6\u00dfere Menschentrauben versammeln sich, um dem melodischen Folk-Pop zu lauschen.<\/p>","protected":false},"excerpt":{"rendered":"<p>Nach erfolgreichen Festivalshows sind AnnenMayKantereit zur\u00fcck und gehen auf gro\u00dfe Tour!<\/p>","protected":false},"featured_media":62636,"template":"","meta":{"_acf_changed":false,"inline_featured_image":false},"product_brand":[],"product_cat":[315,31,69,35,462,6746,21,58],"product_tag":[5953,1332,941,942,4819,944,6009,947,948],"class_list":{"0":"post-45759","1":"product","2":"type-product","3":"status-publish","4":"has-post-thumbnail","6":"product_cat-berlin","7":"product_cat-events","8":"product_cat-konzert","9":"product_cat-orte","10":"product_cat-parkbuehne-wuhlheide","11":"product_cat-singer-songwriter","12":"product_cat-ticket","13":"product_cat-veranstaltung","14":"product_tag-annenmaykantereit","15":"product_tag-berlin","16":"product_tag-events","17":"product_tag-konzert","18":"product_tag-live-2026","19":"product_tag-orte","20":"product_tag-parkbuehne-wuhlheide","21":"product_tag-ticket","22":"product_tag-veranstaltung","23":"product_shipping_class-nur_paketversand","24":"pa_discount-inklusive-begleitperson","25":"pa_discount-normalpreis","26":"pa_preiskategorie-rollstuhlfahrer","27":"pa_preiskategorie-stehplatz","29":"first","30":"outofstock","31":"taxable","32":"shipping-taxable","33":"purchasable","34":"product-type-variable"},"group_of_quantity":0,"min_quantity":0,"max_quantity":6,"exclude_order_quantity_value_rules":"no","exclude_category_quantity_rules":"no","combine_variations":"no","acf":[],"_links":{"self":[{"href":"https:\/\/arena-ticket.com\/en\/wp-json\/wp\/v2\/product\/45759","targetHints":{"allow":["GET"]}}],"collection":[{"href":"https:\/\/arena-ticket.com\/en\/wp-json\/wp\/v2\/product"}],"about":[{"href":"https:\/\/arena-ticket.com\/en\/wp-json\/wp\/v2\/types\/product"}],"wp:featuredmedia":[{"embeddable":true,"href":"https:\/\/arena-ticket.com\/en\/wp-json\/wp\/v2\/media\/62636"}],"wp:attachment":[{"href":"https:\/\/arena-ticket.com\/en\/wp-json\/wp\/v2\/media?parent=45759"}],"wp:term":[{"taxonomy":"product_brand","embeddable":true,"href":"https:\/\/arena-ticket.com\/en\/wp-json\/wp\/v2\/product_brand?post=45759"},{"taxonomy":"product_cat","embeddable":true,"href":"https:\/\/arena-ticket.com\/en\/wp-json\/wp\/v2\/product_cat?post=45759"},{"taxonomy":"product_tag","embeddable":true,"href":"https:\/\/arena-ticket.com\/en\/wp-json\/wp\/v2\/product_tag?post=45759"}],"curies":[{"name":"wp","href":"https:\/\/api.w.org\/{rel}","templated":true}]}}