{"id":45774,"date":"2025-07-30T18:03:22","date_gmt":"2025-07-30T16:03:22","guid":{"rendered":"https:\/\/arena-ticket.com\/?p=45774&#038;post_type=product&#038;preview_id=45774"},"modified":"2025-09-12T15:17:15","modified_gmt":"2025-09-12T13:17:15","slug":"beslik-nachher-is-nachher-tour-2025-moritzbastei-16-12-2025-2000-uhr","status":"publish","type":"product","link":"https:\/\/arena-ticket.com\/en\/product\/beslik-nachher-is-nachher-tour-2025-moritzbastei-16-12-2025-2000-uhr\/","title":{"rendered":"Beslik"},"content":{"rendered":"<p>Nachher ist nachher, jetzt ist jetzt \u2013 und jetzt solltet ihr lieber nicht dr\u00fcber nachdenken, was nachher ist, sondern auf besliks sehnlichst erwarteten ersten Solo-Tour alle Blockaden hinter euch lassen und die Show genie\u00dfen! Auf seiner Reise durch den deutschsprachigen Kulturraum wird der D\u00fcsseldorfer Stra\u00dfenpoet von verschiedenen Special-Acts begleitet werden und daf\u00fcr sorgen, dass ihr nachher auf das zuk\u00fcnftig-damalige jetzt zur\u00fcckblickt und euch w\u00fcnscht, dass es bald wieder soweit ist.<\/p>\n<p>Der Chaosk\u00fcnstler beslik hat im Laufe der letzten Jahre einen schwer \u00fcberschaubaren Reigen an Solo-Crew- und Feature-Tracks in Welt entsandt und ist, nicht zuletzt wegen seinen mitunter hoch eskalativen Liveshows \u2013 Solo und als Teil der Boloboys \u2013 zu einem nicht wegzudenkenden Protagonisten der Deutschrapszene avanciert, ohne dabei im Geringsten an Leichtigkeit einzub\u00fc\u00dfen.<\/p>\n<p>Seine mit beharrlicher Kontinuit\u00e4t in den \u00c4ther geschossenen kreativen Ausw\u00fcrfe bewegen sich zwischen lakonischen Trap-Flows, an Punkrock grenzender Ignoranz, Hyperpop-esker Eing\u00e4ngigkeit und anstachelndem Rummelplatz-Techno \u2013 die variierenden Produktionsmittel immer eingebettet in die unverkennbaren Feder-Erg\u00fcsse besliks, die mit den perspektivischen Wechseln zwischen inneren Vorg\u00e4ngen und gesellschaftlichen Betrachtungen passgenau die emotionale Bandbreite abbilden, in denen sich das Lebensgef\u00fchl vieler junger Gro\u00dfst\u00e4dter*innen im Zeitalter der gro\u00dfen Krisen manifestiert, wo im emotionalen Wirrwarr oft nur Millimeter zwischen Dekadenz und Abgrund liegen.<\/p>","protected":false},"excerpt":{"rendered":"<p>Get your tickets here now!<\/p>","protected":false},"featured_media":48902,"template":"","meta":{"_acf_changed":false,"inline_featured_image":false},"product_brand":[],"product_cat":[31,6737,69,86,446,35,21,58],"product_tag":[6127,941,942,943,998,944,947,948],"class_list":{"0":"post-45774","1":"product","2":"type-product","3":"status-publish","4":"has-post-thumbnail","6":"product_cat-events","7":"product_cat-hip-hop-rnb","8":"product_cat-konzert","9":"product_cat-leipzig","10":"product_cat-moritzbastei","11":"product_cat-orte","12":"product_cat-ticket","13":"product_cat-veranstaltung","14":"product_tag-beslik","15":"product_tag-events","16":"product_tag-konzert","17":"product_tag-leipzig","18":"product_tag-moritzbastei","19":"product_tag-orte","20":"product_tag-ticket","21":"product_tag-veranstaltung","22":"product_shipping_class-nur_paketversand","23":"pa_discount-normalpreis","24":"pa_preiskategorie-stehplatz","26":"first","27":"instock","28":"taxable","29":"shipping-taxable","30":"purchasable","31":"product-type-variable"},"group_of_quantity":0,"min_quantity":0,"max_quantity":"","exclude_order_quantity_value_rules":"no","exclude_category_quantity_rules":"no","combine_variations":"no","acf":[],"_links":{"self":[{"href":"https:\/\/arena-ticket.com\/en\/wp-json\/wp\/v2\/product\/45774","targetHints":{"allow":["GET"]}}],"collection":[{"href":"https:\/\/arena-ticket.com\/en\/wp-json\/wp\/v2\/product"}],"about":[{"href":"https:\/\/arena-ticket.com\/en\/wp-json\/wp\/v2\/types\/product"}],"wp:featuredmedia":[{"embeddable":true,"href":"https:\/\/arena-ticket.com\/en\/wp-json\/wp\/v2\/media\/48902"}],"wp:attachment":[{"href":"https:\/\/arena-ticket.com\/en\/wp-json\/wp\/v2\/media?parent=45774"}],"wp:term":[{"taxonomy":"product_brand","embeddable":true,"href":"https:\/\/arena-ticket.com\/en\/wp-json\/wp\/v2\/product_brand?post=45774"},{"taxonomy":"product_cat","embeddable":true,"href":"https:\/\/arena-ticket.com\/en\/wp-json\/wp\/v2\/product_cat?post=45774"},{"taxonomy":"product_tag","embeddable":true,"href":"https:\/\/arena-ticket.com\/en\/wp-json\/wp\/v2\/product_tag?post=45774"}],"curies":[{"name":"wp","href":"https:\/\/api.w.org\/{rel}","templated":true}]}}