{"id":45791,"date":"2025-07-31T10:13:39","date_gmt":"2025-07-31T08:13:39","guid":{"rendered":"https:\/\/arena-ticket.com\/?p=45791&#038;post_type=product&#038;preview_id=45791"},"modified":"2025-07-31T10:54:59","modified_gmt":"2025-07-31T08:54:59","slug":"truck-stop-freiheit-pur-die-zugabe-leipzig-haus-auensee-26-10-2025-1900-uhr","status":"publish","type":"product","link":"https:\/\/arena-ticket.com\/en\/product\/truck-stop-freiheit-pur-die-zugabe-leipzig-haus-auensee-26-10-2025-1900-uhr\/","title":{"rendered":"Truck Stop  - \u201eFreiheit pur\u201c - Die Zugabe"},"content":{"rendered":"<div class=\"c-compact-info__event-text\">\n<div class=\"c-text\">\n<div class=\"c-text__info-wrapper-minus-headline\">\n<div id=\"text1920031295\" class=\"c-text__paragraph\">Mit ihrem grandiosen Jubil\u00e4umsalbum \u201e50 Jahre\u201c (Platz #3 der deutschen Albumcharts) konnten sie 2023 ihre eigene Charts-Bestmarke toppen. Nun erz\u00e4hlen die Cowboys von<br \/>\nder Waterkant ihre Erfolgsgeschichte mit einem neuen Studioalbum musikalisch weiter.<br \/>\nFREIHEIT PUR hei\u00dft das gute St\u00fcck, das am 09.Mai 2025 erschienen ist und mit dem Truck Stop auch direkt auf gleichnamige Tour gehen werden.\u201eTausend Meilen und tausend Gedanken.<br \/>\nEinfach frei sein und zwischendurch kurz tanken. Eure Cowboys halten die Spur.<\/div>\n<div class=\"c-text__paragraph\">Autobahn \u2013 Band auf Tour \u2013 Freiheit pur!\u201c<br \/>\nAutobahn \u2013 Band auf Tour \u2013 Freiheit pur: was f\u00fcr ein Motto!<\/div>\n<div><\/div>\n<div class=\"c-text__paragraph\">F\u00fcr jede Musikerin, jeden Musiker ist der Moment auf der B\u00fchne etwas ganz Besonderes. Mit dem Publikum im direkten Austausch auf Tuchf\u00fchlung gehen. Auch wenn das Leben auf Tour<br \/>\nanstrengend sein kann, die M\u00fche ist es wert! Seit \u00fcber 50 Jahren ist Truck Stop mittlerweileunterwegs. Millionen Kilometer, unz\u00e4hlige B\u00fchnen und weit \u00fcber 6.000 Konzerte zwischen<br \/>\nArizona und Ost-Europa stehen auf der Haben-Seite der Band. Doch trotz dieses MammutProgramms ist es f\u00fcr die Vollblutmusiker um Gr\u00fcndungsmitglied Teddy Ibing immer noch das<br \/>\nGr\u00f6\u00dfte, hautnah vor den Fans zu spielen und das Feedback zu ihren neuen Songs direkt zuerfahren. \u201eDie Arbeit an einem Album, der kreative Prozess, die Tage und N\u00e4chte im Studio \u2013<br \/>\ndas alles ist schon einzigartig.\u201c, so Pedal-Steel-Ikone Knut Bewersdorff, der seit 1983 die Saiten streicht. \u201eAber auf Tour zu sein ist nochmal eine andere Liga. Einfach ein Gef\u00fchl von<br \/>\n\u201eFreiheit\u201c gepaart mit der Musik, die uns und unseren Fans Spa\u00df macht.\u201c.<br \/>\nDas gleiche Gef\u00fchl kennt wohl auch Revolverheld-Frontmann Johannes Strate, denn gemeinsam mit Benjamin Dernhoff hat er f\u00fcr die Kultband aus Hamburg die erste SingleAuskopplung \u201eFreiheit pur\u201c geschrieben.<br \/>\nDas neue Album besticht durch musikalische wie inhaltliche Vielseitigkeit und einen modernen Sound, der es schafft, nahtlos an die ersten 50 Truck Stop-Jahre anzukn\u00fcpfen, aber auch die<br \/>\nH\u00f6rer im Jahr 2025 abzuholen und durch das Leben zu begleiten. Kein Wunder also, finden sich auf den Konzerten auch immer mehr j\u00fcngere Fans ein, um mit Truck Stop und guter<br \/>\nCountry Music wie in einem Honky Tonk abzufeiern.Auf \u201eFreiheit pur\u201c ist f\u00fcr jeden Countryfan und Liebhaber handgemachter Musik etwas dabei - und auch jeder Gem\u00fctszustand findet seinen Soundtrack: vom romantischen \u201eCountryherz\u201c<br \/>\n(\u201eDu hast \u2019n Countryherz \u2013 es leitet dich durch jeden Schmerz\u201c) \u00fcber den verwunderten Blick zur\u00fcck \u201eDas war doch gestern\u201c, aus der Feder von Leads\u00e4nger Andreas \u201eCisi\u201c Cisek, oder<br \/>\ndie augenzwinkernde Geschichte \u00fcber \u201eManolito\u201c, den wohl tollpatschigsten Gl\u00fcckspilz in der Pr\u00e4rie, bis hin zur Partytime in \u201eKentucky\u201c.<br \/>\n\u201eWir nehmen uns die Freiheit\u201c, so Cisek \u201e\u2026uns musikalisch auszuprobieren und auch auszutoben. Und wenn wir so mit unseren Fans in Kontakt sind, merken wir, dass wir da auf<br \/>\noffene Ohren sto\u00dfen. Jeder hat seine Favoriten, aber alle sind im Country vereint. Freiheit pur, halt\u201c (lacht)<\/div>\n<div class=\"c-text__paragraph\">Neben dem Titelsong \u201eFreiheit pur\u201c hat das norddeutsche Kreativ-Duo Johannes Strate (Bremen) und Benni Dernhoff (Hamburg) der Hamburger Kultband drei weitere Titel auf den<br \/>\nLeib geschrieben: die positiv-rhythmische Liebeserkl\u00e4rung \u201eWas Besonderes\u201c, den musikalischen R\u00fcckblick auf die Band-Historie \u201eImmer wieder\u201c (\u201eWir w\u00fcrden\u2019s immer wieder<br \/>\nso tun\u201c) sowie die sehns\u00fcchtige und erwachsen-ehrlich daherkommende Ballade \u201eNoch immer\u201c, die ohne jeglichen Kitsch auskommt und so manchen hartgesottenen Cowboy tief<br \/>\nunter der Haut treffen wird.<br \/>\n\u201eIch konnt\u2019 auf dich z\u00e4hlen, dir alles sagen. Du warst der Kompass und ich war der Spinner.<br \/>\nIch hab\u2019 dich geliebt, auf H\u00e4nden getragen. Hey, wei\u00dft du was? Ich tu\u2019 es noch immer.\u201c<br \/>\nDoch auch Truck Stop selbst hat wieder ordentlich in die Kreativkiste gegriffen. Neben Andreas Cisek haben auch wieder Gitarrist David Rick und Bassist Uwe Frenzel Songs beigesteuert.<br \/>\nF\u00fcr \u201eFreitags hab\u2019 ich keine Freunde\u201c hat Uwe sogar selbst zum Mikrofon gegriffen, denn bei Truck Stop hat es schon Tradition, dass jeder mal \u201ezu Wort\u201c kommen kann. So ist es auch<br \/>\nkeine \u00dcberraschung, dass sich neben Knut Bewersdorff (\u201eHonky Tonk\u201c, \u201eViel zu jung, um alt zu sein\u201c, geschrieben von Schauspieler und Musiker-Kollege Fabian Harloff) auch der<br \/>\nMann an der Fiddle und der Mandoline, Tim Reese, mit einem humorigen Blick \u00fcber den Gartenzaun (\u201eFrag doch einfach deine Nachbarn\u201c) die Ehre gibt.<br \/>\n\u201eFreiheit pur\u201c ist Unterhaltung pur \u2013 in all ihren Facetten. Mit ihrem neuen Album ist Truck Stop zweifelsohne ein weiteres musikalisches Highlight ihrer langen Karriere gelungen.<\/div>\n<\/div>\n<\/div>\n<\/div>\n<div class=\"c-compact-info__venue-info\">\n<div class=\"c-venue-info\"><\/div>\n<\/div>","protected":false},"excerpt":{"rendered":"<p>Secure your tickets!<\/p>","protected":false},"featured_media":45797,"template":"","meta":{"_acf_changed":false,"inline_featured_image":false},"product_brand":[],"product_cat":[6739,31,344,69,86,35,21,58],"product_tag":[6132,941,962,942,943,944,947,6131,948],"class_list":{"0":"post-45791","1":"product","2":"type-product","3":"status-publish","4":"has-post-thumbnail","6":"product_cat-country","7":"product_cat-events","8":"product_cat-haus-auensee","9":"product_cat-konzert","10":"product_cat-leipzig","11":"product_cat-orte","12":"product_cat-ticket","13":"product_cat-veranstaltung","14":"product_tag-freiheit-pur-die-zugabe","15":"product_tag-events","16":"product_tag-haus-auensee","17":"product_tag-konzert","18":"product_tag-leipzig","19":"product_tag-orte","20":"product_tag-ticket","21":"product_tag-truck-stop","22":"product_tag-veranstaltung","23":"product_shipping_class-nur_paketversand","24":"pa_discount-normalpreis","25":"pa_preiskategorie-freie-platzwahl","27":"first","28":"instock","29":"taxable","30":"shipping-taxable","31":"purchasable","32":"product-type-variable","33":"has-default-attributes"},"group_of_quantity":0,"min_quantity":0,"max_quantity":"","exclude_order_quantity_value_rules":"no","exclude_category_quantity_rules":"no","combine_variations":"no","acf":[],"_links":{"self":[{"href":"https:\/\/arena-ticket.com\/en\/wp-json\/wp\/v2\/product\/45791","targetHints":{"allow":["GET"]}}],"collection":[{"href":"https:\/\/arena-ticket.com\/en\/wp-json\/wp\/v2\/product"}],"about":[{"href":"https:\/\/arena-ticket.com\/en\/wp-json\/wp\/v2\/types\/product"}],"wp:featuredmedia":[{"embeddable":true,"href":"https:\/\/arena-ticket.com\/en\/wp-json\/wp\/v2\/media\/45797"}],"wp:attachment":[{"href":"https:\/\/arena-ticket.com\/en\/wp-json\/wp\/v2\/media?parent=45791"}],"wp:term":[{"taxonomy":"product_brand","embeddable":true,"href":"https:\/\/arena-ticket.com\/en\/wp-json\/wp\/v2\/product_brand?post=45791"},{"taxonomy":"product_cat","embeddable":true,"href":"https:\/\/arena-ticket.com\/en\/wp-json\/wp\/v2\/product_cat?post=45791"},{"taxonomy":"product_tag","embeddable":true,"href":"https:\/\/arena-ticket.com\/en\/wp-json\/wp\/v2\/product_tag?post=45791"}],"curies":[{"name":"wp","href":"https:\/\/api.w.org\/{rel}","templated":true}]}}