{"id":45816,"date":"2025-08-01T09:35:27","date_gmt":"2025-08-01T07:35:27","guid":{"rendered":"https:\/\/arena-ticket.com\/?p=45816&#038;post_type=product&#038;preview_id=45816"},"modified":"2025-11-01T09:29:16","modified_gmt":"2025-11-01T08:29:16","slug":"subway-to-sally-eisheilige-nacht-2025-dresden-alter-schlachthof-21-12-2025-1800-uhr-2","status":"publish","type":"product","link":"https:\/\/arena-ticket.com\/en\/product\/subway-to-sally-eisheilige-nacht-2025-dresden-alter-schlachthof-21-12-2025-1800-uhr-2\/","title":{"rendered":"Subway To Sally  - Eisheilige Nacht 2025"},"content":{"rendered":"<p>Es ist eine langj\u00e4hrige Tradition, dass SVBWAY TO SALLY das Jahr mit der Eisheiligen Nacht beschlie\u00dfen. 2025 wird keine Ausnahme sein. Das Potsdamer Septett l\u00e4dt erneut zu einer unvergesslichen Tour durch zehn Spielst\u00e4tten in Deutschland und der Schweiz ein. Gemeinsam mit drei befreundeten Bands verspricht die Eisheilige Nacht einmal mehr ein musikalisches Feuerwerk und eine ausgelassene Party, die Fans und mitreisende Musiker gleicherma\u00dfen begeistert.<\/p>\n<p>F\u00fcr die aktuelle Ausgabe haben SVBWAY TO SALLY ein hochkar\u00e4tiges Lineup zusammengestellt:<br \/>\nErstmals begr\u00fc\u00dfen die Gastgeber mit gro\u00dfer Freude und Respekt den 2025er Co-Headliner SCHANDMAUL. Die Meister des Folk-Rock, werden mit ihrer unvergleichlichen Mischung aus klassischen Rock- und mittelalterlichen Instrumenten begeistern. Nach einer schwierigen Phase in der Bandgeschichte, in der sich S\u00e4nger Thomas Lindner nach seiner Krebsdiagnose zur\u00fcckziehen musste, kehrten sie 2024 mit ihm und noch gr\u00f6\u00dferer Leidenschaft und Energie zur\u00fcck auf die B\u00fchne und werden die Eisheilige Nacht 2025 zu einem Highlight machen.<\/p>\n<p>HAGGEFUGG, die Stimmungsmacher aus K\u00f6ln bringen mit ihren charakteristischen Dudelsack-Einlagen und Gute-Laune-Hits die perfekte Marktatmosph\u00e4re in die Konzerthallen. Mit ihrer animierenden Spielform des Mittelalter-Rock sorgen sie f\u00fcr ausgelassene Feierstimmung und unvergleichlichen Spa\u00df.<\/p>\n<p>KUPFERGOLD, die Newcomer-Sensation der Mittelalterszene, geben ebenfalls ihr Deb\u00fct bei der Eisheiligen Nacht. Die \u00dcberflieger aus dem Rheinland erobern mit eing\u00e4ngigen Melodien, charismatischer B\u00fchnenpr\u00e4senz und einer gesunden Portion Humor die Herzen der Fans im Sturm.<\/p>\n<p>SVBWAY TO SALLY selbst werden mit einer kraftvollen Mischung aus Klassikern und Songs ihres gefeierten Albums Post Mortem die B\u00fchne betreten und ein weiteres Mal beweisen, warum sie seit Jahrzehnten als Instanz im Folk-Metal gelten.<\/p>\n<p>Die Eisheilige Nacht 2025 verspricht also mehr als nur ein Konzert \u2013 es wird ein Fest f\u00fcr die Sinne, ein Wiedersehen unter Freunden und ein furioser Jahresabschluss. Leinen los und volle Fahrt voraus in ein unvergessliches Konzerterlebnis mit R\u00e4ubern und Narren!<\/p>","protected":false},"excerpt":{"rendered":"<p>Die Eisheilige Nacht 2025 verspricht also mehr als nur ein Konzert \u2013 es wird ein Fest f\u00fcr die Sinne, ein Wiedersehen unter Freunden und ein furioser Jahresabschluss<\/p>","protected":false},"featured_media":53596,"template":"","meta":{"_acf_changed":false,"inline_featured_image":false},"product_brand":[],"product_cat":[359,87,31,69,35,6732,21,58],"product_tag":[939,940,5002,941,942,951,944,5000,947,948],"class_list":{"0":"post-45816","1":"product","2":"type-product","3":"status-publish","4":"has-post-thumbnail","6":"product_cat-alter-schlachthof","7":"product_cat-dresden","8":"product_cat-events","9":"product_cat-konzert","10":"product_cat-orte","11":"product_cat-rock-hard-rock","12":"product_cat-ticket","13":"product_cat-veranstaltung","14":"product_tag-alter-schlachthof","15":"product_tag-dresden","16":"product_tag-eisheilige-nacht-2025","17":"product_tag-events","18":"product_tag-konzert","19":"product_tag-kultur","20":"product_tag-orte","21":"product_tag-subway-to-sally","22":"product_tag-ticket","23":"product_tag-veranstaltung","24":"product_shipping_class-nur_paketversand","25":"pa_discount-inklusive-begleitperson","26":"pa_discount-normalpreis","27":"pa_preiskategorie-rollstuhlfahrer","28":"pa_preiskategorie-stehplatz","30":"first","31":"outofstock","32":"taxable","33":"shipping-taxable","34":"purchasable","35":"product-type-variable"},"group_of_quantity":0,"min_quantity":0,"max_quantity":"","exclude_order_quantity_value_rules":"no","exclude_category_quantity_rules":"no","combine_variations":"no","acf":[],"_links":{"self":[{"href":"https:\/\/arena-ticket.com\/en\/wp-json\/wp\/v2\/product\/45816","targetHints":{"allow":["GET"]}}],"collection":[{"href":"https:\/\/arena-ticket.com\/en\/wp-json\/wp\/v2\/product"}],"about":[{"href":"https:\/\/arena-ticket.com\/en\/wp-json\/wp\/v2\/types\/product"}],"wp:featuredmedia":[{"embeddable":true,"href":"https:\/\/arena-ticket.com\/en\/wp-json\/wp\/v2\/media\/53596"}],"wp:attachment":[{"href":"https:\/\/arena-ticket.com\/en\/wp-json\/wp\/v2\/media?parent=45816"}],"wp:term":[{"taxonomy":"product_brand","embeddable":true,"href":"https:\/\/arena-ticket.com\/en\/wp-json\/wp\/v2\/product_brand?post=45816"},{"taxonomy":"product_cat","embeddable":true,"href":"https:\/\/arena-ticket.com\/en\/wp-json\/wp\/v2\/product_cat?post=45816"},{"taxonomy":"product_tag","embeddable":true,"href":"https:\/\/arena-ticket.com\/en\/wp-json\/wp\/v2\/product_tag?post=45816"}],"curies":[{"name":"wp","href":"https:\/\/api.w.org\/{rel}","templated":true}]}}