{"id":45842,"date":"2025-08-01T14:30:38","date_gmt":"2025-08-01T12:30:38","guid":{"rendered":"https:\/\/arena-ticket.com\/?p=45842&#038;post_type=product&#038;preview_id=45842"},"modified":"2025-10-13T16:13:22","modified_gmt":"2025-10-13T14:13:22","slug":"eure-muetter-perlen-vor-die-saeue-das-best-of-zum-jubilaeum-haus-leipzig-10-05-2026-1900-uhr","status":"publish","type":"product","link":"https:\/\/arena-ticket.com\/en\/product\/eure-muetter-perlen-vor-die-saeue-das-best-of-zum-jubilaeum-haus-leipzig-10-05-2026-1900-uhr\/","title":{"rendered":"Eure M\u00fctter - Perlen vor die S\u00e4ue - Das Jubil\u00e4umsprogramm!"},"content":{"rendered":"<div class=\"elementor-column elementor-col-50 elementor-top-column elementor-element elementor-element-9bc5c93\" data-id=\"9bc5c93\" data-element_type=\"column\">\n<div class=\"elementor-widget-wrap elementor-element-populated\">\n<div class=\"elementor-element elementor-element-f1b2d8e elementor-widget elementor-widget-text-editor\" data-id=\"f1b2d8e\" data-element_type=\"widget\" data-widget_type=\"text-editor.default\">\n<div class=\"elementor-widget-container\">\n<p>&nbsp;<\/p>\n<p>&nbsp;<\/p>\n<p>The legendary trio has been putting on one show after another since the turn of the millennium. It&#039;s crazy how many unforgettable songs and sketches the comedy dream team of Andi Kraus, Don Svezia and Matze Weinmann have brought to the stage in two and a half decades. Their long-standing friendship has always been the invisible superpower behind every punchline. After several thousand performances at home and abroad in front of tens of thousands of viewers and over 70 million clicks on YouTube, they are now cramming the absolute highlights of their work to date into this BEST OF.<\/p>\n<p>The result is a two-hour anniversary party with \u201cIch schmei\u00df mich<br \/>\naway!\u201d guarantee from the first to the last second \u2013 apart from a short break in the second half, in which Don simply shows his scars for a few minutes.<\/p>\n<\/div>\n<\/div>\n<\/div>\n<\/div>\n<div class=\"elementor-column elementor-col-50 elementor-top-column elementor-element elementor-element-83c3765\" data-id=\"83c3765\" data-element_type=\"column\">\n<div class=\"elementor-widget-wrap elementor-element-populated\">\n<div class=\"elementor-element elementor-element-eabc2e8 elementor-widget elementor-widget-shortcode\" data-id=\"eabc2e8\" data-element_type=\"widget\" data-widget_type=\"shortcode.default\">\n<div class=\"elementor-widget-container\">\n<div class=\"elementor-shortcode\">\n<div id=\"d2mc-weiterlesen-1\" class=\"d2mc-weiterlesen\"><\/div>\n<\/div>\n<\/div>\n<\/div>\n<div class=\"elementor-element elementor-element-0bfe292 elementor-widget elementor-widget-video\" data-id=\"0bfe292\" data-element_type=\"widget\" data-settings=\"{&quot;youtube_url&quot;:&quot;https:\/\/www.youtube.com\/watch?v=GHzVjgp5qWI&quot;,&quot;mute&quot;:&quot;yes&quot;,&quot;modestbranding&quot;:&quot;yes&quot;,&quot;yt_privacy&quot;:&quot;yes&quot;,&quot;video_type&quot;:&quot;youtube&quot;,&quot;controls&quot;:&quot;yes&quot;}\" data-widget_type=\"video.default\">\n<div class=\"elementor-widget-container\">\n<div class=\"elementor-wrapper elementor-open-inline\"><\/div>\n<\/div>\n<\/div>\n<\/div>\n<\/div>","protected":false},"excerpt":{"rendered":"<p>25 years of EURE M\u00dcTTER \u2013 and only those who celebrate live are really there! With \u201cPearls before swine\u201d the three men in black trousers present the ultimate comedy show. 25 years in preparation, now finally on stage: The BEST OF EURE M\u00dcTTER!<\/p>","protected":false},"featured_media":50121,"template":"","meta":{"_acf_changed":false,"inline_featured_image":false},"product_brand":[],"product_cat":[6725,31,349,95,86,35,21,58],"product_tag":[954,4732,941,955,943,4733,6391,947,948],"class_list":{"0":"post-45842","1":"product","2":"type-product","3":"status-publish","4":"has-post-thumbnail","6":"product_cat-comedy","7":"product_cat-events","8":"product_cat-haus-leipzig","9":"product_cat-humor","10":"product_cat-leipzig","11":"product_cat-orte","12":"product_cat-ticket","13":"product_cat-veranstaltung","14":"product_tag-comedy","15":"product_tag-eure-muetter","16":"product_tag-events","17":"product_tag-haus-leipzig","18":"product_tag-leipzig","19":"product_tag-perlen-vor-die-saeue-das-best-of-zum-jubilaeum","20":"product_tag-perlen-vor-die-saeue-das-jubilaeumsprogramm","21":"product_tag-ticket","22":"product_tag-veranstaltung","23":"product_shipping_class-nur_paketversand","24":"pa_discount-normalpreis","25":"pa_preiskategorie-pk-i","26":"pa_preiskategorie-pk-ii","27":"pa_preiskategorie-pk-iii","29":"first","30":"instock","31":"taxable","32":"shipping-taxable","33":"purchasable","34":"product-type-variable"},"group_of_quantity":0,"min_quantity":0,"max_quantity":"","exclude_order_quantity_value_rules":"no","exclude_category_quantity_rules":"no","combine_variations":"no","acf":[],"_links":{"self":[{"href":"https:\/\/arena-ticket.com\/en\/wp-json\/wp\/v2\/product\/45842","targetHints":{"allow":["GET"]}}],"collection":[{"href":"https:\/\/arena-ticket.com\/en\/wp-json\/wp\/v2\/product"}],"about":[{"href":"https:\/\/arena-ticket.com\/en\/wp-json\/wp\/v2\/types\/product"}],"wp:featuredmedia":[{"embeddable":true,"href":"https:\/\/arena-ticket.com\/en\/wp-json\/wp\/v2\/media\/50121"}],"wp:attachment":[{"href":"https:\/\/arena-ticket.com\/en\/wp-json\/wp\/v2\/media?parent=45842"}],"wp:term":[{"taxonomy":"product_brand","embeddable":true,"href":"https:\/\/arena-ticket.com\/en\/wp-json\/wp\/v2\/product_brand?post=45842"},{"taxonomy":"product_cat","embeddable":true,"href":"https:\/\/arena-ticket.com\/en\/wp-json\/wp\/v2\/product_cat?post=45842"},{"taxonomy":"product_tag","embeddable":true,"href":"https:\/\/arena-ticket.com\/en\/wp-json\/wp\/v2\/product_tag?post=45842"}],"curies":[{"name":"wp","href":"https:\/\/api.w.org\/{rel}","templated":true}]}}