{"id":46213,"date":"2025-08-04T15:48:06","date_gmt":"2025-08-04T13:48:06","guid":{"rendered":"https:\/\/arena-ticket.com\/?p=46213&#038;post_type=product&#038;preview_id=46213"},"modified":"2025-08-05T12:47:17","modified_gmt":"2025-08-05T10:47:17","slug":"vorbereitungsspiel-syntainics-mbc-vs-bma365-bamberg-baskets-swh-arena-halle-23-08-2025-1900-uhr","status":"publish","type":"product","link":"https:\/\/arena-ticket.com\/en\/product\/vorbereitungsspiel-syntainics-mbc-vs-bma365-bamberg-baskets-swh-arena-halle-23-08-2025-1900-uhr\/","title":{"rendered":"SYNTAINICS MBC  - BMA365 Bamberg Baskets - SWH.arena Halle"},"content":{"rendered":"<div class=\"accordion__content\"><\/div>\n<p>-\u00a0\u00a0\u00a0\u00a0\u00a0\u00a0\u00a0\u00a0\u00a0\u00a0\u00a0\u00a0\u00a0 Erm\u00e4\u00dfigungen gelten f\u00fcr Sch\u00fcler, Studenten, Zivil- und Wehrdienstleistende, Auszubildende, Behinderte<\/p>\n<p>- Children under 6 years of age do not have to pay admission and are not entitled to a seat<\/p>\n<p>- Tickets for accompanying persons of disabled people are only available at the MBC office<\/p>","protected":false},"excerpt":{"rendered":"<p>Get your ticket for the SYNTAINICS MBC home games in the Wei\u00dfenfelser Stadthalle!<\/p>\n<p>&nbsp;<\/p>","protected":false},"featured_media":17119,"template":"","meta":{"_acf_changed":false,"inline_featured_image":false},"product_brand":[],"product_cat":[6754,31,35,32,3823,21,58,2816],"product_tag":[6145,941,944,5642,3827,3824,947,3826],"class_list":{"0":"post-46213","1":"product","2":"type-product","3":"status-publish","4":"has-post-thumbnail","6":"product_cat-basketball","7":"product_cat-events","8":"product_cat-orte","9":"product_cat-sport","10":"product_cat-stadthalle-weissenfels","11":"product_cat-ticket","12":"product_cat-veranstaltung","13":"product_cat-weissenfels","14":"product_tag-bma365-bamberg-baskets-swh-arena-halle","15":"product_tag-events","16":"product_tag-orte","17":"product_tag-sport","18":"product_tag-stadthalle-weissenfels","19":"product_tag-syntainics-mbc","20":"product_tag-ticket","21":"product_tag-weissenfels","22":"product_shipping_class-nur_paketversand","23":"pa_discount-ermaessigt","24":"pa_discount-kind","25":"pa_discount-normalpreis","26":"pa_preiskategorie-freie-platzwahl","27":"pa_preiskategorie-pk-i","28":"pa_preiskategorie-pk-ii","29":"pa_preiskategorie-pk-iii","30":"pa_preiskategorie-pk-iv","31":"pa_preiskategorie-pk5-stehplatz","33":"first","34":"instock","35":"taxable","36":"shipping-taxable","37":"purchasable","38":"product-type-variable"},"group_of_quantity":0,"min_quantity":0,"max_quantity":"","exclude_order_quantity_value_rules":"no","exclude_category_quantity_rules":"no","combine_variations":"no","acf":[],"_links":{"self":[{"href":"https:\/\/arena-ticket.com\/en\/wp-json\/wp\/v2\/product\/46213","targetHints":{"allow":["GET"]}}],"collection":[{"href":"https:\/\/arena-ticket.com\/en\/wp-json\/wp\/v2\/product"}],"about":[{"href":"https:\/\/arena-ticket.com\/en\/wp-json\/wp\/v2\/types\/product"}],"wp:featuredmedia":[{"embeddable":true,"href":"https:\/\/arena-ticket.com\/en\/wp-json\/wp\/v2\/media\/17119"}],"wp:attachment":[{"href":"https:\/\/arena-ticket.com\/en\/wp-json\/wp\/v2\/media?parent=46213"}],"wp:term":[{"taxonomy":"product_brand","embeddable":true,"href":"https:\/\/arena-ticket.com\/en\/wp-json\/wp\/v2\/product_brand?post=46213"},{"taxonomy":"product_cat","embeddable":true,"href":"https:\/\/arena-ticket.com\/en\/wp-json\/wp\/v2\/product_cat?post=46213"},{"taxonomy":"product_tag","embeddable":true,"href":"https:\/\/arena-ticket.com\/en\/wp-json\/wp\/v2\/product_tag?post=46213"}],"curies":[{"name":"wp","href":"https:\/\/api.w.org\/{rel}","templated":true}]}}