{"id":46216,"date":"2025-08-04T15:53:06","date_gmt":"2025-08-04T13:53:06","guid":{"rendered":"https:\/\/arena-ticket.com\/?p=46216&#038;post_type=product&#038;preview_id=46216"},"modified":"2025-10-07T10:56:42","modified_gmt":"2025-10-07T08:56:42","slug":"syntainics-mbc-vs-bma365-bamberg-baskets-swh-arena-halle-23-08-2025-1900-uhr","status":"publish","type":"product","link":"https:\/\/arena-ticket.com\/en\/product\/syntainics-mbc-vs-bma365-bamberg-baskets-swh-arena-halle-23-08-2025-1900-uhr\/","title":{"rendered":"SYNTAINICS MBC  - Saison 2025\/26"},"content":{"rendered":"<div class=\"accordion__content\"><\/div>\n<p>-\u00a0\u00a0\u00a0\u00a0\u00a0\u00a0\u00a0\u00a0\u00a0\u00a0\u00a0\u00a0\u00a0 Erm\u00e4\u00dfigungen gelten f\u00fcr Sch\u00fcler, Studenten, Zivil- und Wehrdienstleistende, Auszubildende, Behinderte<\/p>\n<p>- Children under 6 years of age do not have to pay admission and are not entitled to a seat<\/p>\n<p>- Tickets for accompanying persons of disabled people are only available at the MBC office<\/p>","protected":false},"excerpt":{"rendered":"<p>Sichern Sie sich Ihr Ticket f\u00fcr die Heimspiele des\u00a0SYNTAINICS MBC!<\/p>","protected":false},"featured_media":50877,"template":"","meta":{"_acf_changed":false,"inline_featured_image":false},"product_brand":[],"product_cat":[6754,31,35,32,3823,21,58,2816],"product_tag":[6145,941,944,5810,5642,3827,3824,947,3826],"class_list":{"0":"post-46216","1":"product","2":"type-product","3":"status-publish","4":"has-post-thumbnail","6":"product_cat-basketball","7":"product_cat-events","8":"product_cat-orte","9":"product_cat-sport","10":"product_cat-stadthalle-weissenfels","11":"product_cat-ticket","12":"product_cat-veranstaltung","13":"product_cat-weissenfels","14":"product_tag-bma365-bamberg-baskets-swh-arena-halle","15":"product_tag-events","16":"product_tag-orte","17":"product_tag-saison-2025-26","18":"product_tag-sport","19":"product_tag-stadthalle-weissenfels","20":"product_tag-syntainics-mbc","21":"product_tag-ticket","22":"product_tag-weissenfels","23":"product_shipping_class-nur_paketversand","25":"first","26":"instock","27":"taxable","28":"shipping-taxable","29":"product-type-grouped"},"group_of_quantity":0,"min_quantity":0,"max_quantity":"","exclude_order_quantity_value_rules":"no","exclude_category_quantity_rules":"no","combine_variations":"no","acf":[],"_links":{"self":[{"href":"https:\/\/arena-ticket.com\/en\/wp-json\/wp\/v2\/product\/46216","targetHints":{"allow":["GET"]}}],"collection":[{"href":"https:\/\/arena-ticket.com\/en\/wp-json\/wp\/v2\/product"}],"about":[{"href":"https:\/\/arena-ticket.com\/en\/wp-json\/wp\/v2\/types\/product"}],"wp:featuredmedia":[{"embeddable":true,"href":"https:\/\/arena-ticket.com\/en\/wp-json\/wp\/v2\/media\/50877"}],"wp:attachment":[{"href":"https:\/\/arena-ticket.com\/en\/wp-json\/wp\/v2\/media?parent=46216"}],"wp:term":[{"taxonomy":"product_brand","embeddable":true,"href":"https:\/\/arena-ticket.com\/en\/wp-json\/wp\/v2\/product_brand?post=46216"},{"taxonomy":"product_cat","embeddable":true,"href":"https:\/\/arena-ticket.com\/en\/wp-json\/wp\/v2\/product_cat?post=46216"},{"taxonomy":"product_tag","embeddable":true,"href":"https:\/\/arena-ticket.com\/en\/wp-json\/wp\/v2\/product_tag?post=46216"}],"curies":[{"name":"wp","href":"https:\/\/api.w.org\/{rel}","templated":true}]}}