{"id":46304,"date":"2025-08-05T10:51:55","date_gmt":"2025-08-05T08:51:55","guid":{"rendered":"https:\/\/arena-ticket.com\/?p=46304&#038;post_type=product&#038;preview_id=46304"},"modified":"2025-09-06T10:00:57","modified_gmt":"2025-09-06T08:00:57","slug":"grenzkontrolle-heute-bin-ich-relevant-morgen-bin-ich-vergessen-dresden-groovestation-12-10-2025-2000-uhr","status":"publish","type":"product","link":"https:\/\/arena-ticket.com\/en\/product\/grenzkontrolle-heute-bin-ich-relevant-morgen-bin-ich-vergessen-dresden-groovestation-12-10-2025-2000-uhr\/","title":{"rendered":"Grenzkontrolle  - Heute bin ich relevant - Morgen bin ich vergessen"},"content":{"rendered":"<p>Im Jahr 2020 zitiert ein damals 22-J\u00e4hriger mit aufgew\u00fchlter Stimme die Worte seines Vorbildes Fred Hampton: \"We don't think you fight fire with fire best\". Das Ganze tr\u00e4gt sich zu auf einer Demonstration der Black Lives Matter-Bewegung auf dem Berliner Alexanderplatz.<\/p>\n<p>Im Jahr 2025 steht der nun 27-j\u00e4hrige Gasp\u00e1r Ali vor einem Schloss im Postkartenmotiv und ruft \"Auf den Hass kann ich nur mit Hass reagieren\". Es ist der Deb\u00fct-Song \"REVOLUTION\" der Punk Band GRENZKONTROLLE, deren S\u00e4nger Don L. Gasp\u00e1r Ali ist.<\/p>\n<p>Was ist in den Jahren seit 2020 passiert, dass sich seine Einstellung von den Worten des B\u00fcrgerrechtlers Fred Hampton zu eben jenen ge\u00e4ndert hat? Wer hierauf ernsthaft eine Antwort erwartet, muss im Koma gelegen haben, oder wird durch angeborenes Privileg blind f\u00fcr die dramatischen Umw\u00e4lzungen im Sozialen, Klimatischen und Politischen.<\/p>\n<p>GRENZKONTROLLE sind das w\u00fctende vierk\u00f6pfige Kollektiv, das wir genau jetzt brauchen! Lyrics \u00fcber unbezahlbaren Wohnraum, irgendwo zwischen Fehlfarben, Neuer Deutscher Welle, aber auch dem Rage des US Rap.<\/p>\n<p>Anfang Oktober geht die Band auf \"HEUTE BIN ICH RELEVANT, MORGEN BIN ICH VERGESSEN\" TOUR 2025, die sie durch Deutschland, \u00d6sterreich und die Schweiz f\u00fchren wird.<\/p>","protected":false},"excerpt":{"rendered":"<p>Get your tickets here now!<\/p>","protected":false},"featured_media":45758,"template":"","meta":{"_acf_changed":false,"inline_featured_image":false},"product_brand":[],"product_cat":[87,31,411,69,35,6745,21,58],"product_tag":[940,941,6121,3029,2723,6122,942,947,948],"class_list":{"0":"post-46304","1":"product","2":"type-product","3":"status-publish","4":"has-post-thumbnail","6":"product_cat-dresden","7":"product_cat-events","8":"product_cat-groove-station","9":"product_cat-konzert","10":"product_cat-orte","11":"product_cat-punk-punkrock","12":"product_cat-ticket","13":"product_cat-veranstaltung","14":"product_tag-dresden","15":"product_tag-events","16":"product_tag-grenzkontrolle","17":"product_tag-groove-station","18":"product_tag-groovestation","19":"product_tag-heute-bin-ich-relevant-morgen-bin-ich-vergessen","20":"product_tag-konzert","21":"product_tag-ticket","22":"product_tag-veranstaltung","23":"product_shipping_class-nur_paketversand","24":"pa_discount-normalpreis","25":"pa_preiskategorie-stehplatz","27":"first","28":"instock","29":"taxable","30":"shipping-taxable","31":"purchasable","32":"product-type-variable","33":"has-default-attributes"},"group_of_quantity":0,"min_quantity":0,"max_quantity":"","exclude_order_quantity_value_rules":"no","exclude_category_quantity_rules":"no","combine_variations":"no","acf":[],"_links":{"self":[{"href":"https:\/\/arena-ticket.com\/en\/wp-json\/wp\/v2\/product\/46304","targetHints":{"allow":["GET"]}}],"collection":[{"href":"https:\/\/arena-ticket.com\/en\/wp-json\/wp\/v2\/product"}],"about":[{"href":"https:\/\/arena-ticket.com\/en\/wp-json\/wp\/v2\/types\/product"}],"wp:featuredmedia":[{"embeddable":true,"href":"https:\/\/arena-ticket.com\/en\/wp-json\/wp\/v2\/media\/45758"}],"wp:attachment":[{"href":"https:\/\/arena-ticket.com\/en\/wp-json\/wp\/v2\/media?parent=46304"}],"wp:term":[{"taxonomy":"product_brand","embeddable":true,"href":"https:\/\/arena-ticket.com\/en\/wp-json\/wp\/v2\/product_brand?post=46304"},{"taxonomy":"product_cat","embeddable":true,"href":"https:\/\/arena-ticket.com\/en\/wp-json\/wp\/v2\/product_cat?post=46304"},{"taxonomy":"product_tag","embeddable":true,"href":"https:\/\/arena-ticket.com\/en\/wp-json\/wp\/v2\/product_tag?post=46304"}],"curies":[{"name":"wp","href":"https:\/\/api.w.org\/{rel}","templated":true}]}}