{"id":46311,"date":"2025-08-05T11:22:45","date_gmt":"2025-08-05T09:22:45","guid":{"rendered":"https:\/\/arena-ticket.com\/?p=46311&#038;post_type=product&#038;preview_id=46311"},"modified":"2026-01-09T13:38:46","modified_gmt":"2026-01-09T12:38:46","slug":"night-of-the-jumps-freestyle-mx-world-tour-championship-2026-uber-arena-07-02-2026-1400-uhr","status":"publish","type":"product","link":"https:\/\/arena-ticket.com\/en\/product\/night-of-the-jumps-freestyle-mx-world-tour-championship-2026-uber-arena-07-02-2026-1400-uhr\/","title":{"rendered":"NIGHT of the JUMPs  - Freestyle MX World Tour Championship 2026"},"content":{"rendered":"<p>H\u00f6her, schneller, weiter \u2013 genau darum geht es bei der Freestyle-Motocross-Eventreihe namens \u201eNight of the Jumps\u201c. Professionelle Freestyle-Motocross-Fahrer aus der ganzen Welt treten in einem atemberaubenden Wettbewerb gegeneinander an und pr\u00e4sentieren eine Show der Superlative. Dabei springen die Profis auf ihren Motocross-Bikes \u00fcber 11 Meter hoch und bis zu 24 Meter weit. Ihre Spr\u00fcnge w\u00fcrzen sie mit Flugdrehungen, Salti und anderen waghalsigen Tricks. Die tollk\u00fchnen Stunts bei der \u201eNight of the Jumps\u201c werden untermalt von einer beeindruckenden Lichtshow und Pyrotechnik.<\/p>\n<p>Motocross-Akrobatik der Weltklasse<br \/>\nSeit der ersten Show in der s\u00e4chsischen Stadt Riesa im Jahr 2001 ziehen die besten Motocross-Extremsportler im Rahmen der \u201eNight of the Jumps\u201c-Tour durch die ganze Welt. J\u00e4hrlich begeistern die beliebten Events Zuschauer aller Altersklassen \u2013 nicht nur in Deutschland, \u00d6sterreich und der Schweiz, sondern auch in Polen, Spanien, Brasilien, der T\u00fcrkei und China.<\/p>\n<p>Der Ursprung der Extremsportart liegt in den USA, wo sich Freestyle-Motocross schon seit Mitte der 1990er-Jahre gro\u00dfer Beliebtheit erfreut. Der internationale Freestyle-Motocross-Verband IFMXF brachte die Sportart schlie\u00dflich auch nach Europa und verschafft FMX-Fahrern seither mit der \u201eNight of the Jumps\u201c-Tour und j\u00e4hrlichen Weltmeisterschaften eine spektakul\u00e4re B\u00fchne vor ausverkauften Arenen.<\/p>\n<p>Die \u201eNight of the Jumps\u201c ist seit 2006 offizieller Veranstalter der Motocross-Weltmeisterschaft des Motorradweltverbands (FIM). Im Rahmen der \u201eFIM IFMXF Freestyle MX World Championships\u201c sammeln die Motorsportler bei den \u201eNight of the Jumps\u201c-Shows Punkte f\u00fcr die Weltmeisterschaft. Eine Jury bestimmt anhand des K\u00f6nnens der konkurrierenden Fahrer, wer den Titel am Ende erlangt.<\/p>\n<p>Drei Disziplinen: Best Whip, Highest Air und Freestyle<br \/>\nBei der \u201eNight of the Jumps\u201c tritt die Cr\u00e8me de la Cr\u00e8me der Freestyle-Motocross-Szene an. Was f\u00fcr Zuschauer vor allem Spektakel und Entertainment ist, stellt selbst f\u00fcr die besten Fahrer eine anspruchsvolle und nicht ungef\u00e4hrliche Sportart dar. Wenn die Profis mit ihren Motocross-R\u00e4dern die steilen Rampen hochrasen und in der Luft waghalsige Tricks ausf\u00fchren, sind Adrenalinkicks auch beim Publikum garantiert!<\/p>\n<p>Das Sportevent unterteilt sich in die drei Disziplinen: Best Whip, Highest Air und Freestyle Motocross. Beim Best Whip entscheiden Punktrichter, welcher Fahrer den st\u00e4rksten Whip durchf\u00fchrt. Ein Whip ist eine Drehung der Maschine quer zur Flugrichtung. Beim Highest Air entscheidet die Sprungh\u00f6he \u00fcber die beste Punktwertung.<\/p>\n<p>Folgende spektakul\u00e4re Tricks verschlagen Besuchern einer \u201eNight of the Jumps\u201c-Show den Atem, wenn die Fahrer von den Sprungrampen in luftige H\u00f6hen fliegen:<\/p>\n<p>Cliffhanger: Der Fahrer steht w\u00e4hrend des Flugs aus dem Sattel auf, verhakt seine F\u00fc\u00dfe unter dem Lenker und streckt seinen K\u00f6rper gerade nach oben.<br \/>\nFront- und Backflip: Ein klassischer Vorw\u00e4rts- bzw. R\u00fcckw\u00e4rtssalto mit dem Motorrad.<br \/>\nTsunami: Fahrer und Motorrad bilden eine senkrechte Linie in der Luft, w\u00e4hrend der Fahrer sich kopf\u00fcber nur am Lenker festh\u00e4lt.<br \/>\nRock Solid Flip: Der Fahrer schwebt w\u00e4hrend eines Saltos mit ausgebreiteten Armen frei \u00fcber der Maschine.<br \/>\nWhip: Die Maschine dreht sich im Flug kurzzeitig quer zur Flugrichtung.<br \/>\nSpecial Flip: Der Fahrer l\u00f6st sich vom Motorrad, vollf\u00fchrt einen R\u00fcckw\u00e4rtssalto und landet wieder auf dem Sitz.<\/p>\n<p>Freestyle-Motocross zum Anfassen<br \/>\nEin besonderes Highlight der \u201eNight of the Jumps\u201c: Das Fahrerlager steht Besuchern offen. Wer also mit internationalen FMX-Fahrern Fotos machen oder sich Autogramme holen will, kann die Stars der Motocross-Szene live und hautnah erleben. Tickets f\u00fcr die \u201eNight of the Jumps\u201d sind nicht zuletzt deshalb unter Motocross-Fans hei\u00df begehrt.<\/p>","protected":false},"excerpt":{"rendered":"<p>KINDER UNTER 6 JAHREN ERHALTEN KEINEN EINLASS - Kinder unter 16 Jahren erhalten nur Eintritt in Begleitung einer erziehungsberechtigten, personensorgeberechtigten o. erziehungsbeauftragten Person.<br \/>\nPreiserm\u00e4\u00dfigung gilt f\u00fcr Kinder von 6 bis einschl. 12 Jahren.<\/p>","protected":false},"featured_media":55699,"template":"","meta":{"_acf_changed":false,"inline_featured_image":false},"product_brand":[],"product_cat":[315,35,517],"product_tag":[1332,941,6149,5493,944,958,3638,948],"class_list":{"0":"post-46311","1":"product","2":"type-product","3":"status-publish","4":"has-post-thumbnail","6":"product_cat-berlin","7":"product_cat-orte","8":"product_cat-uber-arena","9":"product_tag-berlin","10":"product_tag-events","11":"product_tag-freestyle-mx-world-tour-championship-2026","12":"product_tag-night-of-the-jumps","13":"product_tag-orte","14":"product_tag-show","15":"product_tag-uber-arena","16":"product_tag-veranstaltung","17":"product_shipping_class-nur_paketversand","18":"pa_discount-kind","19":"pa_discount-normalpreis","20":"pa_preiskategorie-pk-i","21":"pa_preiskategorie-pk-ii","22":"pa_preiskategorie-pk-iii","23":"pa_preiskategorie-pk-iv","24":"pa_preiskategorie-pk-v","25":"pa_preiskategorie-pk-vi","26":"pa_preiskategorie-premium","27":"pa_preiskategorie-vip-package","29":"first","30":"outofstock","31":"taxable","32":"shipping-taxable","33":"purchasable","34":"product-type-variable","35":"has-default-attributes"},"group_of_quantity":0,"min_quantity":0,"max_quantity":"","exclude_order_quantity_value_rules":"no","exclude_category_quantity_rules":"no","combine_variations":"no","acf":[],"_links":{"self":[{"href":"https:\/\/arena-ticket.com\/en\/wp-json\/wp\/v2\/product\/46311","targetHints":{"allow":["GET"]}}],"collection":[{"href":"https:\/\/arena-ticket.com\/en\/wp-json\/wp\/v2\/product"}],"about":[{"href":"https:\/\/arena-ticket.com\/en\/wp-json\/wp\/v2\/types\/product"}],"wp:featuredmedia":[{"embeddable":true,"href":"https:\/\/arena-ticket.com\/en\/wp-json\/wp\/v2\/media\/55699"}],"wp:attachment":[{"href":"https:\/\/arena-ticket.com\/en\/wp-json\/wp\/v2\/media?parent=46311"}],"wp:term":[{"taxonomy":"product_brand","embeddable":true,"href":"https:\/\/arena-ticket.com\/en\/wp-json\/wp\/v2\/product_brand?post=46311"},{"taxonomy":"product_cat","embeddable":true,"href":"https:\/\/arena-ticket.com\/en\/wp-json\/wp\/v2\/product_cat?post=46311"},{"taxonomy":"product_tag","embeddable":true,"href":"https:\/\/arena-ticket.com\/en\/wp-json\/wp\/v2\/product_tag?post=46311"}],"curies":[{"name":"wp","href":"https:\/\/api.w.org\/{rel}","templated":true}]}}