{"id":46326,"date":"2025-08-05T11:25:46","date_gmt":"2025-08-05T09:25:46","guid":{"rendered":"https:\/\/arena-ticket.com\/?p=46326&#038;post_type=product&#038;preview_id=46326"},"modified":"2025-08-05T12:08:08","modified_gmt":"2025-08-05T10:08:08","slug":"menmania-halloween-ladies-night-leipzig-kabarett-sanftwut-31-10-2025-2000-uhr","status":"publish","type":"product","link":"https:\/\/arena-ticket.com\/en\/product\/menmania-halloween-ladies-night-leipzig-kabarett-sanftwut-31-10-2025-2000-uhr\/","title":{"rendered":"MenMania - Halloween Ladies Night"},"content":{"rendered":"<div class=\"productbox-title\">MENMANIA \u2013 Die Nacht, die ihr nicht vergessen werdet!<\/div>\n<div><\/div>\n<div class=\"productbox-title\">Freut euch auf eine Nacht, die unter die Haut geht: Beeindruckende B\u00fchnenshows, fesselnde Solo-Strip-Shows, wilde Coyote-Animationen und feurige Latino-Rhythmen \u2013 eine Atmosph\u00e4re, die zum Tr\u00e4umen einl\u00e4dt. Bei MENMANIA sitzt ihr mitten im Geschehen: Jede Bewegung, jeder Blick, jede Geste \u2013 ganz nah und intensiv. Eine Show voller Energie, Leidenschaft und unvergesslicher Wow-Momente. Schnappt euch eure Freundinnen und lasst euch von den charmanten Performern in eine Welt voller Fantasie entf\u00fchren. Diese Nacht verspricht pure Unterhaltung \u2013 stilvoll, sinnlich und mitrei\u00dfend.<br \/>\nMENMANIA \u2013 mehr als nur eine Show.\u00a0Es ist ein Erlebnis. Ein Versprechen. Eine Nacht, die alles ver\u00e4ndert.<\/div>","protected":false},"excerpt":{"rendered":"<p><span class=\"kb-adv-text-inner\">Get your tickets now!<\/span><\/p>","protected":false},"featured_media":46331,"template":"","meta":{"_acf_changed":false,"inline_featured_image":false},"product_brand":[],"product_cat":[6725,31,95,485,86,35,21,58],"product_tag":[954,941,6154,4006,943,6153,4007,958,947,948],"class_list":{"0":"post-46326","1":"product","2":"type-product","3":"status-publish","4":"has-post-thumbnail","6":"product_cat-comedy","7":"product_cat-events","8":"product_cat-humor","9":"product_cat-kabarett-theater-sanftwut","10":"product_cat-leipzig","11":"product_cat-orte","12":"product_cat-ticket","13":"product_cat-veranstaltung","14":"product_tag-comedy","15":"product_tag-events","16":"product_tag-halloween-ladies-night","17":"product_tag-kabarett-theater-sanftwut","18":"product_tag-leipzig","19":"product_tag-menmania","20":"product_tag-sanftwut","21":"product_tag-show","22":"product_tag-ticket","23":"product_tag-veranstaltung","24":"product_shipping_class-nur_paketversand","25":"pa_discount-normalpreis","26":"pa_preiskategorie-pk-i","28":"first","29":"instock","30":"taxable","31":"shipping-taxable","32":"purchasable","33":"product-type-variable"},"group_of_quantity":0,"min_quantity":0,"max_quantity":"","exclude_order_quantity_value_rules":"no","exclude_category_quantity_rules":"no","combine_variations":"no","acf":[],"_links":{"self":[{"href":"https:\/\/arena-ticket.com\/en\/wp-json\/wp\/v2\/product\/46326","targetHints":{"allow":["GET"]}}],"collection":[{"href":"https:\/\/arena-ticket.com\/en\/wp-json\/wp\/v2\/product"}],"about":[{"href":"https:\/\/arena-ticket.com\/en\/wp-json\/wp\/v2\/types\/product"}],"wp:featuredmedia":[{"embeddable":true,"href":"https:\/\/arena-ticket.com\/en\/wp-json\/wp\/v2\/media\/46331"}],"wp:attachment":[{"href":"https:\/\/arena-ticket.com\/en\/wp-json\/wp\/v2\/media?parent=46326"}],"wp:term":[{"taxonomy":"product_brand","embeddable":true,"href":"https:\/\/arena-ticket.com\/en\/wp-json\/wp\/v2\/product_brand?post=46326"},{"taxonomy":"product_cat","embeddable":true,"href":"https:\/\/arena-ticket.com\/en\/wp-json\/wp\/v2\/product_cat?post=46326"},{"taxonomy":"product_tag","embeddable":true,"href":"https:\/\/arena-ticket.com\/en\/wp-json\/wp\/v2\/product_tag?post=46326"}],"curies":[{"name":"wp","href":"https:\/\/api.w.org\/{rel}","templated":true}]}}