{"id":46347,"date":"2025-08-05T11:49:17","date_gmt":"2025-08-05T09:49:17","guid":{"rendered":"https:\/\/arena-ticket.com\/?p=46347&#038;post_type=product&#038;preview_id=46347"},"modified":"2025-09-18T12:37:34","modified_gmt":"2025-09-18T10:37:34","slug":"annekatrin-michler-jetzt-nicht-bleede-werden-leipzig-kabarett-sanftwut-18-10-2025-1600-uhr","status":"publish","type":"product","link":"https:\/\/arena-ticket.com\/en\/product\/annekatrin-michler-jetzt-nicht-bleede-werden-leipzig-kabarett-sanftwut-18-10-2025-1600-uhr\/","title":{"rendered":"Annekatrin Michler - Jetzt nicht bleede werden!\u00a0"},"content":{"rendered":"<p>Jetzt nicht bleede werden!\u00a0von und mit Annekatrin Michler - Die \u00c4ndertainerin\u00ae<br \/>\nGewinnerin des Kleinkunstpreises \u201cOelsnitzer Barhocker\u201d<\/p>\n<p>Bleede werden? Das k\u00f6nnte man schon bei den t\u00e4glichen Aufregern \u00fcber Baustellen, den eigenen Mann, ohne Licht Radelnde, die vielen Hundehaufen oder die gro\u00dfe Politik. Aber keine Sorge! Annekatrin Michler - Die \u00c4ndertainerin\u00ae alias Margot Hammer-Samt l\u00e4sst Sie damit nicht allein. Freuen Sie sich auf erfrischende Weisheiten, Optimismus und neue Blickwinkel. Erleben Sie spannende Hinweise zum Thema Mann - Frau und lernen Sie, wie Sie mit Ihren eigenen Emotionen besser umgehen k\u00f6nnen.<br \/>\nGew\u00fcrzt wird diese Flut an Impulsen mit grandios improvisierten Liedern, begleitet von dem gro\u00dfartigen Pianisten Lothar R. Hansen alias Praktikant Hans Thomas. Nach dem denk- und lachfaltensicheren Programm werden alle bewusster \u201cbleede\u201d und haben jede Menge Spa\u00df daran.<\/p>\n<p>\u201cDie Frau ist ein Vulkan\u201d (MDR, Sachsenspiegel)<\/p>","protected":false},"excerpt":{"rendered":"<p><span class=\"kb-adv-text-inner\">Get your tickets now!<\/span><\/p>","protected":false},"featured_media":49294,"template":"","meta":{"_acf_changed":false,"inline_featured_image":false},"product_brand":[],"product_cat":[6725,31,95,485,86,35,21,58],"product_tag":[6155,954,941,6156,4006,943,4007,958,947,948],"class_list":{"0":"post-46347","1":"product","2":"type-product","3":"status-publish","4":"has-post-thumbnail","6":"product_cat-comedy","7":"product_cat-events","8":"product_cat-humor","9":"product_cat-kabarett-theater-sanftwut","10":"product_cat-leipzig","11":"product_cat-orte","12":"product_cat-ticket","13":"product_cat-veranstaltung","14":"product_tag-annekatrin-michler","15":"product_tag-comedy","16":"product_tag-events","17":"product_tag-jetzt-nicht-bleede-werden","18":"product_tag-kabarett-theater-sanftwut","19":"product_tag-leipzig","20":"product_tag-sanftwut","21":"product_tag-show","22":"product_tag-ticket","23":"product_tag-veranstaltung","24":"product_shipping_class-nur_paketversand","25":"pa_discount-normalpreis","26":"pa_preiskategorie-pk-i","28":"first","29":"instock","30":"taxable","31":"shipping-taxable","32":"purchasable","33":"product-type-variable"},"group_of_quantity":0,"min_quantity":0,"max_quantity":"","exclude_order_quantity_value_rules":"no","exclude_category_quantity_rules":"no","combine_variations":"no","acf":[],"_links":{"self":[{"href":"https:\/\/arena-ticket.com\/en\/wp-json\/wp\/v2\/product\/46347","targetHints":{"allow":["GET"]}}],"collection":[{"href":"https:\/\/arena-ticket.com\/en\/wp-json\/wp\/v2\/product"}],"about":[{"href":"https:\/\/arena-ticket.com\/en\/wp-json\/wp\/v2\/types\/product"}],"wp:featuredmedia":[{"embeddable":true,"href":"https:\/\/arena-ticket.com\/en\/wp-json\/wp\/v2\/media\/49294"}],"wp:attachment":[{"href":"https:\/\/arena-ticket.com\/en\/wp-json\/wp\/v2\/media?parent=46347"}],"wp:term":[{"taxonomy":"product_brand","embeddable":true,"href":"https:\/\/arena-ticket.com\/en\/wp-json\/wp\/v2\/product_brand?post=46347"},{"taxonomy":"product_cat","embeddable":true,"href":"https:\/\/arena-ticket.com\/en\/wp-json\/wp\/v2\/product_cat?post=46347"},{"taxonomy":"product_tag","embeddable":true,"href":"https:\/\/arena-ticket.com\/en\/wp-json\/wp\/v2\/product_tag?post=46347"}],"curies":[{"name":"wp","href":"https:\/\/api.w.org\/{rel}","templated":true}]}}