{"id":46355,"date":"2025-08-05T12:04:37","date_gmt":"2025-08-05T10:04:37","guid":{"rendered":"https:\/\/arena-ticket.com\/?p=46355&#038;post_type=product&#038;preview_id=46355"},"modified":"2025-08-05T12:10:52","modified_gmt":"2025-08-05T10:10:52","slug":"ralph-richter-melancholerisch-leipzig-kabarett-sanftwut-29-10-2025-2000-uhr","status":"publish","type":"product","link":"https:\/\/arena-ticket.com\/en\/product\/ralph-richter-melancholerisch-leipzig-kabarett-sanftwut-29-10-2025-2000-uhr\/","title":{"rendered":"Ralph Richter - Melancholerisch"},"content":{"rendered":"<p>Es gibt Dinge, die sich nie \u00e4ndern: Keiner h\u00f6rt mehr dem Anderen zu, das Zeitgef\u00fchl verschiebt sich, der Schlips kann gar nicht gro\u00df genug sein, auf den man drauftritt, und fr\u00fcher war sowieso alles besser. Das alles wird zur Sprache kommen, denn Richter will ihn wieder zeigen, diesen Riesensprung in der Sch\u00fcssel unserer Spa\u00dfv\u00f6glergesellschaft. Dabei ist ihm kein Klischee fremd und keine Kuh heilig. Mit seinem sperrigen Charme l\u00e4\u00dft er die Zwerchfelle schuften, bis Sie sich verwundert die Augen reiben: So hab ich das auch gesehen, kann es aber nicht so ausdr\u00fccken. Denn nirgends ist es so komisch wie in unserem Beklopptistan, aber wenn man dieses Programm gesehen hat, m\u00f6chte man an keinem anderen Ort leben.<br \/>\nDer B\u00fchnen-Senior schabernackt sich durch alle Themen, immer nach dem Motto: Wo Wahn zu Sinn wird, wird Satire zur Pflicht!\u00a0Der Richter, diese Arschbombe im Wassergymnastikbecken, dem junggebliebene Seniorinnen gerne einen Eierlik\u00f6r spendieren w\u00fcrden, hat einen Stammplatz am Tresen der normalen Leute. Und wenn die rufen: \"Setz dich her, dann sind wir mehr!\" bleibt er da auch hocken. Aber Vorsicht: Hinter seiner kuschelgem\u00fctlichen Fassade versteckt sich ein rumpelstilziger Gemeinling. Denn manchmal k\u00f6nnen Worte nicht genug ausdr\u00fccken, und genau deswegen gibt es den Mittelfinger. Und dieses Programm.<br \/>\nEin melancholisch-cholerisches Satire-Programm mit Ralph Richter<\/p>","protected":false},"excerpt":{"rendered":"<p><span class=\"kb-adv-text-inner\">Get your tickets now!<\/span><\/p>","protected":false},"featured_media":46357,"template":"","meta":{"_acf_changed":false,"inline_featured_image":false},"product_brand":[],"product_cat":[6725,31,95,485,86,35,21,58],"product_tag":[954,941,4006,943,6160,6159,4007,958,947,948],"class_list":{"0":"post-46355","1":"product","2":"type-product","3":"status-publish","4":"has-post-thumbnail","6":"product_cat-comedy","7":"product_cat-events","8":"product_cat-humor","9":"product_cat-kabarett-theater-sanftwut","10":"product_cat-leipzig","11":"product_cat-orte","12":"product_cat-ticket","13":"product_cat-veranstaltung","14":"product_tag-comedy","15":"product_tag-events","16":"product_tag-kabarett-theater-sanftwut","17":"product_tag-leipzig","18":"product_tag-melancholerisch","19":"product_tag-ralph-richter","20":"product_tag-sanftwut","21":"product_tag-show","22":"product_tag-ticket","23":"product_tag-veranstaltung","24":"product_shipping_class-nur_paketversand","25":"pa_discount-normalpreis","26":"pa_preiskategorie-pk-i","28":"first","29":"instock","30":"taxable","31":"shipping-taxable","32":"purchasable","33":"product-type-variable"},"group_of_quantity":0,"min_quantity":0,"max_quantity":"","exclude_order_quantity_value_rules":"no","exclude_category_quantity_rules":"no","combine_variations":"no","acf":[],"_links":{"self":[{"href":"https:\/\/arena-ticket.com\/en\/wp-json\/wp\/v2\/product\/46355","targetHints":{"allow":["GET"]}}],"collection":[{"href":"https:\/\/arena-ticket.com\/en\/wp-json\/wp\/v2\/product"}],"about":[{"href":"https:\/\/arena-ticket.com\/en\/wp-json\/wp\/v2\/types\/product"}],"wp:featuredmedia":[{"embeddable":true,"href":"https:\/\/arena-ticket.com\/en\/wp-json\/wp\/v2\/media\/46357"}],"wp:attachment":[{"href":"https:\/\/arena-ticket.com\/en\/wp-json\/wp\/v2\/media?parent=46355"}],"wp:term":[{"taxonomy":"product_brand","embeddable":true,"href":"https:\/\/arena-ticket.com\/en\/wp-json\/wp\/v2\/product_brand?post=46355"},{"taxonomy":"product_cat","embeddable":true,"href":"https:\/\/arena-ticket.com\/en\/wp-json\/wp\/v2\/product_cat?post=46355"},{"taxonomy":"product_tag","embeddable":true,"href":"https:\/\/arena-ticket.com\/en\/wp-json\/wp\/v2\/product_tag?post=46355"}],"curies":[{"name":"wp","href":"https:\/\/api.w.org\/{rel}","templated":true}]}}