{"id":46362,"date":"2025-08-05T12:45:44","date_gmt":"2025-08-05T10:45:44","guid":{"rendered":"https:\/\/arena-ticket.com\/?p=46362&#038;post_type=product&#038;preview_id=46362"},"modified":"2026-01-21T15:22:01","modified_gmt":"2026-01-21T14:22:01","slug":"100-years-world-tour-the-harlem-globetrotters-swh-arena-halle-weissenfels-10-05-2026-1800-uhr","status":"publish","type":"product","link":"https:\/\/arena-ticket.com\/en\/product\/100-years-world-tour-the-harlem-globetrotters-swh-arena-halle-weissenfels-10-05-2026-1800-uhr\/","title":{"rendered":"THE HARLEM GLOBETROTTERS - 100 YEARS WORLD TOUR"},"content":{"rendered":"<div class=\"accordion__content\"><em>Kindererm\u00e4\u00dfigung bis einschlie\u00dflich 14 Jahre<\/em><\/div>\n<div><\/div>\n<div><\/div>\n<p>Das Sportereignis f\u00fcr die ganze Familie\u00a0 - HARLEM GLOBETROTTERS - 100 YEARS WORLD TOUR<\/p>\n<p>&nbsp;<\/p>","protected":false},"excerpt":{"rendered":"<p>Sichern Sie sich jetzt schon Ihr Ticket!<\/p>\n<p>&nbsp;<\/p>","protected":false},"featured_media":49217,"template":"","meta":{"_acf_changed":false,"inline_featured_image":false},"product_brand":[],"product_cat":[6754,31,35,32,3823,21,58,2816],"product_tag":[6162,4163,941,944,5642,3827,6161,947,948,3826],"class_list":{"0":"post-46362","1":"product","2":"type-product","3":"status-publish","4":"has-post-thumbnail","6":"product_cat-basketball","7":"product_cat-events","8":"product_cat-orte","9":"product_cat-sport","10":"product_cat-stadthalle-weissenfels","11":"product_cat-ticket","12":"product_cat-veranstaltung","13":"product_cat-weissenfels","14":"product_tag-100-years-world-tour","15":"product_tag-basketball","16":"product_tag-events","17":"product_tag-orte","18":"product_tag-sport","19":"product_tag-stadthalle-weissenfels","20":"product_tag-the-harlem-globetrotters","21":"product_tag-ticket","22":"product_tag-veranstaltung","23":"product_tag-weissenfels","24":"product_shipping_class-nur_paketversand","25":"pa_discount-kind","26":"pa_discount-normalpreis","27":"pa_preiskategorie-pk-i","28":"pa_preiskategorie-pk-ii","29":"pa_preiskategorie-pk-iii","30":"pa_preiskategorie-pk-iv","31":"pa_preiskategorie-pk-v","33":"first","34":"instock","35":"taxable","36":"shipping-taxable","37":"purchasable","38":"product-type-variable"},"group_of_quantity":0,"min_quantity":0,"max_quantity":"","exclude_order_quantity_value_rules":"no","exclude_category_quantity_rules":"no","combine_variations":"no","acf":[],"_links":{"self":[{"href":"https:\/\/arena-ticket.com\/en\/wp-json\/wp\/v2\/product\/46362","targetHints":{"allow":["GET"]}}],"collection":[{"href":"https:\/\/arena-ticket.com\/en\/wp-json\/wp\/v2\/product"}],"about":[{"href":"https:\/\/arena-ticket.com\/en\/wp-json\/wp\/v2\/types\/product"}],"wp:featuredmedia":[{"embeddable":true,"href":"https:\/\/arena-ticket.com\/en\/wp-json\/wp\/v2\/media\/49217"}],"wp:attachment":[{"href":"https:\/\/arena-ticket.com\/en\/wp-json\/wp\/v2\/media?parent=46362"}],"wp:term":[{"taxonomy":"product_brand","embeddable":true,"href":"https:\/\/arena-ticket.com\/en\/wp-json\/wp\/v2\/product_brand?post=46362"},{"taxonomy":"product_cat","embeddable":true,"href":"https:\/\/arena-ticket.com\/en\/wp-json\/wp\/v2\/product_cat?post=46362"},{"taxonomy":"product_tag","embeddable":true,"href":"https:\/\/arena-ticket.com\/en\/wp-json\/wp\/v2\/product_tag?post=46362"}],"curies":[{"name":"wp","href":"https:\/\/api.w.org\/{rel}","templated":true}]}}