{"id":46376,"date":"2025-08-05T13:44:35","date_gmt":"2025-08-05T11:44:35","guid":{"rendered":"https:\/\/arena-ticket.com\/?p=46376&#038;post_type=product&#038;preview_id=46376"},"modified":"2025-08-05T13:54:18","modified_gmt":"2025-08-05T11:54:18","slug":"joe-bausch-verruecktes-blut-weissenfels-stadthalle-26-11-2025-1930-uhr","status":"publish","type":"product","link":"https:\/\/arena-ticket.com\/en\/product\/joe-bausch-verruecktes-blut-weissenfels-stadthalle-26-11-2025-1930-uhr\/","title":{"rendered":"Joe Bausch  - Verr\u00fccktes Blut"},"content":{"rendered":"<div class=\"accordion__content\"><\/div>\n<p>Schauspieler &amp; Knastarzt Joe Bausch kommt am 26. November nach Wei\u00dfenfels ins Kulturhaus zu einem Talk- und Lese-Event der besonderen Art. Wer ihn kennt, wei\u00df: Es wird kurzweilig und unterhaltsam.<\/p>\n<p>Die meisten kennen den Schauspieler Joe Bausch aus dem K\u00f6lner Tatort als Rechtsmediziner Dr. Joseph Roth. Die wenigsten kennen ihn hoffentlich aus dem Knast. Denn in Deutschlands gr\u00f6\u00dftem Hochsicherheitsgef\u00e4ngnis in Werl war er \u00fcber 30 Jahre lang Anstaltsarzt. Sehr unterhaltsame Erlebnisse aus dieser Zeit pr\u00e4sentiert Joe Bausch am 26.11.2025 in Wei\u00dfenfels.<\/p>\n<p>Nicht nur als Schauspieler und Arzt ist Joe Bausch erfolgreich, auch als Autor. Seine B\u00fccher \u00abKnast\u00bb, \u00bbGangsterblues\u00ab und \u00bbMaxima Culpa\u00ab sind Spiegel-Bestseller. In seinem neuesten Buch, das im Mai 2024 erschien, spricht Joe Bausch erstmals \u00fcber die Zeit, in der er tiefste Dem\u00fctigung, Gewalt und \u00dcbergriffe erleben musste.<\/p>\n<p>&nbsp;<\/p>","protected":false},"excerpt":{"rendered":"<p>Erleben Sie den beliebten TV-Star live auf der B\u00fchne. Mit True-Crime-Moderator Dr. Tino Grosche ist Joe Bausch im Kulturhaus in Wei\u00dfenfels zu Gast - sichern Sie sich Ihr Ticket!<\/p>","protected":false},"featured_media":46379,"template":"","meta":{"_acf_changed":false,"inline_featured_image":false},"product_brand":[],"product_cat":[31,922,2817,6764,35,21,58,2816],"product_tag":[941,6163,951,6165,944,3827,947,948,6164,3826],"class_list":{"0":"post-46376","1":"product","2":"type-product","3":"status-publish","4":"has-post-thumbnail","6":"product_cat-events","7":"product_cat-kultur","8":"product_cat-kulturhaus-weissenfels","9":"product_cat-lesung","10":"product_cat-orte","11":"product_cat-ticket","12":"product_cat-veranstaltung","13":"product_cat-weissenfels","14":"product_tag-events","15":"product_tag-joe-bausch","16":"product_tag-kultur","17":"product_tag-kulturhaus-weissenfels","18":"product_tag-orte","19":"product_tag-stadthalle-weissenfels","20":"product_tag-ticket","21":"product_tag-veranstaltung","22":"product_tag-verruecktes-blut","23":"product_tag-weissenfels","24":"product_shipping_class-nur_paketversand","25":"pa_discount-ermaessigt","26":"pa_discount-kind","27":"pa_discount-normalpreis","28":"pa_preiskategorie-freie-platzwahl","29":"pa_preiskategorie-pk-i","30":"pa_preiskategorie-pk-ii","31":"pa_preiskategorie-pk-iii","32":"pa_preiskategorie-pk-iv","33":"pa_preiskategorie-pk5-stehplatz","35":"first","36":"instock","37":"taxable","38":"shipping-taxable","39":"purchasable","40":"product-type-variable"},"group_of_quantity":0,"min_quantity":0,"max_quantity":"","exclude_order_quantity_value_rules":"no","exclude_category_quantity_rules":"no","combine_variations":"no","acf":[],"_links":{"self":[{"href":"https:\/\/arena-ticket.com\/en\/wp-json\/wp\/v2\/product\/46376","targetHints":{"allow":["GET"]}}],"collection":[{"href":"https:\/\/arena-ticket.com\/en\/wp-json\/wp\/v2\/product"}],"about":[{"href":"https:\/\/arena-ticket.com\/en\/wp-json\/wp\/v2\/types\/product"}],"wp:featuredmedia":[{"embeddable":true,"href":"https:\/\/arena-ticket.com\/en\/wp-json\/wp\/v2\/media\/46379"}],"wp:attachment":[{"href":"https:\/\/arena-ticket.com\/en\/wp-json\/wp\/v2\/media?parent=46376"}],"wp:term":[{"taxonomy":"product_brand","embeddable":true,"href":"https:\/\/arena-ticket.com\/en\/wp-json\/wp\/v2\/product_brand?post=46376"},{"taxonomy":"product_cat","embeddable":true,"href":"https:\/\/arena-ticket.com\/en\/wp-json\/wp\/v2\/product_cat?post=46376"},{"taxonomy":"product_tag","embeddable":true,"href":"https:\/\/arena-ticket.com\/en\/wp-json\/wp\/v2\/product_tag?post=46376"}],"curies":[{"name":"wp","href":"https:\/\/api.w.org\/{rel}","templated":true}]}}