{"id":46389,"date":"2025-08-05T15:25:21","date_gmt":"2025-08-05T13:25:21","guid":{"rendered":"https:\/\/arena-ticket.com\/?p=46389&#038;post_type=product&#038;preview_id=46389"},"modified":"2025-12-16T15:55:44","modified_gmt":"2025-12-16T14:55:44","slug":"greenbeats-momentum-tour-2026-dresden-alter-schlachthof-28-04-2026-2000-uhr","status":"publish","type":"product","link":"https:\/\/arena-ticket.com\/en\/product\/greenbeats-momentum-tour-2026-dresden-alter-schlachthof-28-04-2026-2000-uhr\/","title":{"rendered":"greenbeats - Momentum Tour 2026"},"content":{"rendered":"<div id=\"bgLayers_comp-m6z6x4hv1\" class=\"MW5IWV\" data-hook=\"bgLayers\" data-motion-part=\"BG_LAYER comp-m6z6x4hv1\">\n<div id=\"bgMedia_comp-m6z6x4hv1\" class=\"VgO9Yg\" data-motion-part=\"BG_MEDIA comp-m6z6x4hv1\"><\/div>\n<\/div>\n<div class=\"\" data-mesh-id=\"comp-m6z6x4hv1inlineContent\" data-testid=\"inline-content\">\n<div data-mesh-id=\"comp-m6z6x4hv1inlineContent-gridContainer\" data-testid=\"mesh-container-content\">\n<div id=\"comp-m6z7esis\" class=\"HcOXKn c9GqVL QxJLC3 lq2cno YQcXTT comp-m6z7esis wixui-rich-text\" data-testid=\"richTextElement\">\n<h1 class=\"font_0 wixui-rich-text__text\"><\/h1>\n<\/div>\n<div id=\"comp-m7ubilyk\" class=\"comp-m7ubilyk SPY_vo\">\n<div class=\"\" data-mesh-id=\"comp-m7ubilykinlineContent\" data-testid=\"inline-content\">\n<div data-mesh-id=\"comp-m7ubilykinlineContent-gridContainer\" data-testid=\"mesh-container-content\">\n<div id=\"comp-m6z7nglx\" class=\"VideoPlayer2054936319__root comp-m6z7nglx wixui-video-player\">\n<div class=\"VideoPlayer2054936319__playerContainer\" data-player-name=\"Playable\" data-testid=\"playable\">\n<div class=\"T7h78h aBdaFm\" dir=\"ltr\" data-playable-hook=\"player-container\" data-playable-dir=\"ltr\">\n<div class=\"YNsbh9\" data-playable-component=\"\">\n<div class=\"QV8pil Chkuci ojCqay\" data-playable-hook=\"bottom-block\">\n<div class=\"c2j4zU\">\n<div class=\"llN1CZ\" data-playable-hook=\"controls-container-right\">\n<div class=\"wkFNGC\" data-playable-hook=\"picture-in-picture-container\">\n<div class=\"pAPwip\" data-playable-hook=\"picture-in-picture-control\" data-is-picture-in-picture=\"false\">\n<div class=\"Ukb5XC\"><\/div>\n<\/div>\n<\/div>\n<div class=\"NuiShs\" data-playable-hook=\"full-screen-container\">\n<div class=\"hKOrCk\" data-playable-hook=\"full-screen-control\"><\/div>\n<\/div>\n<\/div>\n<\/div>\n<\/div>\n<\/div>\n<div class=\"P9q5GM L8SYSN SWiF19\" data-playable-hook=\"overlay\" data-playable-component=\"\">\n<div class=\"jyZxBT\" data-playable-hook=\"overlay-content\"><\/div>\n<div class=\"oVB0VT\" data-playable-hook=\"overlay-play-button\"><\/div>\n<\/div>\n<\/div>\n<\/div>\n<\/div>\n<div id=\"comp-m6z7q9pd\" class=\"HcOXKn c9GqVL QxJLC3 lq2cno YQcXTT comp-m6z7q9pd wixui-rich-text\" data-testid=\"richTextElement\">\n<h2 class=\"font_2 wixui-rich-text__text\"><span class=\"wixui-rich-text__text\">green<\/span><span class=\"wixui-rich-text__text\">beats\u00a0- Die spektakul\u00e4rste Drumshow Europas!<\/span><\/h2>\n<\/div>\n<div id=\"comp-m6z7sl3b\" class=\"comp-m6z7sl3b aVng1S wixui-horizontal-line\"><\/div>\n<div id=\"comp-m6z7p35s\" class=\"HcOXKn c9GqVL QxJLC3 lq2cno YQcXTT comp-m6z7p35s wixui-rich-text\" data-testid=\"richTextElement\">\n<p class=\"font_8 wixui-rich-text__text\"><span class=\"wixui-rich-text__text\">Mitrei\u00dfende Drum-Performances, atemberaubende Showeffekte, einzigartige Instrumentenbauten und Unterhaltung nonstop!<\/span><\/p>\n<p class=\"font_8 wixui-rich-text__text\"><span class=\"wixui-rich-text__text\">Momentum Tour \u201926 - das neue Programm!<\/span><\/p>\n<p class=\"font_8 wixui-rich-text__text\"><span class=\"wixui-rich-text__text\">Mit einer Inszenierung, die es bei greenbeats so noch nie gab, verspricht die Tour nie dagewesene Highlights - multidimensional und voller \u00dcberraschungen.<\/span><\/p>\n<p class=\"font_8 wixui-rich-text__text\"><span class=\"wixui-rich-text__text\">Nach einer restlos ausverkauften Tour 2025 f\u00fchren die greenbeats ihre Reise 2026 fort. Mit viel Kreativit\u00e4t und Innovation sowie einer eindrucksvollen Kombination aus musikalischem K\u00f6nnen und humorvollen Inszenierungen eroberten sie im Sturm die Herzen ihres Publikums.<\/span><\/p>\n<p class=\"font_8 wixui-rich-text__text\"><span class=\"wixui-rich-text__text\">Bekannt durch ihre Teilnahme beim RTL-Supertalent, TV-Auftritten bei Carmen Nebel und dem ZDF-Fernsehgarten sowie zwei gemeinsame Tourneen mit DJ BoBo begeisterte das Ensemble bereits \u00fcber 500.000 Zuschauer*innen.<\/span><\/p>\n<p class=\"font_8 wixui-rich-text__text\"><span class=\"wixui-rich-text__text\">\u200b<\/span><\/p>\n<p class=\"font_8 wixui-rich-text__text\"><span class=\"wixui-rich-text__text\">Von leisen und melodischen Kl\u00e4ngen tonal abgestimmter Drums, \u00fcber eine mitrei\u00dfende Symbiose aus epischer Orchester-Musik und Live-Percussion, bis hin zu \u00fcberraschenden Performances auf Alltagsgegenst\u00e4nden verspricht die Show ein unvergessliches Erlebnis f\u00fcr die ganze Familie und echte Musikliebhaber.<\/span><\/p>\n<p class=\"font_8 wixui-rich-text__text\"><span class=\"wixui-rich-text__text\">Sp\u00fcren Sie die Druckwelle positiver Energie von \u00fcber 100 gr\u00fcnen Trommeln und seien Sie dabei, wenn greenbeats 2026 erneut die B\u00fchnen erobert - n\u00e4her, direkter und intensiver als je zuvor.<\/span><\/p>\n<\/div>\n<\/div>\n<\/div>\n<\/div>\n<\/div>\n<\/div>","protected":false},"excerpt":{"rendered":"<p><span class=\"wixui-rich-text__text\">Sp\u00fcren Sie die Druckwelle positiver Energie von \u00fcber 100 gr\u00fcnen Trommeln und seien Sie dabei, wenn greenbeats 2026 erneut die B\u00fchnen erobert - n\u00e4her, direkter und intensiver als je zuvor - <\/span>Get your tickets here now!<\/p>","protected":false},"featured_media":54391,"template":"","meta":{"_acf_changed":false,"inline_featured_image":false},"product_brand":[],"product_cat":[359,87,31,69,35,6749,21,58],"product_tag":[939,940,941,3521,942,5286,944,947,948],"class_list":{"0":"post-46389","1":"product","2":"type-product","3":"status-publish","4":"has-post-thumbnail","6":"product_cat-alter-schlachthof","7":"product_cat-dresden","8":"product_cat-events","9":"product_cat-konzert","10":"product_cat-orte","11":"product_cat-sonstiges_konzert","12":"product_cat-ticket","13":"product_cat-veranstaltung","14":"product_tag-alter-schlachthof","15":"product_tag-dresden","16":"product_tag-events","17":"product_tag-greenbeats","18":"product_tag-konzert","19":"product_tag-momentum-tour-2026","20":"product_tag-orte","21":"product_tag-ticket","22":"product_tag-veranstaltung","23":"product_shipping_class-nur_paketversand","24":"pa_discount-normalpreis","25":"pa_preiskategorie-pk-i","26":"pa_preiskategorie-pk-ii","27":"pa_preiskategorie-pk-iii","28":"pa_preiskategorie-pk-iv","30":"first","31":"outofstock","32":"taxable","33":"shipping-taxable","34":"purchasable","35":"product-type-variable","36":"has-default-attributes"},"group_of_quantity":0,"min_quantity":0,"max_quantity":"","exclude_order_quantity_value_rules":"no","exclude_category_quantity_rules":"no","combine_variations":"no","acf":[],"_links":{"self":[{"href":"https:\/\/arena-ticket.com\/en\/wp-json\/wp\/v2\/product\/46389","targetHints":{"allow":["GET"]}}],"collection":[{"href":"https:\/\/arena-ticket.com\/en\/wp-json\/wp\/v2\/product"}],"about":[{"href":"https:\/\/arena-ticket.com\/en\/wp-json\/wp\/v2\/types\/product"}],"wp:featuredmedia":[{"embeddable":true,"href":"https:\/\/arena-ticket.com\/en\/wp-json\/wp\/v2\/media\/54391"}],"wp:attachment":[{"href":"https:\/\/arena-ticket.com\/en\/wp-json\/wp\/v2\/media?parent=46389"}],"wp:term":[{"taxonomy":"product_brand","embeddable":true,"href":"https:\/\/arena-ticket.com\/en\/wp-json\/wp\/v2\/product_brand?post=46389"},{"taxonomy":"product_cat","embeddable":true,"href":"https:\/\/arena-ticket.com\/en\/wp-json\/wp\/v2\/product_cat?post=46389"},{"taxonomy":"product_tag","embeddable":true,"href":"https:\/\/arena-ticket.com\/en\/wp-json\/wp\/v2\/product_tag?post=46389"}],"curies":[{"name":"wp","href":"https:\/\/api.w.org\/{rel}","templated":true}]}}