{"id":46394,"date":"2025-08-05T15:40:46","date_gmt":"2025-08-05T13:40:46","guid":{"rendered":"https:\/\/arena-ticket.com\/?p=46394&#038;post_type=product&#038;preview_id=46394"},"modified":"2025-08-05T16:59:46","modified_gmt":"2025-08-05T14:59:46","slug":"peter-pan-leipzig-musikalische-komoedie-12-09-2025-1900-uhr","status":"publish","type":"product","link":"https:\/\/arena-ticket.com\/en\/product\/peter-pan-leipzig-musikalische-komoedie-12-09-2025-1900-uhr\/","title":{"rendered":"Peter Pan"},"content":{"rendered":"<p>&nbsp;<\/p>\n<article class=\"cell small-12 medium-8 body\">Feen, Piraten, Krokodile \u2013 der Titel \u00bbPeter Pan\u00ab erweckt bei vielen magische Erinnerungen an ihre Kindheit und an den Traum vom Fliegen. Urspr\u00fcnglich bekannt wurde die Figur Peter Pan durch verschiedene Geschichten des schottischen Autors J. M. Barrie. Dazu wurde er inspiriert von den Kindern einer Bekannten, um die Barrie sich nach dem Tod der Mutter k\u00fcmmerte. Aus der zeitlosen Geschichte vom Jungen, der niemals erwachsen werden m\u00f6chte, haben George Stiles und Anthony Drewe 1997 ein mitrei\u00dfendes Musical kreiert, das Jung und Alt verzaubert. Die Macher des Musicals \u00bbMary Poppins\u00ab begeistern mit eing\u00e4ngiger Musik und fantasievollen Bildern. Gemeinsam mit dem Orchester der Musikalischen Kom\u00f6die bringt der Kinder- und Jugendchor der Oper Leipzig das St\u00fcck f\u00fcr die ganze Familie auf die B\u00fchne. Wir danken dem F\u00f6rderkreis der Oper Leipzig f\u00fcr die gro\u00dfz\u00fcgige Unterst\u00fctzung der Produktion \u00bbPeter Pan\u00ab.<\/article>","protected":false},"excerpt":{"rendered":"<p>Musical nach dem Schauspiel von J.M.Barrie | Musik von George Stiles | Gesangstexte von Anthony Drewe | Buch von Willis Hall | Deutsch von Roman Hinze | Mit Genehmigung des Great Ormond Street Hospital for Children<\/p>","protected":false},"featured_media":46399,"template":"","meta":{"_acf_changed":false,"inline_featured_image":false},"product_brand":[],"product_cat":[31,94,86,64,450,35,6730,21,58],"product_tag":[941,978,943,963,4280,6167,958,947,948],"class_list":{"0":"post-46394","1":"product","2":"type-product","3":"status-publish","4":"has-post-thumbnail","6":"product_cat-events","7":"product_cat-kinder","8":"product_cat-leipzig","9":"product_cat-musical-show","10":"product_cat-musikalische-komoedie","11":"product_cat-orte","12":"product_cat-show","13":"product_cat-ticket","14":"product_cat-veranstaltung","15":"product_tag-events","16":"product_tag-kinder","17":"product_tag-leipzig","18":"product_tag-musical","19":"product_tag-musikalische-komoedie","20":"product_tag-peter-pan","21":"product_tag-show","22":"product_tag-ticket","23":"product_tag-veranstaltung","24":"product_shipping_class-nur_paketversand","25":"pa_discount-kind-bis-14-jahre","26":"pa_discount-leipzig-pass-inhaber","27":"pa_discount-normalpreis","28":"pa_discount-schueler-student","29":"pa_discount-schwerbeschaedigt","30":"pa_preiskategorie-pk-i","31":"pa_preiskategorie-pk-ii","32":"pa_preiskategorie-pk-iii","33":"pa_preiskategorie-pk-iv","34":"pa_preiskategorie-pk-v","35":"pa_preiskategorie-pk-vi","37":"first","38":"instock","39":"taxable","40":"shipping-taxable","41":"purchasable","42":"product-type-variable"},"group_of_quantity":0,"min_quantity":0,"max_quantity":"","exclude_order_quantity_value_rules":"no","exclude_category_quantity_rules":"no","combine_variations":"no","acf":[],"_links":{"self":[{"href":"https:\/\/arena-ticket.com\/en\/wp-json\/wp\/v2\/product\/46394","targetHints":{"allow":["GET"]}}],"collection":[{"href":"https:\/\/arena-ticket.com\/en\/wp-json\/wp\/v2\/product"}],"about":[{"href":"https:\/\/arena-ticket.com\/en\/wp-json\/wp\/v2\/types\/product"}],"wp:featuredmedia":[{"embeddable":true,"href":"https:\/\/arena-ticket.com\/en\/wp-json\/wp\/v2\/media\/46399"}],"wp:attachment":[{"href":"https:\/\/arena-ticket.com\/en\/wp-json\/wp\/v2\/media?parent=46394"}],"wp:term":[{"taxonomy":"product_brand","embeddable":true,"href":"https:\/\/arena-ticket.com\/en\/wp-json\/wp\/v2\/product_brand?post=46394"},{"taxonomy":"product_cat","embeddable":true,"href":"https:\/\/arena-ticket.com\/en\/wp-json\/wp\/v2\/product_cat?post=46394"},{"taxonomy":"product_tag","embeddable":true,"href":"https:\/\/arena-ticket.com\/en\/wp-json\/wp\/v2\/product_tag?post=46394"}],"curies":[{"name":"wp","href":"https:\/\/api.w.org\/{rel}","templated":true}]}}