{"id":46486,"date":"2025-08-06T13:35:31","date_gmt":"2025-08-06T11:35:31","guid":{"rendered":"https:\/\/arena-ticket.com\/?p=46486&#038;post_type=product&#038;preview_id=46486"},"modified":"2025-08-06T18:25:35","modified_gmt":"2025-08-06T16:25:35","slug":"aladin-das-musical-theater-liberi-leipzig-gewandhaus-zu-leipzig-grosser-saal-11-04-2026-1500-uhr","status":"publish","type":"product","link":"https:\/\/arena-ticket.com\/en\/product\/aladin-das-musical-theater-liberi-leipzig-gewandhaus-zu-leipzig-grosser-saal-11-04-2026-1500-uhr\/","title":{"rendered":"Aladin  - das Musical | Theater Liberi"},"content":{"rendered":"<p>\u00dcber den Mut, das eigene Schicksal zu \u00e4ndern: Im Musical-Highlight \u201eAladin\u201c taucht das Publikum ein in eine Welt voller Abenteuer und Magie. Eigens komponierte Musicalhits, jede Menge Spannung und noch mehr Humor versprechen beste Live-Unterhaltung f\u00fcr die ganze Familie!<br \/>\nDas f\u00fcr seine fantasievollen Familienmusicals bekannte Theater Liberi pr\u00e4sentiert die ber\u00fchmte Geschichte aus 1001 Nacht in einer temporeichen und modernen Version. Bestens ausgebildete Musicaldarsteller zeigen die abwechslungsreichen Facetten der beliebten Charaktere in diesem M\u00e4rchen rund um Mut, Selbstbestimmung und Freundschaft. Fantastische Lichteffekte, edle Kost\u00fcme sowie eindrucksvolle Musik und Choreografien erschaffen dabei die perfekte Kulisse f\u00fcr die geheimnisvolle Welt von Aladin, Yasmin und Dschinni.<\/p>\n<p>Aladin f\u00fchrt ein Leben als einfacher Stra\u00dfenjunge, bis sein Leben schlagartig auf den Kopf gestellt wird: Gerade erst hat er Prinzessin Yasmin kennengelernt, die mit allen Mitteln versucht, ihr Volk vor dem b\u00f6sen Zauberer Dschafar zu sch\u00fctzen, da wird er selbst in dessen fiese Machenschaften verwickelt. Denn Dschafar will endlich den Sultan loswerden und die Macht mit Hilfe einer sagenumwobenen Lampe an sich rei\u00dfen. Ausgerechnet Aladin soll ihm dabei helfen, doch das Vorhaben geht schief und Aladin sitzt in einer H\u00f6hle fest. Auf der Suche nach einem Ausweg entdeckt er das Geheimnis der Wunderlampe und befreit den m\u00e4chtigen Dschinni, der sich schnell als echter Freund herausstellt. Aladins Probleme scheinen auf einen Schlag gel\u00f6st, denn wo ein Dschinni, da auch drei W\u00fcnsche. Doch Magie allein wird nicht reichen, um Yasmin zu helfen und Dschafars finstere Pl\u00e4ne zu durchkreuzen\u2026<\/p>","protected":false},"excerpt":{"rendered":"<p>\u00dcber den Mut, das eigene Schicksal zu \u00e4ndern: In diesem spannenden Live-Erlebnis f\u00fcr die ganze Familie taucht das Publikum ein in eine Welt voller Abenteuer und Magie!<\/p>","protected":false},"featured_media":46476,"template":"","meta":{"_acf_changed":false,"inline_featured_image":false},"product_brand":[],"product_cat":[31,345,936,86,6729,64,35,21,58],"product_tag":[6174,3760,941,956,2832,957,942,943,963,947,948],"class_list":{"0":"post-46486","1":"product","2":"type-product","3":"status-publish","4":"has-post-thumbnail","6":"product_cat-events","7":"product_cat-gewandhaus","8":"product_cat-grosser-saal","9":"product_cat-leipzig","10":"product_cat-musical","11":"product_cat-musical-show","12":"product_cat-orte","13":"product_cat-ticket","14":"product_cat-veranstaltung","15":"product_tag-aladin","16":"product_tag-das-musical-theater-liberi","17":"product_tag-events","18":"product_tag-gewandhaus","19":"product_tag-gewandhaus-grosser-saal","20":"product_tag-grosser-saal","21":"product_tag-konzert","22":"product_tag-leipzig","23":"product_tag-musical","24":"product_tag-ticket","25":"product_tag-veranstaltung","26":"product_shipping_class-nur_paketversand","27":"pa_discount-kind-bis-14-jahre","28":"pa_discount-normalpreis","29":"pa_preiskategorie-pk-i","30":"pa_preiskategorie-pk-ii","31":"pa_preiskategorie-pk-iii","33":"first","34":"instock","35":"taxable","36":"shipping-taxable","37":"purchasable","38":"product-type-variable"},"group_of_quantity":0,"min_quantity":0,"max_quantity":"","exclude_order_quantity_value_rules":"no","exclude_category_quantity_rules":"no","combine_variations":"no","acf":[],"_links":{"self":[{"href":"https:\/\/arena-ticket.com\/en\/wp-json\/wp\/v2\/product\/46486","targetHints":{"allow":["GET"]}}],"collection":[{"href":"https:\/\/arena-ticket.com\/en\/wp-json\/wp\/v2\/product"}],"about":[{"href":"https:\/\/arena-ticket.com\/en\/wp-json\/wp\/v2\/types\/product"}],"wp:featuredmedia":[{"embeddable":true,"href":"https:\/\/arena-ticket.com\/en\/wp-json\/wp\/v2\/media\/46476"}],"wp:attachment":[{"href":"https:\/\/arena-ticket.com\/en\/wp-json\/wp\/v2\/media?parent=46486"}],"wp:term":[{"taxonomy":"product_brand","embeddable":true,"href":"https:\/\/arena-ticket.com\/en\/wp-json\/wp\/v2\/product_brand?post=46486"},{"taxonomy":"product_cat","embeddable":true,"href":"https:\/\/arena-ticket.com\/en\/wp-json\/wp\/v2\/product_cat?post=46486"},{"taxonomy":"product_tag","embeddable":true,"href":"https:\/\/arena-ticket.com\/en\/wp-json\/wp\/v2\/product_tag?post=46486"}],"curies":[{"name":"wp","href":"https:\/\/api.w.org\/{rel}","templated":true}]}}