{"id":46516,"date":"2025-08-06T18:18:05","date_gmt":"2025-08-06T16:18:05","guid":{"rendered":"https:\/\/arena-ticket.com\/?p=46516&#038;post_type=product&#038;preview_id=46516"},"modified":"2026-01-09T10:37:58","modified_gmt":"2026-01-09T09:37:58","slug":"best-of-musicals-highlights-aus-ueber-20-musicals-gewandhaus-zu-leipzig-grosser-saal-10-01-2026-2000-uhr","status":"publish","type":"product","link":"https:\/\/arena-ticket.com\/en\/product\/best-of-musicals-highlights-aus-ueber-20-musicals-gewandhaus-zu-leipzig-grosser-saal-10-01-2026-2000-uhr\/","title":{"rendered":"Best of Musicals  - Highlights aus \u00fcber 20 Musicals"},"content":{"rendered":"<p>Gro\u00dfe Gef\u00fchle, mitrei\u00dfende Melodien und charmante Geschichten sind das Erfolgsrezept der bekanntesten Musicals der Welt. BEST OF MUSICALS hat es sich zur Aufgabe gemacht nur das Beste aus \u00fcber 20 Musicals zu pr\u00e4sentieren. Der perfekte Mix aus gewaltigen Stimmen, atemberaubenden Tanzeinlagen und charmanten Darstellern machen diese magische Show zu einem unvergesslichen Ereignis. Espen Nowackis BEST OF MUSICAL ist ein einzigartiges Unterhaltungserlebnis f\u00fcr alle Altersgruppen und ein absolutes Muss f\u00fcr Liebhaber guter Unterhaltung auf hohem Niveau.<\/p>\n<p>Highlights aus: PHANTOM DER OPER, EVITA, GREASE, ELISABETH, K\u00d6NIG DER L\u00d6WEN, WE WILL ROCK YOU,TANZ DER VAMPIRE, MAMMA MIA, ICH WAR NOCH NIEMALS IN NEW YORK\u2026<\/p>","protected":false},"excerpt":{"rendered":"<p>Herausragende Darsteller mit kraftvollen Stimmen verzaubern die Zuschauer mit den erfolgreichsten Hits der beliebtesten Musicalproduktionen.<\/p>","protected":false},"featured_media":62784,"template":"","meta":{"_acf_changed":false,"inline_featured_image":false},"product_brand":[],"product_cat":[31,345,936,86,6729,64,35,21,58],"product_tag":[6175,941,956,2832,957,6176,942,943,963,947,948],"class_list":{"0":"post-46516","1":"product","2":"type-product","3":"status-publish","4":"has-post-thumbnail","6":"product_cat-events","7":"product_cat-gewandhaus","8":"product_cat-grosser-saal","9":"product_cat-leipzig","10":"product_cat-musical","11":"product_cat-musical-show","12":"product_cat-orte","13":"product_cat-ticket","14":"product_cat-veranstaltung","15":"product_tag-best-of-musicals","16":"product_tag-events","17":"product_tag-gewandhaus","18":"product_tag-gewandhaus-grosser-saal","19":"product_tag-grosser-saal","20":"product_tag-highlights-aus-ueber-20-musicals","21":"product_tag-konzert","22":"product_tag-leipzig","23":"product_tag-musical","24":"product_tag-ticket","25":"product_tag-veranstaltung","26":"product_shipping_class-nur_paketversand","27":"pa_discount-normalpreis","28":"pa_preiskategorie-pk-i","29":"pa_preiskategorie-pk-ii","30":"pa_preiskategorie-pk-iii","31":"pa_preiskategorie-pk-iv","33":"first","34":"outofstock","35":"taxable","36":"shipping-taxable","37":"purchasable","38":"product-type-variable"},"group_of_quantity":0,"min_quantity":0,"max_quantity":"","exclude_order_quantity_value_rules":"no","exclude_category_quantity_rules":"no","combine_variations":"no","acf":[],"_links":{"self":[{"href":"https:\/\/arena-ticket.com\/en\/wp-json\/wp\/v2\/product\/46516","targetHints":{"allow":["GET"]}}],"collection":[{"href":"https:\/\/arena-ticket.com\/en\/wp-json\/wp\/v2\/product"}],"about":[{"href":"https:\/\/arena-ticket.com\/en\/wp-json\/wp\/v2\/types\/product"}],"wp:featuredmedia":[{"embeddable":true,"href":"https:\/\/arena-ticket.com\/en\/wp-json\/wp\/v2\/media\/62784"}],"wp:attachment":[{"href":"https:\/\/arena-ticket.com\/en\/wp-json\/wp\/v2\/media?parent=46516"}],"wp:term":[{"taxonomy":"product_brand","embeddable":true,"href":"https:\/\/arena-ticket.com\/en\/wp-json\/wp\/v2\/product_brand?post=46516"},{"taxonomy":"product_cat","embeddable":true,"href":"https:\/\/arena-ticket.com\/en\/wp-json\/wp\/v2\/product_cat?post=46516"},{"taxonomy":"product_tag","embeddable":true,"href":"https:\/\/arena-ticket.com\/en\/wp-json\/wp\/v2\/product_tag?post=46516"}],"curies":[{"name":"wp","href":"https:\/\/api.w.org\/{rel}","templated":true}]}}