{"id":46546,"date":"2025-08-07T12:26:06","date_gmt":"2025-08-07T10:26:06","guid":{"rendered":"https:\/\/arena-ticket.com\/?p=46546&#038;post_type=product&#038;preview_id=46546"},"modified":"2025-08-07T12:37:03","modified_gmt":"2025-08-07T10:37:03","slug":"faustnroll-rocktheater-nach-goethe-tour-2025-leipzig-kupfersaal-24-01-2026-2000-uhr","status":"publish","type":"product","link":"https:\/\/arena-ticket.com\/en\/product\/faustnroll-rocktheater-nach-goethe-tour-2025-leipzig-kupfersaal-24-01-2026-2000-uhr\/","title":{"rendered":"Faust'n'Roll  - Rocktheater nach Goethe: Tour 2025"},"content":{"rendered":"<p>Der FAUST-Stoff ist Jahrhunderte alt. Der \u00abFAUST\u00bb von Johann Wolfgang von Goethe ist ein Universum deutscher Dichtkunst und l\u00e4sst gen\u00fcgend Raum f\u00fcr Modernit\u00e4t.<\/p>\n<p>Unsere Kinder, unsere Freunde, auch unsere Widersacher brauchen \u00abFAUST\u00bb f\u00fcr R\u00fcckblicke, f\u00fcr das Erkennen der Gegenwart \u2013 t\u00e4glich, wie die Luft zum Atmen, wie unsere t\u00e4glichen Mahlzeiten! Deshalb ist eine neue Interpretation, wie \u00abFAUST \u00b4n\u00b4 Roll\u00bb ein weiterer Meilenstein in der Besch\u00e4ftigung mit dem gro\u00dfartigen Klassiker von Goethe.<\/p>\n<p>\u00abFAUST \u00b4n\u00b4 Roll\u00bb wurde nach einer Idee von Michael Manthey, dem Gesch\u00e4ftsf\u00fchrer der renommierten Manthey Event GmbH und \u2013 selbstverst\u00e4ndlich \u2013 nach den Texten von Johann Wolfgang Goethe produziert. \u00abFAUST 'n' Roll - Rocktheater nach Goethe\u00bb ist ein Tourneetheater und wird auch regelm\u00e4\u00dfig auf dem Brocken, als \u00abFAUST auf dem Brocken - Rocktheater nach Goethe\u00bb gespielt.<\/p>\n<p>Das Sujet von \u00abFAUST \u00b4n\u00b4 Roll\u00bb l\u00e4sst starke Anleihen an die Fantasiewelt des \u00abSteampunk \u00bb erkennen, welche gekonnt in die Geschichte und den Gestus der handelnden Figuren eingewoben wurden. Bei \u00abSteampunk \u00bb handelt es sich um ein Rollenspiel- Genre, in dem eine alternative Realit\u00e4t zu unserer Welt des Verbrennungsmotors und der Elektrotechnik herrscht. Zeitlich ist es im sp\u00e4ten 19. und fr\u00fchen 20. Jahrhundert angesiedelt und quasi stehengeblieben in der Zeit der Dampfmaschinen: Alles funktioniert mit Dampf, mit grobschl\u00e4chtiger Mechanik, was sich im immer wiederkehrenden Motiv der Zahnr\u00e4der widerspiegelt. Die Menschen tragen technisch modifizierte Mode der viktorianischen Epoche, Zylinder, Korsagen und Gehr\u00f6cke sind stilpr\u00e4gend. So auch die Protagonisten aus \u00abFAUST \u00b4n\u00b4 Roll\u00bb, die sich wohlf\u00fchlen in diesen wunderbaren Kost\u00fcmen. Genau wie das Spiel mit den Zeitebenen, ergeben sich auch gerade durch die Kost\u00fcme wunderbare Spr\u00fcnge durch die von Goethe angestammte Rollenwelt.<\/p>\n<p>Das digitale B\u00fchnenbild verst\u00e4rkt die Wirkung des Dargebotenen, hilft dabei, auf Pyrotechnik zu verzichten und vermengt geschickt multimediale mit realen Effekten \u2013 es verleiht jeder Szene eine besondere Tiefe. Zwei LED-W\u00e4nde, die je nach Szene zu einer einzigen kombiniert werden k\u00f6nnen, dienen als Kulisse und Pfeiler des B\u00fchnenbildes.<\/p>\n<p>Die Darsteller von \u00abFAUST \u00b4n\u00b4 Roll\u00bb sind durch die Bank Vollprofis im Musical-Business und die B\u00fchnenmusiker eine hochprofessionelle Live-Band, die sanfte Rock-Balladen genauso mitrei\u00dfend spielt, wie zum Tanz animierende Pop-Songs und bombastische Stadion-Rock-Hymnen.<\/p>\n<p>Mit Witz und Charme, Ohrw\u00fcrmern und Gassenhauern, Special Effects und gro\u00dfer Schauspiel- und Sangeskunst hat \u00abFAUST \u00b4n\u00b4 Roll\u00bb dem Klassiker als \u00abRocktheater nach Goethe\u00bb neues Leben eingehaucht und wird auch noch viele kommende Generationen f\u00fcr diesen zeitlosen Stoff begeistern.<\/p>","protected":false},"excerpt":{"rendered":"<p>Get your tickets here now!<\/p>","protected":false},"featured_media":46549,"template":"","meta":{"_acf_changed":false,"inline_featured_image":false},"product_brand":[],"product_cat":[31,430,86,64,35,6730,21,58],"product_tag":[941,6178,942,951,968,943,963,944,6179,958,947,948],"class_list":{"0":"post-46546","1":"product","2":"type-product","3":"status-publish","4":"has-post-thumbnail","6":"product_cat-events","7":"product_cat-kupfersaal","8":"product_cat-leipzig","9":"product_cat-musical-show","10":"product_cat-orte","11":"product_cat-show","12":"product_cat-ticket","13":"product_cat-veranstaltung","14":"product_tag-events","15":"product_tag-faustnroll","16":"product_tag-konzert","17":"product_tag-kultur","18":"product_tag-kupfersaal","19":"product_tag-leipzig","20":"product_tag-musical","21":"product_tag-orte","22":"product_tag-rocktheater-nach-goethe-tour-2025","23":"product_tag-show","24":"product_tag-ticket","25":"product_tag-veranstaltung","26":"product_shipping_class-nur_paketversand","27":"pa_discount-normalpreis","28":"pa_preiskategorie-pk-i","29":"pa_preiskategorie-pk-ii","31":"first","32":"instock","33":"taxable","34":"shipping-taxable","35":"purchasable","36":"product-type-variable"},"group_of_quantity":0,"min_quantity":0,"max_quantity":"","exclude_order_quantity_value_rules":"no","exclude_category_quantity_rules":"no","combine_variations":"no","acf":[],"_links":{"self":[{"href":"https:\/\/arena-ticket.com\/en\/wp-json\/wp\/v2\/product\/46546","targetHints":{"allow":["GET"]}}],"collection":[{"href":"https:\/\/arena-ticket.com\/en\/wp-json\/wp\/v2\/product"}],"about":[{"href":"https:\/\/arena-ticket.com\/en\/wp-json\/wp\/v2\/types\/product"}],"wp:featuredmedia":[{"embeddable":true,"href":"https:\/\/arena-ticket.com\/en\/wp-json\/wp\/v2\/media\/46549"}],"wp:attachment":[{"href":"https:\/\/arena-ticket.com\/en\/wp-json\/wp\/v2\/media?parent=46546"}],"wp:term":[{"taxonomy":"product_brand","embeddable":true,"href":"https:\/\/arena-ticket.com\/en\/wp-json\/wp\/v2\/product_brand?post=46546"},{"taxonomy":"product_cat","embeddable":true,"href":"https:\/\/arena-ticket.com\/en\/wp-json\/wp\/v2\/product_cat?post=46546"},{"taxonomy":"product_tag","embeddable":true,"href":"https:\/\/arena-ticket.com\/en\/wp-json\/wp\/v2\/product_tag?post=46546"}],"curies":[{"name":"wp","href":"https:\/\/api.w.org\/{rel}","templated":true}]}}